{"id":991,"date":"2025-10-20T23:33:20","date_gmt":"2025-10-20T23:33:20","guid":{"rendered":"https:\/\/softsrl.mx\/?page_id=991"},"modified":"2025-11-18T17:17:29","modified_gmt":"2025-11-18T17:17:29","slug":"installation-guides","status":"publish","type":"page","link":"https:\/\/softsrl.mx\/es\/installation-guides\/","title":{"rendered":"Gu\u00edas de instalaci\u00f3n"},"content":{"rendered":"<div data-elementor-type=\"wp-page\" data-elementor-id=\"991\" class=\"elementor elementor-991\">\n\t\t\t\t<div class=\"elementor-element elementor-element-b07d332 e-flex e-con-boxed e-con e-parent\" data-id=\"b07d332\" data-element_type=\"container\" data-e-type=\"container\">\n\t\t\t\t\t<div class=\"e-con-inner\">\n\t\t\t\t<div class=\"elementor-element elementor-element-9af0987 elementor-widget elementor-widget-text-editor\" data-id=\"9af0987\" data-element_type=\"widget\" data-e-type=\"widget\" data-widget_type=\"text-editor.default\">\n\t\t\t\t\t\t\t\t\t<p data-start=\"0\" data-end=\"51\"><strong data-start=\"0\" data-end=\"49\">\ud83d\udda5\ufe0f Windows 10 \/ 11 Pro \u2013 Gu\u00eda de instalaci\u00f3n<\/strong><\/p><ol data-start=\"53\" data-end=\"757\"><li data-start=\"53\" data-end=\"296\"><p data-start=\"56\" data-end=\"296\">Revise su <strong data-start=\"66\" data-end=\"106\">bandeja de entrada y carpeta de spam<\/strong>.<br data-start=\"107\" data-end=\"110\" \/>Recibir\u00e1 su <strong data-start=\"125\" data-end=\"146\">clave de licencia<\/strong> y un <strong data-start=\"152\" data-end=\"174\">enlace de descarga<\/strong> de nuestra parte.<br data-start=\"192\" data-end=\"195\" \/>Siempre utilice el enlace que le proporcionamos para garantizar una versi\u00f3n segura y verificada.<\/p><\/li><li data-start=\"298\" data-end=\"406\"><p data-start=\"301\" data-end=\"406\"><strong data-start=\"301\" data-end=\"340\">Descargue el archivo ISO de Windows<\/strong> desde el enlace que le enviamos.<br data-start=\"373\" data-end=\"376\" \/>Gu\u00e1rdelo en su ordenador.<\/p><\/li><li data-start=\"408\" data-end=\"512\"><p data-start=\"411\" data-end=\"512\">Ejecute la instalaci\u00f3n y seleccione <strong data-start=\"447\" data-end=\"467\">\u201cInstalar ahora\u201d<\/strong>, luego siga las instrucciones en pantalla.<\/p><\/li><li data-start=\"514\" data-end=\"600\"><p data-start=\"517\" data-end=\"600\">Cuando se le solicite una clave, <strong data-start=\"550\" data-end=\"576\">introduzca la licencia<\/strong> que le hemos enviado.<\/p><\/li><li data-start=\"602\" data-end=\"757\"><p data-start=\"605\" data-end=\"626\"><strong data-start=\"605\" data-end=\"624\">Active Windows:<\/strong><\/p><ul data-start=\"630\" data-end=\"757\"><li data-start=\"630\" data-end=\"680\"><p data-start=\"632\" data-end=\"680\">Vaya a <em data-start=\"639\" data-end=\"677\">Configuraci\u00f3n \u2192 Sistema \u2192 Activaci\u00f3n<\/em>.<\/p><\/li><li data-start=\"684\" data-end=\"757\"><p data-start=\"686\" data-end=\"757\">Introduzca su clave de producto si no lo hizo durante la instalaci\u00f3n.<\/p><\/li><\/ul><\/li><\/ol><p data-start=\"759\" data-end=\"837\">\u2705 \u00a1Listo! Su copia de Windows est\u00e1 completamente activada y lista para usar.<\/p><hr data-start=\"839\" data-end=\"842\" \/><p data-start=\"844\" data-end=\"911\"><strong data-start=\"844\" data-end=\"909\">\ud83d\udcbc Office 2021 \/ 2024 Professional Plus \u2013 Gu\u00eda de instalaci\u00f3n<\/strong><\/p><ol data-start=\"913\" data-end=\"1680\"><li data-start=\"913\" data-end=\"1114\"><p data-start=\"916\" data-end=\"1114\">Revise su <strong data-start=\"926\" data-end=\"954\">correo y carpeta de spam<\/strong>.<br data-start=\"955\" data-end=\"958\" \/>Recibir\u00e1 su <strong data-start=\"973\" data-end=\"994\">clave de licencia<\/strong> y un <strong data-start=\"1000\" data-end=\"1029\">enlace de descarga seguro<\/strong>.<br data-start=\"1030\" data-end=\"1033\" \/>Use siempre nuestro enlace para obtener el instalador correcto y verificado.<\/p><\/li><li data-start=\"1116\" data-end=\"1263\"><p data-start=\"1119\" data-end=\"1263\"><strong data-start=\"1119\" data-end=\"1146\">Descargue el instalador<\/strong> desde nuestro enlace.<br data-start=\"1168\" data-end=\"1171\" \/>Guarde el archivo en su ordenador y, si est\u00e1 en un archivo ZIP, <strong data-start=\"1238\" data-end=\"1260\">extr\u00e1igalo primero<\/strong>.<\/p><\/li><li data-start=\"1265\" data-end=\"1415\"><p data-start=\"1268\" data-end=\"1415\">Ejecute el archivo de instalaci\u00f3n (<strong data-start=\"1303\" data-end=\"1316\">Setup.exe<\/strong> o <strong data-start=\"1319\" data-end=\"1338\">OfficeSetup.exe<\/strong>).<br data-start=\"1340\" data-end=\"1343\" \/>Espere a que se complete el proceso (puede tardar algunos minutos).<\/p><\/li><li data-start=\"1417\" data-end=\"1617\"><p data-start=\"1420\" data-end=\"1440\"><strong data-start=\"1420\" data-end=\"1438\">Active Office:<\/strong><\/p><ul data-start=\"1444\" data-end=\"1617\"><li data-start=\"1444\" data-end=\"1489\"><p data-start=\"1446\" data-end=\"1489\">Abra cualquier aplicaci\u00f3n (Word o Excel).<\/p><\/li><li data-start=\"1493\" data-end=\"1552\"><p data-start=\"1495\" data-end=\"1552\">Si se le pide una clave, introduzca la que le enviamos.<\/p><\/li><li data-start=\"1556\" data-end=\"1617\"><p data-start=\"1558\" data-end=\"1617\">Espere unos segundos hasta que la activaci\u00f3n se complete.<\/p><\/li><\/ul><\/li><li data-start=\"1619\" data-end=\"1680\"><p data-start=\"1622\" data-end=\"1680\"><strong data-start=\"1622\" data-end=\"1647\">Reinicie su ordenador<\/strong> para finalizar la instalaci\u00f3n.<\/p><\/li><\/ol><p data-start=\"1682\" data-end=\"1757\">\u2705 \u00a1Ahora puede usar Word, Excel, PowerPoint, Outlook, Access y mucho m\u00e1s!<\/p><hr data-start=\"1759\" data-end=\"1762\" \/><p data-start=\"1764\" data-end=\"1867\"><strong data-start=\"1764\" data-end=\"1811\">\ud83c\udfa8 Productos gr\u00e1ficos \u2013 Gu\u00eda de instalaci\u00f3n<\/strong><br data-start=\"1811\" data-end=\"1814\" \/><em data-start=\"1814\" data-end=\"1865\">(Photoshop, Illustrator, InDesign, Acrobat, etc.)<\/em><\/p><ol data-start=\"1869\" data-end=\"2676\"><li data-start=\"1869\" data-end=\"2069\"><p data-start=\"1872\" data-end=\"2069\">Revise su <strong data-start=\"1882\" data-end=\"1922\">bandeja de entrada y carpeta de spam<\/strong>.<br data-start=\"1923\" data-end=\"1926\" \/>Recibir\u00e1 su <strong data-start=\"1941\" data-end=\"1963\">c\u00f3digo de licencia<\/strong> y <strong data-start=\"1966\" data-end=\"1988\">enlace de descarga<\/strong>.<br data-start=\"1989\" data-end=\"1992\" \/>Descargue siempre desde nuestro enlace para obtener la versi\u00f3n correcta.<\/p><\/li><li data-start=\"2071\" data-end=\"2158\"><p data-start=\"2074\" data-end=\"2158\"><strong data-start=\"2074\" data-end=\"2113\">Descargue el archivo de instalaci\u00f3n<\/strong> y extr\u00e1igalo si est\u00e1 en formato ZIP o RAR.<\/p><\/li><li data-start=\"2160\" data-end=\"2293\"><p data-start=\"2163\" data-end=\"2187\">Ejecute el instalador:<\/p><ul data-start=\"2191\" data-end=\"2293\"><li data-start=\"2191\" data-end=\"2242\"><p data-start=\"2193\" data-end=\"2242\">Haga doble clic en el archivo de configuraci\u00f3n.<\/p><\/li><li data-start=\"2246\" data-end=\"2293\"><p data-start=\"2248\" data-end=\"2293\">Si se le pide permiso, haga clic en <strong data-start=\"2284\" data-end=\"2290\">S\u00ed<\/strong>.<\/p><\/li><\/ul><\/li><li data-start=\"2295\" data-end=\"2419\"><p data-start=\"2298\" data-end=\"2323\">Durante la instalaci\u00f3n:<\/p><ul data-start=\"2327\" data-end=\"2419\"><li data-start=\"2327\" data-end=\"2374\"><p data-start=\"2329\" data-end=\"2374\">Elija su <strong data-start=\"2338\" data-end=\"2371\">idioma y ubicaci\u00f3n preferidos<\/strong>.<\/p><\/li><li data-start=\"2378\" data-end=\"2419\"><p data-start=\"2380\" data-end=\"2419\">Espere a que finalice la instalaci\u00f3n.<\/p><\/li><\/ul><\/li><li data-start=\"2421\" data-end=\"2676\"><p data-start=\"2424\" data-end=\"2441\"><strong data-start=\"2424\" data-end=\"2439\">Activaci\u00f3n:<\/strong><\/p><ul data-start=\"2445\" data-end=\"2676\"><li data-start=\"2445\" data-end=\"2466\"><p data-start=\"2447\" data-end=\"2466\">Abra el programa.<\/p><\/li><li data-start=\"2470\" data-end=\"2551\"><p data-start=\"2472\" data-end=\"2551\">Si se le solicita, introduzca la <strong data-start=\"2505\" data-end=\"2532\">clave o n\u00famero de serie<\/strong> que le enviamos.<\/p><\/li><li data-start=\"2555\" data-end=\"2624\"><p data-start=\"2557\" data-end=\"2624\"><strong data-start=\"2557\" data-end=\"2595\">No inicie sesi\u00f3n en Creative Cloud<\/strong> a menos que se le indique.<\/p><\/li><li data-start=\"2628\" data-end=\"2676\"><p data-start=\"2630\" data-end=\"2676\">Una vez activado, puede usarlo sin conexi\u00f3n.<\/p><\/li><\/ul><\/li><\/ol><p data-start=\"2678\" data-end=\"2725\">\u2705 \u00a1Su software de Adobe est\u00e1 listo para usar!<\/p><hr data-start=\"2727\" data-end=\"2730\" \/><p data-start=\"2732\" data-end=\"2786\"><strong data-start=\"2732\" data-end=\"2784\">\u26a0\ufe0f Consejos importantes para todos los productos<\/strong><\/p><ul data-start=\"2788\" data-end=\"3175\"><li data-start=\"2788\" data-end=\"2888\"><p data-start=\"2790\" data-end=\"2888\">Use siempre <strong data-start=\"2802\" data-end=\"2851\">los enlaces de descarga que le proporcionamos<\/strong> \u2014 est\u00e1n verificados y son seguros.<\/p><\/li><li data-start=\"2889\" data-end=\"2977\"><p data-start=\"2891\" data-end=\"2977\">Revise su <strong data-start=\"2901\" data-end=\"2938\">carpeta de spam\/correo no deseado<\/strong> si no recibe el correo en unos d\u00edas.<\/p><\/li><li data-start=\"2978\" data-end=\"3062\"><p data-start=\"2980\" data-end=\"3062\">Guarde su <strong data-start=\"2990\" data-end=\"3030\">clave de licencia en un lugar seguro<\/strong> para futuras reinstalaciones.<\/p><\/li><li data-start=\"3063\" data-end=\"3175\"><p data-start=\"3065\" data-end=\"3175\">Si tiene alg\u00fan problema, <strong data-start=\"3090\" data-end=\"3122\">contacte con nuestro soporte<\/strong> \u2014 le ayudaremos a activar su producto r\u00e1pidamente.<\/p><\/li><\/ul><p data-start=\"3177\" data-end=\"3215\" data-is-last-node=\"\" data-is-only-node=\"\">\ud83d\udce7 <strong data-start=\"3180\" data-end=\"3192\">Soporte:<\/strong> <a class=\"decorated-link cursor-pointer\" rel=\"noopener\" data-start=\"3193\" data-end=\"3215\" data-is-last-node=\"\">softlite.srl@gmail.com<\/a><\/p>\t\t\t\t\t\t\t\t<\/div>\n\t\t\t\t\t<\/div>\n\t\t\t\t<\/div>\n\t\t\t\t<\/div>","protected":false},"excerpt":{"rendered":"<p>\ud83d\udda5\ufe0f Windows 10 \/ 11 Pro \u2013 Gu\u00eda de instalaci\u00f3n Revise su bandeja de entrada y carpeta de spam.Recibir\u00e1 su clave de licencia y un enlace de descarga de nuestra parte.Siempre utilice el enlace que le proporcionamos para garantizar una versi\u00f3n segura y verificada. Descargue el archivo ISO de Windows desde el enlace que le [&hellip;]<\/p>\n","protected":false},"author":1,"featured_media":0,"parent":0,"menu_order":0,"comment_status":"closed","ping_status":"closed","template":"","meta":{"footnotes":""},"class_list":["post-991","page","type-page","status-publish","hentry"],"blocksy_meta":[],"_links":{"self":[{"href":"https:\/\/softsrl.mx\/es\/wp-json\/wp\/v2\/pages\/991","targetHints":{"allow":["GET"]}}],"collection":[{"href":"https:\/\/softsrl.mx\/es\/wp-json\/wp\/v2\/pages"}],"about":[{"href":"https:\/\/softsrl.mx\/es\/wp-json\/wp\/v2\/types\/page"}],"author":[{"embeddable":true,"href":"https:\/\/softsrl.mx\/es\/wp-json\/wp\/v2\/users\/1"}],"replies":[{"embeddable":true,"href":"https:\/\/softsrl.mx\/es\/wp-json\/wp\/v2\/comments?post=991"}],"version-history":[{"count":8,"href":"https:\/\/softsrl.mx\/es\/wp-json\/wp\/v2\/pages\/991\/revisions"}],"predecessor-version":[{"id":1358,"href":"https:\/\/softsrl.mx\/es\/wp-json\/wp\/v2\/pages\/991\/revisions\/1358"}],"wp:attachment":[{"href":"https:\/\/softsrl.mx\/es\/wp-json\/wp\/v2\/media?parent=991"}],"curies":[{"name":"wp","href":"https:\/\/api.w.org\/{rel}","templated":true}]}}