{"id":1212,"date":"2025-11-06T17:27:39","date_gmt":"2025-11-06T17:27:39","guid":{"rendered":"https:\/\/softsrl.mx\/?post_type=product&#038;p=1212"},"modified":"2025-11-12T15:59:29","modified_gmt":"2025-11-12T15:59:29","slug":"windows-10-home","status":"publish","type":"product","link":"https:\/\/softsrl.mx\/es\/producto\/windows-10-home\/","title":{"rendered":"Windows 10 Home"},"content":{"rendered":"<h6 class=\"sr-only\"><\/h6>\n<div class=\"text-base my-auto mx-auto pb-10 [--thread-content-margin:--spacing(4)] thread-sm:[--thread-content-margin:--spacing(6)] thread-lg:[--thread-content-margin:--spacing(16)] px-(--thread-content-margin)\">\n<div class=\"[--thread-content-max-width:40rem] thread-lg:[--thread-content-max-width:48rem] mx-auto max-w-(--thread-content-max-width) flex-1 group\/turn-messages focus-visible:outline-hidden relative flex w-full min-w-0 flex-col agent-turn\" tabindex=\"-1\">\n<div class=\"flex max-w-full flex-col grow\">\n<div class=\"min-h-8 text-message relative flex w-full flex-col items-end gap-2 text-start break-words whitespace-normal [.text-message+&amp;]:mt-1\" dir=\"auto\" data-message-author-role=\"assistant\" data-message-id=\"0c93fab3-6980-475d-a389-49eb257d19f7\" data-message-model-slug=\"gpt-5\">\n<div class=\"flex w-full flex-col gap-1 empty:hidden first:pt-[1px]\">\n<div class=\"markdown prose dark:prose-invert w-full break-words dark markdown-new-styling\">\n<p data-start=\"0\" data-end=\"82\">\ud83d\udcbb <strong data-start=\"3\" data-end=\"80\">Windows 10 Home \u2013 Sistema Operativo R\u00e1pido, Seguro e Intuitivo para Todos<\/strong><\/p>\n<p data-start=\"84\" data-end=\"504\"><strong data-start=\"84\" data-end=\"103\">Windows 10 Home<\/strong> es un sistema operativo moderno, potente y f\u00e1cil de usar que ofrece el equilibrio perfecto entre rendimiento, simplicidad y seguridad.<br data-start=\"238\" data-end=\"241\" \/>Dise\u00f1ado para satisfacer las necesidades de los usuarios actuales \u2014 desde hogares hasta oficinas dom\u00e9sticas \u2014 combina lo mejor de las versiones anteriores de Windows con <strong data-start=\"411\" data-end=\"441\">nuevas funciones y mejoras<\/strong> que aumentan la productividad, la comodidad y la protecci\u00f3n.<\/p>\n<p data-start=\"506\" data-end=\"858\">Con <strong data-start=\"510\" data-end=\"529\">Windows 10 Home<\/strong>, obtienes un sistema que se inicia en segundos, funciona con fluidez y est\u00e1 listo para todas tus actividades diarias: navegar por Internet, ver pel\u00edculas, jugar, trabajar con documentos o administrar fotos.<br data-start=\"736\" data-end=\"739\" \/>Gracias a su <strong data-start=\"752\" data-end=\"777\">amplia compatibilidad<\/strong>, funciona sin problemas con miles de aplicaciones, perif\u00e9ricos y dispositivos.<\/p>\n<p data-start=\"860\" data-end=\"1134\">La <strong data-start=\"863\" data-end=\"876\">seguridad<\/strong> es una prioridad. <strong data-start=\"895\" data-end=\"915\">Windows Defender<\/strong> integrado ofrece protecci\u00f3n en tiempo real contra virus, malware y amenazas en l\u00ednea, mientras que las <strong data-start=\"1019\" data-end=\"1050\">actualizaciones autom\u00e1ticas<\/strong> garantizan que siempre dispongas de las \u00faltimas funciones y parches de seguridad.<\/p>\n<p data-start=\"1136\" data-end=\"1414\">El sistema tambi\u00e9n incluye herramientas inteligentes como <strong data-start=\"1194\" data-end=\"1205\">Cortana<\/strong>, tu asistente personal para gestionar tareas e informaci\u00f3n; <strong data-start=\"1266\" data-end=\"1284\">Microsoft Edge<\/strong>, el navegador web r\u00e1pido y seguro; y <strong data-start=\"1322\" data-end=\"1334\">OneDrive<\/strong>, para un almacenamiento en la nube y sincronizaci\u00f3n de archivos sin esfuerzo.<\/p>\n<p data-start=\"1416\" data-end=\"1678\"><strong data-start=\"1416\" data-end=\"1435\">Windows 10 Home<\/strong> es la elecci\u00f3n ideal para quienes buscan un sistema estable, confiable y f\u00e1cil de usar en su d\u00eda a d\u00eda.<br data-start=\"1539\" data-end=\"1542\" \/>Ofrece todo lo que necesitas: funcionamiento fluido, protecci\u00f3n s\u00f3lida y opciones de personalizaci\u00f3n adaptadas a tu estilo de trabajo.<\/p>\n<\/div>\n<\/div>\n<\/div>\n<\/div>\n<\/div>\n<\/div>\n","protected":false},"excerpt":{"rendered":"<p data-start=\"1685\" data-end=\"2463\">\ud83d\udca0 <strong data-start=\"1688\" data-end=\"1714\">Interfaz f\u00e1cil de usar<\/strong> \u2013 dise\u00f1o moderno y limpio, intuitivo y familiar<br data-start=\"1762\" data-end=\"1765\" \/>\u26a1 <strong data-start=\"1767\" data-end=\"1799\">Alto rendimiento y velocidad<\/strong> \u2013 inicio instant\u00e1neo, multitarea fluida y funcionamiento eficiente<br data-start=\"1866\" data-end=\"1869\" \/>\ud83d\udd12 <strong data-start=\"1872\" data-end=\"1892\">M\u00e1xima seguridad<\/strong> \u2013 Windows Defender integrado y actualizaciones autom\u00e1ticas continuas<br data-start=\"1961\" data-end=\"1964\" \/>\ud83e\udde9 <strong data-start=\"1967\" data-end=\"1992\">Amplia compatibilidad<\/strong> \u2013 funciona perfectamente con aplicaciones, controladores, juegos y perif\u00e9ricos<br data-start=\"2071\" data-end=\"2074\" data-is-only-node=\"\" \/>\ud83c\udfe0 <strong data-start=\"2077\" data-end=\"2103\">Perfecto para el hogar<\/strong> \u2013 combina simplicidad, estabilidad y comodidad diaria<br data-start=\"2157\" data-end=\"2160\" \/>\u2601\ufe0f <strong data-start=\"2163\" data-end=\"2192\">Integraci\u00f3n con Microsoft<\/strong> \u2013 OneDrive, Office, Outlook y Edge conectados de forma nativa<br data-start=\"2254\" data-end=\"2257\" \/>\ud83e\udde0 <strong data-start=\"2260\" data-end=\"2286\">Funciones inteligentes<\/strong> \u2013 Cortana te ayuda a organizar tareas, buscar y programar actividades<br data-start=\"2356\" data-end=\"2359\" \/>\ud83c\udfae <strong data-start=\"2362\" data-end=\"2408\">Equilibrio entre trabajo y entretenimiento<\/strong> \u2013 ideal tanto para productividad como para diversi\u00f3n<\/p>","protected":false},"featured_media":1242,"comment_status":"open","ping_status":"closed","template":"","meta":[],"product_brand":[],"product_cat":[15],"product_tag":[],"class_list":{"0":"post-1212","1":"product","2":"type-product","3":"status-publish","4":"has-post-thumbnail","6":"product_cat-sistemas-operativos","8":"first","9":"instock","10":"sale","11":"shipping-taxable","12":"purchasable","13":"product-type-simple"},"_links":{"self":[{"href":"https:\/\/softsrl.mx\/es\/wp-json\/wp\/v2\/product\/1212","targetHints":{"allow":["GET"]}}],"collection":[{"href":"https:\/\/softsrl.mx\/es\/wp-json\/wp\/v2\/product"}],"about":[{"href":"https:\/\/softsrl.mx\/es\/wp-json\/wp\/v2\/types\/product"}],"replies":[{"embeddable":true,"href":"https:\/\/softsrl.mx\/es\/wp-json\/wp\/v2\/comments?post=1212"}],"wp:featuredmedia":[{"embeddable":true,"href":"https:\/\/softsrl.mx\/es\/wp-json\/wp\/v2\/media\/1242"}],"wp:attachment":[{"href":"https:\/\/softsrl.mx\/es\/wp-json\/wp\/v2\/media?parent=1212"}],"wp:term":[{"taxonomy":"product_brand","embeddable":true,"href":"https:\/\/softsrl.mx\/es\/wp-json\/wp\/v2\/product_brand?post=1212"},{"taxonomy":"product_cat","embeddable":true,"href":"https:\/\/softsrl.mx\/es\/wp-json\/wp\/v2\/product_cat?post=1212"},{"taxonomy":"product_tag","embeddable":true,"href":"https:\/\/softsrl.mx\/es\/wp-json\/wp\/v2\/product_tag?post=1212"}],"curies":[{"name":"wp","href":"https:\/\/api.w.org\/{rel}","templated":true}]}}