{"id":1276,"date":"2025-11-06T17:27:53","date_gmt":"2025-11-06T17:27:53","guid":{"rendered":"https:\/\/softsrl.mx\/?post_type=product&#038;p=1276"},"modified":"2026-03-30T15:23:30","modified_gmt":"2026-03-30T15:23:30","slug":"photoshop-2025-windows","status":"publish","type":"product","link":"https:\/\/softsrl.mx\/es\/producto\/photoshop-2025-windows\/","title":{"rendered":"Photoshop 2025 &#8211; Windows I"},"content":{"rendered":"<p data-start=\"0\" data-end=\"65\"><strong data-start=\"0\" data-end=\"31\">\ud83d\udcbb Photoshop 2025 | Windows<\/strong><br data-start=\"31\" data-end=\"34\" \/><strong data-start=\"34\" data-end=\"63\">Descripci\u00f3n del producto:<\/strong><\/p>\n<p data-start=\"67\" data-end=\"498\">El nuevo <strong data-start=\"76\" data-end=\"94\">Photoshop 2025<\/strong> ofrece un entorno a\u00fan m\u00e1s <strong data-start=\"121\" data-end=\"144\">potente e intuitivo<\/strong> para la <strong data-start=\"153\" data-end=\"225\">edici\u00f3n de fotos, el dise\u00f1o gr\u00e1fico y la creaci\u00f3n visual profesional<\/strong>.<br data-start=\"226\" data-end=\"229\" \/>Basado en su reconocida trayectoria de <strong data-start=\"268\" data-end=\"304\">calidad, estabilidad y precisi\u00f3n<\/strong>, esta versi\u00f3n se mantiene como una <strong data-start=\"340\" data-end=\"364\">herramienta esencial<\/strong> para todos los que trabajan con im\u00e1genes \u2014 desde <strong data-start=\"414\" data-end=\"442\">fot\u00f3grafos y dise\u00f1adores<\/strong> hasta <strong data-start=\"449\" data-end=\"495\">especialistas en marketing y creadores web<\/strong>.<\/p>\n<p data-start=\"500\" data-end=\"939\">La interfaz redise\u00f1ada es <strong data-start=\"526\" data-end=\"552\">limpia y f\u00e1cil de usar<\/strong>, brindando acceso r\u00e1pido a todas las funciones sin complejidad innecesaria.<br data-start=\"628\" data-end=\"631\" \/>Los usuarios apreciar\u00e1n su <strong data-start=\"658\" data-end=\"696\">respuesta \u00e1gil, estabilidad s\u00f3lida<\/strong> y <strong data-start=\"699\" data-end=\"721\">rendimiento fluido<\/strong>, incluso al trabajar con <strong data-start=\"747\" data-end=\"789\">proyectos grandes y de alta resoluci\u00f3n<\/strong>.<br data-start=\"790\" data-end=\"793\" \/>Las nuevas herramientas de <strong data-start=\"820\" data-end=\"869\">retoque, gesti\u00f3n de capas y efectos avanzados<\/strong> proporcionan un <strong data-start=\"886\" data-end=\"923\">control m\u00e1ximo sobre cada detalle<\/strong> de la imagen.<\/p>\n<p data-start=\"941\" data-end=\"1491\"><strong data-start=\"941\" data-end=\"959\">Photoshop 2025<\/strong> pone un fuerte \u00e9nfasis en la <strong data-start=\"989\" data-end=\"1020\">precisi\u00f3n y la flexibilidad<\/strong>: las <strong data-start=\"1026\" data-end=\"1104\">m\u00e1scaras de capa, ajustes de color, degradados, filtros y efectos de texto<\/strong> pueden combinarse libremente para crear un <strong data-start=\"1148\" data-end=\"1171\">estilo visual \u00fanico<\/strong>.<br data-start=\"1172\" data-end=\"1175\" \/>Gracias a su <strong data-start=\"1188\" data-end=\"1225\">amplia compatibilidad de formatos<\/strong>, integrar recursos de otras aplicaciones o dispositivos es simple y eficiente.<br data-start=\"1304\" data-end=\"1307\" \/>El programa es ideal para <strong data-start=\"1333\" data-end=\"1368\">flujos de trabajo profesionales<\/strong>, pero sigue siendo lo suficientemente <strong data-start=\"1407\" data-end=\"1439\" data-is-only-node=\"\">intuitivo para principiantes<\/strong> que buscan desarrollar sus habilidades creativas.<\/p>\n<p data-start=\"1493\" data-end=\"1945\">La amplia gama de <strong data-start=\"1511\" data-end=\"1548\">herramientas de edici\u00f3n y retoque<\/strong> hace que <strong data-start=\"1558\" data-end=\"1576\">Photoshop 2025<\/strong> sea perfecto para <strong data-start=\"1595\" data-end=\"1679\">edici\u00f3n de retratos, dise\u00f1o de banners, fotograf\u00eda de producto y pintura digital<\/strong>.<br data-start=\"1680\" data-end=\"1683\" \/>Puede ajustar con precisi\u00f3n el <strong data-start=\"1714\" data-end=\"1782\">contraste, la saturaci\u00f3n, la exposici\u00f3n y el equilibrio de color<\/strong>, manteniendo siempre un aspecto natural en sus fotograf\u00edas.<br data-start=\"1842\" data-end=\"1845\" \/>Los <strong data-start=\"1849\" data-end=\"1893\">motores mejorados de pinceles y texturas<\/strong> hacen que cada trazo se vea <strong data-start=\"1922\" data-end=\"1942\">realista y suave<\/strong>.<\/p>\n<p data-start=\"1947\" data-end=\"2219\">Otra gran ventaja es la posibilidad de <strong data-start=\"1986\" data-end=\"2038\">personalizar completamente el espacio de trabajo<\/strong> seg\u00fan sus necesidades: <strong data-start=\"2062\" data-end=\"2118\">disposici\u00f3n de paneles, interfaz y atajos de teclado<\/strong> pueden adaptarse a su flujo de trabajo, <strong data-start=\"2159\" data-end=\"2216\">aumentando la eficiencia y la velocidad de producci\u00f3n<\/strong>.<\/p>\n<p data-start=\"2221\" data-end=\"2512\">Para los profesionales, <strong data-start=\"2245\" data-end=\"2263\">Photoshop 2025<\/strong> tambi\u00e9n ofrece <strong data-start=\"2279\" data-end=\"2328\">opciones avanzadas de exportaci\u00f3n e impresi\u00f3n<\/strong>, brindando control total sobre los <strong data-start=\"2364\" data-end=\"2423\">perfiles de color, la resoluci\u00f3n y la calidad de salida<\/strong>, asegurando que cada proyecto cumpla con los <strong data-start=\"2469\" data-end=\"2509\">m\u00e1s altos est\u00e1ndares de la industria<\/strong>.<\/p>\n<p data-start=\"2514\" data-end=\"2785\">Ya sea que est\u00e9 <strong data-start=\"2530\" data-end=\"2562\">editando una sola fotograf\u00eda<\/strong>, <strong data-start=\"2564\" data-end=\"2607\">creando un dise\u00f1o publicitario complejo<\/strong> o <strong data-start=\"2610\" data-end=\"2662\">preparando material gr\u00e1fico listo para impresi\u00f3n<\/strong>, <strong data-start=\"2664\" data-end=\"2682\">Photoshop 2025<\/strong> le ofrece <strong data-start=\"2693\" data-end=\"2717\">todo lo que necesita<\/strong> \u2014 <strong data-start=\"2720\" data-end=\"2782\">precisi\u00f3n, rendimiento y libertad creativa sin compromisos<\/strong>.<\/p>","protected":false},"excerpt":{"rendered":"<p>\ud83c\udfa8 <strong data-start=\"2795\" data-end=\"2825\">Herramientas profesionales<\/strong> para edici\u00f3n y dise\u00f1o de im\u00e1genes \u2014 desde el retoque hasta la composici\u00f3n avanzada<br data-start=\"2908\" data-end=\"2911\" \/>\u26a1 <strong data-start=\"2913\" data-end=\"2945\">Rendimiento r\u00e1pido y estable<\/strong> \u2013 optimizado para flujos de trabajo exigentes y archivos de gran tama\u00f1o<br data-start=\"3017\" data-end=\"3020\" \/>\ud83e\udde9 <strong data-start=\"3023\" data-end=\"3063\">Gesti\u00f3n completa de capas y m\u00e1scaras<\/strong> \u2013 control m\u00e1ximo sobre la estructura del proyecto<br data-start=\"3113\" data-end=\"3116\" \/>\ud83d\udd8c\ufe0f <strong data-start=\"3120\" data-end=\"3161\">Efectos, filtros y pinceles avanzados<\/strong> \u2013 resultados realistas y naturales<br data-start=\"3196\" data-end=\"3199\" data-is-only-node=\"\" \/>\ud83d\udcbc <strong data-start=\"3202\" data-end=\"3250\">Espacio de trabajo flexible y personalizable<\/strong> \u2013 interfaz adaptable y configuraci\u00f3n de exportaci\u00f3n a su medida<\/p>","protected":false},"featured_media":1291,"comment_status":"open","ping_status":"closed","template":"","meta":[],"product_brand":[],"product_cat":[34],"product_tag":[],"class_list":{"0":"post-1276","1":"product","2":"type-product","3":"status-publish","4":"has-post-thumbnail","6":"product_cat-grafico","8":"first","9":"instock","10":"sale","11":"shipping-taxable","12":"purchasable","13":"product-type-simple"},"_links":{"self":[{"href":"https:\/\/softsrl.mx\/es\/wp-json\/wp\/v2\/product\/1276","targetHints":{"allow":["GET"]}}],"collection":[{"href":"https:\/\/softsrl.mx\/es\/wp-json\/wp\/v2\/product"}],"about":[{"href":"https:\/\/softsrl.mx\/es\/wp-json\/wp\/v2\/types\/product"}],"replies":[{"embeddable":true,"href":"https:\/\/softsrl.mx\/es\/wp-json\/wp\/v2\/comments?post=1276"}],"wp:featuredmedia":[{"embeddable":true,"href":"https:\/\/softsrl.mx\/es\/wp-json\/wp\/v2\/media\/1291"}],"wp:attachment":[{"href":"https:\/\/softsrl.mx\/es\/wp-json\/wp\/v2\/media?parent=1276"}],"wp:term":[{"taxonomy":"product_brand","embeddable":true,"href":"https:\/\/softsrl.mx\/es\/wp-json\/wp\/v2\/product_brand?post=1276"},{"taxonomy":"product_cat","embeddable":true,"href":"https:\/\/softsrl.mx\/es\/wp-json\/wp\/v2\/product_cat?post=1276"},{"taxonomy":"product_tag","embeddable":true,"href":"https:\/\/softsrl.mx\/es\/wp-json\/wp\/v2\/product_tag?post=1276"}],"curies":[{"name":"wp","href":"https:\/\/api.w.org\/{rel}","templated":true}]}}