{"id":1277,"date":"2025-11-06T17:27:53","date_gmt":"2025-11-06T17:27:53","guid":{"rendered":"https:\/\/softsrl.mx\/?post_type=product&#038;p=1277"},"modified":"2026-03-30T15:24:02","modified_gmt":"2026-03-30T15:24:02","slug":"illustrator-2025-windows-i-black-friday","status":"publish","type":"product","link":"https:\/\/softsrl.mx\/es\/producto\/illustrator-2025-windows-i-black-friday\/","title":{"rendered":"Illustrator 2025 &#8211; Windows"},"content":{"rendered":"<p data-start=\"0\" data-end=\"85\"><strong data-start=\"0\" data-end=\"83\">\ud83d\udcbc Illustrator 2025 | Windows \u2013 Herramienta Profesional de Gr\u00e1ficos Vectoriales<\/strong><\/p>\n<p data-start=\"87\" data-end=\"624\"><strong data-start=\"87\" data-end=\"116\">Descripci\u00f3n del producto:<\/strong><br data-start=\"116\" data-end=\"119\" \/>El nuevo <strong data-start=\"128\" data-end=\"148\">Illustrator 2025<\/strong> ofrece una <strong data-start=\"160\" data-end=\"200\">precisi\u00f3n y rendimiento inigualables<\/strong> en el mundo del dise\u00f1o vectorial.<br data-start=\"234\" data-end=\"237\" \/>Esta herramienta profesional est\u00e1 dise\u00f1ada para todos aquellos que desean <strong data-start=\"311\" data-end=\"394\">crear logotipos, iconos, ilustraciones, banners o materiales impresos perfectos<\/strong>, con <strong data-start=\"400\" data-end=\"465\">control absoluto sobre las formas, los colores y los detalles<\/strong>.<br data-start=\"466\" data-end=\"469\" \/>Gracias a su <strong data-start=\"482\" data-end=\"504\" data-is-only-node=\"\">interfaz intuitiva<\/strong> y <strong data-start=\"507\" data-end=\"533\">rendimiento optimizado<\/strong>, proporciona una experiencia fluida incluso al trabajar en <strong data-start=\"593\" data-end=\"621\">proyectos de gran escala<\/strong>.<\/p>\n<p data-start=\"626\" data-end=\"1046\">El programa se basa en los principios comprobados del <strong data-start=\"680\" data-end=\"700\">dise\u00f1o vectorial<\/strong>, donde cada elemento permanece perfectamente n\u00edtido sin importar el tama\u00f1o.<br data-start=\"776\" data-end=\"779\" \/>Las <strong data-start=\"783\" data-end=\"840\">herramientas para trabajar con trazos, nodos y curvas<\/strong> son ahora m\u00e1s precisas que nunca, permitiendo obtener resultados profesionales con facilidad.<br data-start=\"934\" data-end=\"937\" \/>Los usuarios apreciar\u00e1n su <strong data-start=\"964\" data-end=\"1003\">velocidad, estabilidad y fiabilidad<\/strong> al dise\u00f1ar proyectos gr\u00e1ficos complejos.<\/p>\n<p data-start=\"1048\" data-end=\"1466\">Una gran ventaja es la posibilidad de <strong data-start=\"1086\" data-end=\"1142\">combinar t\u00e9cnicas cl\u00e1sicas con herramientas modernas<\/strong> para trabajar con <strong data-start=\"1161\" data-end=\"1192\">tipograf\u00eda, color y efectos<\/strong>.<br data-start=\"1193\" data-end=\"1196\" \/>El nuevo <strong data-start=\"1205\" data-end=\"1236\">sistema de gesti\u00f3n de color<\/strong> garantiza que los resultados, tanto impresos como digitales, reflejen siempre el aspecto deseado.<br data-start=\"1334\" data-end=\"1337\" \/>Los <strong data-start=\"1341\" data-end=\"1402\">paneles mejorados de degradados, transparencia y s\u00edmbolos<\/strong> agilizan la creaci\u00f3n de <strong data-start=\"1427\" data-end=\"1463\">composiciones visuales complejas<\/strong>.<\/p>\n<p data-start=\"1468\" data-end=\"1788\">La interfaz es <strong data-start=\"1483\" data-end=\"1520\">clara y f\u00e1cilmente personalizable<\/strong> seg\u00fan las preferencias individuales.<br data-start=\"1557\" data-end=\"1560\" \/>Los usuarios pueden ajustar <strong data-start=\"1588\" data-end=\"1640\">paneles, espacios de trabajo y atajos de teclado<\/strong> de acuerdo con su flujo de trabajo \u2014 lo que <strong data-start=\"1685\" data-end=\"1713\">aumenta la productividad<\/strong> y permite centrarse plenamente en el proceso creativo sin distracciones.<\/p>\n<p data-start=\"1790\" data-end=\"2286\"><strong data-start=\"1790\" data-end=\"1810\">Illustrator 2025<\/strong> es ideal para <strong data-start=\"1825\" data-end=\"1913\">profesionales del dise\u00f1o gr\u00e1fico, la publicidad, la impresi\u00f3n y los medios digitales<\/strong>.<br data-start=\"1914\" data-end=\"1917\" \/>Permite una <strong data-start=\"1929\" data-end=\"1987\">exportaci\u00f3n sencilla a una amplia variedad de formatos<\/strong>, garantizando la compatibilidad de los archivos finales con <strong data-start=\"2048\" data-end=\"2107\">impresoras, plataformas web y otros programas de dise\u00f1o<\/strong>.<br data-start=\"2108\" data-end=\"2111\" \/>Gracias a su <strong data-start=\"2124\" data-end=\"2152\">precisi\u00f3n y flexibilidad<\/strong>, ofrece <strong data-start=\"2161\" data-end=\"2199\">posibilidades creativas ilimitadas<\/strong> \u2014 desde logotipos minimalistas hasta ilustraciones detalladas con efectos realistas.<\/p>\n<p data-start=\"2288\" data-end=\"2638\">El programa est\u00e1 <strong data-start=\"2305\" data-end=\"2344\">optimizado para un alto rendimiento<\/strong>, incluso al manejar proyectos grandes, asegurando un <strong data-start=\"2398\" data-end=\"2447\">funcionamiento fluido y un renderizado r\u00e1pido<\/strong> en dise\u00f1os complejos y con m\u00faltiples capas.<br data-start=\"2491\" data-end=\"2494\" \/>Esto lo hace adecuado tanto para <strong data-start=\"2527\" data-end=\"2544\">profesionales<\/strong> como para <strong data-start=\"2555\" data-end=\"2572\">principiantes<\/strong> que buscan desarrollar sus habilidades en gr\u00e1ficos vectoriales.<\/p>\n<p data-start=\"2640\" data-end=\"2854\">Ya sea que est\u00e9 dise\u00f1ando <strong data-start=\"2666\" data-end=\"2727\">identidades de marca, elementos web o materiales impresos<\/strong>, <strong data-start=\"2729\" data-end=\"2749\">Illustrator 2025<\/strong> le proporciona <strong data-start=\"2765\" data-end=\"2834\">todo lo necesario para lograr precisi\u00f3n, creatividad y fiabilidad<\/strong> en cada proyecto.<\/p>","protected":false},"excerpt":{"rendered":"<p>\u270f\ufe0f <strong data-start=\"2864\" data-end=\"2895\">Creaci\u00f3n vectorial avanzada<\/strong> \u2013 herramientas precisas para formas, curvas y trazos<br data-start=\"2948\" data-end=\"2951\" \/>\ud83c\udfaf <strong data-start=\"2954\" data-end=\"2988\">M\u00e1xima precisi\u00f3n y rendimiento<\/strong> \u2013 ideal para ilustraciones detalladas y proyectos a gran escala<br data-start=\"3052\" data-end=\"3055\" \/>\ud83c\udfa8 <strong data-start=\"3058\" data-end=\"3101\">Trabajo flexible con color y tipograf\u00eda<\/strong> \u2013 degradados, estilos y paletas de color precisas<br data-start=\"3151\" data-end=\"3154\" \/>\u2699\ufe0f <strong data-start=\"3157\" data-end=\"3183\">Interfaz f\u00e1cil de usar<\/strong> \u2013 totalmente personalizable para adaptarse a su flujo de trabajo<br data-start=\"3248\" data-end=\"3251\" data-is-only-node=\"\" \/>\ud83d\udca1 <strong data-start=\"3254\" data-end=\"3289\">Amplias opciones de exportaci\u00f3n<\/strong> \u2013 compatibilidad total con medios impresos y digitales<\/p>","protected":false},"featured_media":1292,"comment_status":"open","ping_status":"closed","template":"","meta":[],"product_brand":[],"product_cat":[34],"product_tag":[],"class_list":{"0":"post-1277","1":"product","2":"type-product","3":"status-publish","4":"has-post-thumbnail","6":"product_cat-grafico","8":"first","9":"instock","10":"sale","11":"shipping-taxable","12":"purchasable","13":"product-type-simple"},"_links":{"self":[{"href":"https:\/\/softsrl.mx\/es\/wp-json\/wp\/v2\/product\/1277","targetHints":{"allow":["GET"]}}],"collection":[{"href":"https:\/\/softsrl.mx\/es\/wp-json\/wp\/v2\/product"}],"about":[{"href":"https:\/\/softsrl.mx\/es\/wp-json\/wp\/v2\/types\/product"}],"replies":[{"embeddable":true,"href":"https:\/\/softsrl.mx\/es\/wp-json\/wp\/v2\/comments?post=1277"}],"wp:featuredmedia":[{"embeddable":true,"href":"https:\/\/softsrl.mx\/es\/wp-json\/wp\/v2\/media\/1292"}],"wp:attachment":[{"href":"https:\/\/softsrl.mx\/es\/wp-json\/wp\/v2\/media?parent=1277"}],"wp:term":[{"taxonomy":"product_brand","embeddable":true,"href":"https:\/\/softsrl.mx\/es\/wp-json\/wp\/v2\/product_brand?post=1277"},{"taxonomy":"product_cat","embeddable":true,"href":"https:\/\/softsrl.mx\/es\/wp-json\/wp\/v2\/product_cat?post=1277"},{"taxonomy":"product_tag","embeddable":true,"href":"https:\/\/softsrl.mx\/es\/wp-json\/wp\/v2\/product_tag?post=1277"}],"curies":[{"name":"wp","href":"https:\/\/api.w.org\/{rel}","templated":true}]}}