{"id":1280,"date":"2025-11-06T17:27:53","date_gmt":"2025-11-06T17:27:53","guid":{"rendered":"https:\/\/softsrl.mx\/?post_type=product&#038;p=1280"},"modified":"2026-03-30T15:19:04","modified_gmt":"2026-03-30T15:19:04","slug":"acrobat-2025-pro-windows-11-pro","status":"publish","type":"product","link":"https:\/\/softsrl.mx\/es\/producto\/acrobat-2025-pro-windows-11-pro\/","title":{"rendered":"Acrobat 2025 Pro + Windows 11 Pro"},"content":{"rendered":"<article class=\"text-token-text-primary w-full focus:outline-none [--shadow-height:45px] has-data-writing-block:pointer-events-none has-data-writing-block:-mt-(--shadow-height) has-data-writing-block:pt-(--shadow-height) [&amp;:has([data-writing-block])&gt;*]:pointer-events-auto [content-visibility:auto] supports-[content-visibility:auto]:[contain-intrinsic-size:auto_100lvh] scroll-mt-[calc(var(--header-height)+min(200px,max(70px,20svh)))]\" dir=\"auto\" tabindex=\"-1\" data-turn-id=\"request-WEB:521307fd-8e94-4ceb-bc80-a289ca5b3eb3-5\" data-testid=\"conversation-turn-12\" data-scroll-anchor=\"true\" data-turn=\"assistant\">\n<div class=\"text-base my-auto mx-auto pb-10 [--thread-content-margin:--spacing(4)] thread-sm:[--thread-content-margin:--spacing(6)] thread-lg:[--thread-content-margin:--spacing(16)] px-(--thread-content-margin)\">\n<div class=\"[--thread-content-max-width:40rem] thread-lg:[--thread-content-max-width:48rem] mx-auto max-w-(--thread-content-max-width) flex-1 group\/turn-messages focus-visible:outline-hidden relative flex w-full min-w-0 flex-col agent-turn\" tabindex=\"-1\">\n<div class=\"flex max-w-full flex-col grow\">\n<div class=\"min-h-8 text-message relative flex w-full flex-col items-end gap-2 text-start break-words whitespace-normal [.text-message+&amp;]:mt-1\" dir=\"auto\" data-message-author-role=\"assistant\" data-message-id=\"43803285-5b65-405e-8459-74662625a565\" data-message-model-slug=\"gpt-5\">\n<div class=\"flex w-full flex-col gap-1 empty:hidden first:pt-[1px]\">\n<div class=\"markdown prose dark:prose-invert w-full break-words dark markdown-new-styling\">\n<p data-start=\"0\" data-end=\"81\"><strong data-start=\"0\" data-end=\"79\">\ud83d\udcbc Acrobat Pro 2025 + Windows 11 Pro | Paquete de Productividad Profesional<\/strong><\/p>\n<p data-start=\"83\" data-end=\"441\">Experimente el equilibrio perfecto entre <strong data-start=\"124\" data-end=\"154\">productividad y fiabilidad<\/strong> con el paquete <strong data-start=\"170\" data-end=\"207\">Acrobat Pro 2025 + Windows 11 Pro<\/strong> \u2014 una combinaci\u00f3n profesional dise\u00f1ada para el trabajo moderno y la gesti\u00f3n eficiente de documentos.<br data-start=\"308\" data-end=\"311\" \/>Ideal para <strong data-start=\"322\" data-end=\"367\" data-is-only-node=\"\">oficinas, aut\u00f3nomos y usuarios dom\u00e9sticos<\/strong> que buscan un rendimiento fluido y una manipulaci\u00f3n segura de archivos.<\/p>\n<p data-start=\"443\" data-end=\"833\"><strong data-start=\"443\" data-end=\"463\">Acrobat Pro 2025<\/strong> ofrece todo lo que necesita para <strong data-start=\"497\" data-end=\"549\">crear, editar, convertir y firmar documentos PDF<\/strong> con precisi\u00f3n profesional.<br data-start=\"576\" data-end=\"579\" \/>Trabaje de forma eficiente con herramientas avanzadas de edici\u00f3n, <strong data-start=\"645\" data-end=\"690\">reconocimiento \u00f3ptico de caracteres (OCR)<\/strong> y soporte integrado para <strong data-start=\"716\" data-end=\"739\">firmas electr\u00f3nicas<\/strong>, manteniendo siempre la <strong data-start=\"764\" data-end=\"788\">compatibilidad total<\/strong> y el <strong data-start=\"794\" data-end=\"830\">formato exacto de los documentos<\/strong>.<\/p>\n<p data-start=\"835\" data-end=\"1157\"><strong data-start=\"835\" data-end=\"853\">Windows 11 Pro<\/strong> proporciona una <strong data-start=\"870\" data-end=\"899\">interfaz moderna y limpia<\/strong>, con <strong data-start=\"905\" data-end=\"958\">mayor seguridad, velocidad y capacidad multitarea<\/strong>.<br data-start=\"959\" data-end=\"962\" \/>Est\u00e1 dise\u00f1ado para <strong data-start=\"981\" data-end=\"1011\">maximizar la productividad<\/strong> gracias a sus <strong data-start=\"1026\" data-end=\"1059\">opciones avanzadas de gesti\u00f3n<\/strong>, <strong data-start=\"1061\" data-end=\"1078\">acceso remoto<\/strong> y <strong data-start=\"1081\" data-end=\"1111\">protecci\u00f3n s\u00f3lida de datos<\/strong> \u2014 el entorno ideal para un uso profesional.<\/p>\n<p data-start=\"1159\" data-end=\"1345\" data-is-last-node=\"\" data-is-only-node=\"\">Juntos, <strong data-start=\"1167\" data-end=\"1204\">Acrobat Pro 2025 + Windows 11 Pro<\/strong> forman una <strong data-start=\"1216\" data-end=\"1245\">suite potente y confiable<\/strong>, que combina una gesti\u00f3n avanzada de PDF con un <strong data-start=\"1294\" data-end=\"1344\">sistema operativo seguro y de alto rendimiento<\/strong>.<\/p>\n<\/div>\n<\/div>\n<\/div>\n<\/div>\n<div class=\"z-0 flex min-h-[46px] justify-start\"><\/div>\n<div class=\"mt-3 w-full empty:hidden\">\n<div class=\"text-center\"><\/div>\n<\/div>\n<\/div>\n<\/div>\n<\/article>\n<div class=\"pointer-events-none h-px w-px\" aria-hidden=\"true\" data-edge=\"true\"><\/div>\n","protected":false},"excerpt":{"rendered":"<p>\ud83d\udcc4 <strong>Acrobat Pro 2025<\/strong> \u2013 herramientas profesionales para <strong>crear, editar y gestionar archivos PDF<\/strong><br \/>\n\ud83d\udcbb <strong>Windows 11 Pro<\/strong> \u2013 r\u00e1pido, seguro y optimizado para <strong>entornos de trabajo profesionales<\/strong><br \/>\n\ud83e\udde9 <strong>Total compatibilidad<\/strong> con Microsoft Office y otras aplicaciones empresariales<br \/>\n\u2699\ufe0f <strong>Funciona sin conexi\u00f3n<\/strong>, sin suscripci\u00f3n ni activaci\u00f3n en l\u00ednea requerida<br \/>\n\ud83d\udce6 <strong>Entrega digital instant\u00e1nea<\/strong> y <strong>licencia de por vida<\/strong> para Windows<\/p>","protected":false},"featured_media":1295,"comment_status":"open","ping_status":"closed","template":"","meta":[],"product_brand":[],"product_cat":[34,35,15],"product_tag":[],"class_list":{"0":"post-1280","1":"product","2":"type-product","3":"status-publish","4":"has-post-thumbnail","6":"product_cat-grafico","7":"product_cat-ofertas-de-paquetes","8":"product_cat-sistemas-operativos","10":"first","11":"instock","12":"sale","13":"shipping-taxable","14":"purchasable","15":"product-type-simple"},"_links":{"self":[{"href":"https:\/\/softsrl.mx\/es\/wp-json\/wp\/v2\/product\/1280","targetHints":{"allow":["GET"]}}],"collection":[{"href":"https:\/\/softsrl.mx\/es\/wp-json\/wp\/v2\/product"}],"about":[{"href":"https:\/\/softsrl.mx\/es\/wp-json\/wp\/v2\/types\/product"}],"replies":[{"embeddable":true,"href":"https:\/\/softsrl.mx\/es\/wp-json\/wp\/v2\/comments?post=1280"}],"wp:featuredmedia":[{"embeddable":true,"href":"https:\/\/softsrl.mx\/es\/wp-json\/wp\/v2\/media\/1295"}],"wp:attachment":[{"href":"https:\/\/softsrl.mx\/es\/wp-json\/wp\/v2\/media?parent=1280"}],"wp:term":[{"taxonomy":"product_brand","embeddable":true,"href":"https:\/\/softsrl.mx\/es\/wp-json\/wp\/v2\/product_brand?post=1280"},{"taxonomy":"product_cat","embeddable":true,"href":"https:\/\/softsrl.mx\/es\/wp-json\/wp\/v2\/product_cat?post=1280"},{"taxonomy":"product_tag","embeddable":true,"href":"https:\/\/softsrl.mx\/es\/wp-json\/wp\/v2\/product_tag?post=1280"}],"curies":[{"name":"wp","href":"https:\/\/api.w.org\/{rel}","templated":true}]}}