{"id":1286,"date":"2025-11-06T17:27:53","date_gmt":"2025-11-06T17:27:53","guid":{"rendered":"https:\/\/softsrl.mx\/?post_type=product&#038;p=1286"},"modified":"2026-03-30T15:20:58","modified_gmt":"2026-03-30T15:20:58","slug":"lightroom-2025-i-windows-i-black-friday","status":"publish","type":"product","link":"https:\/\/softsrl.mx\/es\/producto\/lightroom-2025-i-windows-i-black-friday\/","title":{"rendered":"Lightroom 2025 I Windows"},"content":{"rendered":"<p data-start=\"0\" data-end=\"33\"><strong data-start=\"0\" data-end=\"31\">\ud83d\udcf8 Lightroom 2025 | Windows<\/strong><\/p>\n<p data-start=\"35\" data-end=\"541\"><strong data-start=\"35\" data-end=\"53\">Lightroom 2025<\/strong> es la versi\u00f3n m\u00e1s reciente de uno de los programas de <strong data-start=\"108\" data-end=\"157\">edici\u00f3n y gesti\u00f3n fotogr\u00e1fica m\u00e1s reconocidos<\/strong>, dise\u00f1ado especialmente para <strong data-start=\"187\" data-end=\"229\">fot\u00f3grafos profesionales y entusiastas<\/strong> que desean tener <strong data-start=\"247\" data-end=\"283\">control total sobre cada detalle<\/strong> de sus im\u00e1genes.<br data-start=\"300\" data-end=\"303\" \/>Es una herramienta integral que combina <strong data-start=\"343\" data-end=\"384\">potentes capacidades de procesamiento<\/strong> con una <strong data-start=\"393\" data-end=\"415\">interfaz intuitiva<\/strong>, ofreciendo un <strong data-start=\"431\" data-end=\"473\">rendimiento de primer nivel en Windows<\/strong> \u2014 completamente <strong data-start=\"490\" data-end=\"501\">offline<\/strong>, sin necesidad de conexi\u00f3n a la nube.<\/p>\n<p data-start=\"543\" data-end=\"1009\">La nueva edici\u00f3n introduce <strong data-start=\"570\" data-end=\"654\">mejoras significativas en velocidad, respuesta y previsualizaci\u00f3n en tiempo real<\/strong>.<br data-start=\"655\" data-end=\"658\" \/>Gracias a su <strong data-start=\"671\" data-end=\"708\">motor de procesamiento optimizado<\/strong> y a la <strong data-start=\"716\" data-end=\"748\">aceleraci\u00f3n avanzada por GPU<\/strong>, la edici\u00f3n de miles de fotograf\u00edas es ahora <strong data-start=\"794\" data-end=\"827\">m\u00e1s r\u00e1pida y fluida que nunca<\/strong>.<br data-start=\"828\" data-end=\"831\" \/><strong data-start=\"831\" data-end=\"849\" data-is-only-node=\"\">Lightroom 2025<\/strong> ofrece un control preciso sobre la <strong data-start=\"885\" data-end=\"939\">exposici\u00f3n, contraste, saturaci\u00f3n, nitidez y color<\/strong>, garantizando una <strong data-start=\"958\" data-end=\"983\">exactitud inigualable<\/strong> en cada detalle visual.<\/p>\n<p data-start=\"1011\" data-end=\"1460\">Su <strong data-start=\"1014\" data-end=\"1047\">interfaz moderna y ergon\u00f3mica<\/strong> es totalmente personalizable, permitiendo a los usuarios crear su <strong data-start=\"1114\" data-end=\"1142\">espacio de trabajo ideal<\/strong>.<br data-start=\"1143\" data-end=\"1146\" \/>Las <strong data-start=\"1150\" data-end=\"1183\">herramientas de edici\u00f3n local<\/strong> permiten realizar ajustes selectivos \u2014 perfectas para <strong data-start=\"1238\" data-end=\"1297\">retoques de retratos, fotograf\u00eda de producto o paisajes<\/strong>.<br data-start=\"1298\" data-end=\"1301\" \/>Un sistema avanzado de <strong data-start=\"1324\" data-end=\"1360\">gesti\u00f3n de cat\u00e1logos y metadatos<\/strong> garantiza una organizaci\u00f3n completa, incluso en bibliotecas con <strong data-start=\"1425\" data-end=\"1457\">decenas de miles de im\u00e1genes<\/strong>.<\/p>\n<p data-start=\"1462\" data-end=\"1814\">El programa es compatible con <strong data-start=\"1492\" data-end=\"1526\">todos los formatos principales<\/strong>, incluidos <strong data-start=\"1538\" data-end=\"1568\">RAW, JPEG, TIFF, PNG y PSD<\/strong>, mientras que la exportaci\u00f3n a <strong data-start=\"1600\" data-end=\"1620\">JPEG, TIFF o DNG<\/strong> mantiene la <strong data-start=\"1633\" data-end=\"1661\">m\u00e1xima calidad y detalle<\/strong> de la imagen.<br data-start=\"1675\" data-end=\"1678\" \/>El <strong data-start=\"1681\" data-end=\"1715\">m\u00f3dulo de exportaci\u00f3n mejorado<\/strong> facilita la preparaci\u00f3n de fotos para <strong data-start=\"1754\" data-end=\"1811\" data-is-only-node=\"\">publicaci\u00f3n online, impresi\u00f3n profesional o archivado<\/strong>.<\/p>\n<p data-start=\"1816\" data-end=\"2217\"><strong data-start=\"1816\" data-end=\"1834\">Lightroom 2025<\/strong> es la soluci\u00f3n perfecta para quienes valoran la <strong data-start=\"1883\" data-end=\"1957\">precisi\u00f3n del color, la claridad de imagen y el control creativo total<\/strong> \u2014 ya sea para <strong data-start=\"1972\" data-end=\"2037\">fotograf\u00eda de estudio, paisajes, bodas o trabajos comerciales<\/strong>.<br data-start=\"2038\" data-end=\"2041\" \/>Es una herramienta esencial para los creadores que buscan llevar su arte al <strong data-start=\"2117\" data-end=\"2138\">nivel profesional<\/strong>, con <strong data-start=\"2144\" data-end=\"2183\">libertad, rendimiento y estabilidad<\/strong> en el centro de la experiencia.<\/p>","protected":false},"excerpt":{"rendered":"<p>\u2705 <strong data-start=\"2226\" data-end=\"2283\">Edici\u00f3n y organizaci\u00f3n profesional de fotograf\u00edas RAW<\/strong><br data-start=\"2283\" data-end=\"2286\" \/>\u2699\ufe0f <strong data-start=\"2289\" data-end=\"2343\">Alto rendimiento y procesamiento acelerado por GPU<\/strong><br data-start=\"2343\" data-end=\"2346\" \/>\ud83d\udd12 <strong data-start=\"2349\" data-end=\"2386\">Funcionamiento totalmente offline<\/strong> y <strong data-start=\"2389\" data-end=\"2415\">seguridad de los datos<\/strong><br data-start=\"2415\" data-end=\"2418\" \/>\ud83c\udfa8 <strong data-start=\"2421\" data-end=\"2440\">Control preciso<\/strong> de la luz, el color y los detalles m\u00e1s finos<br data-start=\"2485\" data-end=\"2488\" \/>\ud83d\udca1 <strong data-start=\"2491\" data-end=\"2560\" data-is-last-node=\"\">Ideal para fot\u00f3grafos, artistas visuales y creadores de contenido<\/strong><\/p>","protected":false},"featured_media":1301,"comment_status":"open","ping_status":"closed","template":"","meta":[],"product_brand":[],"product_cat":[34],"product_tag":[],"class_list":{"0":"post-1286","1":"product","2":"type-product","3":"status-publish","4":"has-post-thumbnail","6":"product_cat-grafico","8":"first","9":"instock","10":"sale","11":"shipping-taxable","12":"purchasable","13":"product-type-simple"},"_links":{"self":[{"href":"https:\/\/softsrl.mx\/es\/wp-json\/wp\/v2\/product\/1286","targetHints":{"allow":["GET"]}}],"collection":[{"href":"https:\/\/softsrl.mx\/es\/wp-json\/wp\/v2\/product"}],"about":[{"href":"https:\/\/softsrl.mx\/es\/wp-json\/wp\/v2\/types\/product"}],"replies":[{"embeddable":true,"href":"https:\/\/softsrl.mx\/es\/wp-json\/wp\/v2\/comments?post=1286"}],"wp:featuredmedia":[{"embeddable":true,"href":"https:\/\/softsrl.mx\/es\/wp-json\/wp\/v2\/media\/1301"}],"wp:attachment":[{"href":"https:\/\/softsrl.mx\/es\/wp-json\/wp\/v2\/media?parent=1286"}],"wp:term":[{"taxonomy":"product_brand","embeddable":true,"href":"https:\/\/softsrl.mx\/es\/wp-json\/wp\/v2\/product_brand?post=1286"},{"taxonomy":"product_cat","embeddable":true,"href":"https:\/\/softsrl.mx\/es\/wp-json\/wp\/v2\/product_cat?post=1286"},{"taxonomy":"product_tag","embeddable":true,"href":"https:\/\/softsrl.mx\/es\/wp-json\/wp\/v2\/product_tag?post=1286"}],"curies":[{"name":"wp","href":"https:\/\/api.w.org\/{rel}","templated":true}]}}