{"id":1966,"date":"2026-01-03T08:48:29","date_gmt":"2026-01-03T08:48:29","guid":{"rendered":"https:\/\/softsrl.mx\/?post_type=product&#038;p=1966"},"modified":"2026-04-29T15:08:05","modified_gmt":"2026-04-29T15:08:05","slug":"windows-11-pro-premiere-pro-2022-para-windows","status":"publish","type":"product","link":"https:\/\/softsrl.mx\/es\/producto\/windows-11-pro-premiere-pro-2022-para-windows\/","title":{"rendered":"Windows 11 Pro + Premiere Pro 2022 (para Windows)"},"content":{"rendered":"<p data-start=\"42\" data-end=\"306\">El paquete <strong data-start=\"53\" data-end=\"106\">Windows 11 Pro + Premiere Pro 2022 (para Windows)<\/strong> es una combinaci\u00f3n fiable y profesional pensada para editores de v\u00eddeo, creadores de contenido y productoras que necesitan un sistema estable junto con una potente herramienta de edici\u00f3n audiovisual.<\/p>\n<p data-start=\"308\" data-end=\"811\"><strong data-start=\"308\" data-end=\"326\">Windows 11 Pro<\/strong> es el sistema operativo profesional de <span class=\"hover:entity-accent entity-underline inline cursor-pointer align-baseline\"><span class=\"whitespace-normal\">Microsoft<\/span><\/span>, dise\u00f1ado para entornos de trabajo exigentes. Ofrece seguridad avanzada y control total del sistema mediante funciones como BitLocker, Escritorio remoto, administraci\u00f3n avanzada de usuarios y herramientas de gesti\u00f3n orientadas tanto a empresas como a profesionales creativos. Su rendimiento optimizado y compatibilidad con hardware moderno lo convierten en una base s\u00f3lida para tareas de edici\u00f3n intensivas.<\/p>\n<p data-start=\"813\" data-end=\"1348\"><strong data-start=\"813\" data-end=\"840\">Premiere Pro 2022<\/strong> es el software profesional de edici\u00f3n de v\u00eddeo desarrollado por . Permite editar v\u00eddeo con precisi\u00f3n en l\u00edneas de tiempo avanzadas, trabajar con m\u00faltiples formatos y resoluciones, aplicar correcci\u00f3n de color, efectos, transiciones y mezclar audio de forma profesional. Premiere Pro 2022 est\u00e1 orientado a flujos de trabajo eficientes para contenido digital, v\u00eddeos corporativos, publicidad y producciones audiovisuales, y funciona de forma optimizada en sistemas Windows.<\/p>\n<p data-start=\"1350\" data-end=\"1554\">En conjunto, Windows 11 Pro y Premiere Pro 2022 crean un entorno de trabajo estable, potente y bien integrado, ideal para edici\u00f3n de v\u00eddeo profesional y producci\u00f3n de contenido multimedia de alta calidad.<\/p>","protected":false},"excerpt":{"rendered":"<div class=\"flex flex-col text-sm pb-25\">\n<article class=\"text-token-text-primary w-full focus:outline-none [--shadow-height:45px] has-data-writing-block:pointer-events-none has-data-writing-block:-mt-(--shadow-height) has-data-writing-block:pt-(--shadow-height) [&amp;:has([data-writing-block])&gt;*]:pointer-events-auto scroll-mt-[calc(var(--header-height)+min(200px,max(70px,20svh)))]\" dir=\"auto\" tabindex=\"-1\" data-turn-id=\"request-69581834-d17c-8325-acf1-d775b61583b0-2\" data-testid=\"conversation-turn-16\" data-scroll-anchor=\"true\" data-turn=\"assistant\">\n<div class=\"text-base my-auto mx-auto pb-10 [--thread-content-margin:--spacing(4)] @w-sm\/main:[--thread-content-margin:--spacing(6)] @w-lg\/main:[--thread-content-margin:--spacing(16)] px-(--thread-content-margin)\">\n<div class=\"[--thread-content-max-width:40rem] @w-lg\/main:[--thread-content-max-width:48rem] mx-auto max-w-(--thread-content-max-width) flex-1 group\/turn-messages focus-visible:outline-hidden relative flex w-full min-w-0 flex-col agent-turn\" tabindex=\"-1\">\n<div class=\"flex max-w-full flex-col grow\">\n<div class=\"min-h-8 text-message relative flex w-full flex-col items-end gap-2 text-start break-words whitespace-normal [.text-message+&amp;]:mt-1\" dir=\"auto\" data-message-author-role=\"assistant\" data-message-id=\"4bf9d4e0-b969-43ef-9dc6-042c0a166906\" data-message-model-slug=\"gpt-5-2\">\n<div class=\"flex w-full flex-col gap-1 empty:hidden first:pt-[1px]\">\n<div class=\"markdown prose dark:prose-invert w-full break-words dark markdown-new-styling\">\n<ul data-start=\"1582\" data-end=\"1823\" data-is-last-node=\"\" data-is-only-node=\"\">\n<li data-start=\"1582\" data-end=\"1647\">\n<p data-start=\"1584\" data-end=\"1647\">\ud83e\ude9f <strong data-start=\"1587\" data-end=\"1605\">Windows 11 Pro<\/strong> \u2013 sistema moderno, seguro y profesional<\/p>\n<\/li>\n<li data-start=\"1648\" data-end=\"1714\">\n<p data-start=\"1650\" data-end=\"1714\">\ud83c\udfac <strong data-start=\"1653\" data-end=\"1674\">Premiere Pro 2022<\/strong> \u2013 edici\u00f3n de v\u00eddeo avanzada y precisa<\/p>\n<\/li>\n<li data-start=\"1715\" data-end=\"1773\">\n<p data-start=\"1717\" data-end=\"1773\">\u26a1 Rendimiento estable para flujos de trabajo exigentes<\/p>\n<\/li>\n<li data-start=\"1774\" data-end=\"1823\" data-is-last-node=\"\">\n<p data-start=\"1776\" data-end=\"1823\" data-is-last-node=\"\">\ud83d\udda5\ufe0f Optimizado espec\u00edficamente para <strong data-start=\"1812\" data-end=\"1823\" data-is-last-node=\"\">Windows<\/strong><\/p>\n<\/li>\n<\/ul>\n<\/div>\n<\/div>\n<\/div>\n<\/div>\n<div class=\"z-0 flex min-h-[46px] justify-start\"><\/div>\n<div class=\"mt-3 w-full empty:hidden\">\n<div class=\"text-center\"><\/div>\n<\/div>\n<\/div>\n<\/div>\n<\/article>\n<\/div>\n<div class=\"pointer-events-none h-px w-px absolute bottom-0\" aria-hidden=\"true\" data-edge=\"true\"><\/div>\n","protected":false},"featured_media":1967,"comment_status":"open","ping_status":"closed","template":"","meta":[],"product_brand":[],"product_cat":[34,35,15],"product_tag":[],"class_list":{"0":"post-1966","1":"product","2":"type-product","3":"status-publish","4":"has-post-thumbnail","6":"product_cat-grafico","7":"product_cat-ofertas-de-paquetes","8":"product_cat-sistemas-operativos","10":"first","11":"instock","12":"sale","13":"shipping-taxable","14":"purchasable","15":"product-type-simple"},"_links":{"self":[{"href":"https:\/\/softsrl.mx\/es\/wp-json\/wp\/v2\/product\/1966","targetHints":{"allow":["GET"]}}],"collection":[{"href":"https:\/\/softsrl.mx\/es\/wp-json\/wp\/v2\/product"}],"about":[{"href":"https:\/\/softsrl.mx\/es\/wp-json\/wp\/v2\/types\/product"}],"replies":[{"embeddable":true,"href":"https:\/\/softsrl.mx\/es\/wp-json\/wp\/v2\/comments?post=1966"}],"wp:featuredmedia":[{"embeddable":true,"href":"https:\/\/softsrl.mx\/es\/wp-json\/wp\/v2\/media\/1967"}],"wp:attachment":[{"href":"https:\/\/softsrl.mx\/es\/wp-json\/wp\/v2\/media?parent=1966"}],"wp:term":[{"taxonomy":"product_brand","embeddable":true,"href":"https:\/\/softsrl.mx\/es\/wp-json\/wp\/v2\/product_brand?post=1966"},{"taxonomy":"product_cat","embeddable":true,"href":"https:\/\/softsrl.mx\/es\/wp-json\/wp\/v2\/product_cat?post=1966"},{"taxonomy":"product_tag","embeddable":true,"href":"https:\/\/softsrl.mx\/es\/wp-json\/wp\/v2\/product_tag?post=1966"}],"curies":[{"name":"wp","href":"https:\/\/api.w.org\/{rel}","templated":true}]}}