{"id":1983,"date":"2026-01-04T16:11:52","date_gmt":"2026-01-04T16:11:52","guid":{"rendered":"https:\/\/softsrl.mx\/?post_type=product&#038;p=1983"},"modified":"2026-04-29T15:07:28","modified_gmt":"2026-04-29T15:07:28","slug":"office-2024-pro-plus-photoshop-2021-para-windows","status":"publish","type":"product","link":"https:\/\/softsrl.mx\/es\/producto\/office-2024-pro-plus-photoshop-2021-para-windows\/","title":{"rendered":"Office 2024 Pro Plus + Photoshop 2021 (para Windows)"},"content":{"rendered":"<p data-start=\"42\" data-end=\"302\">El paquete <strong data-start=\"53\" data-end=\"109\">Office 2024 Pro Plus + Photoshop 2021 (para Windows)<\/strong> combina herramientas de productividad empresarial con un software profesional de edici\u00f3n de im\u00e1genes, ofreciendo una soluci\u00f3n pr\u00e1ctica y eficaz tanto para entornos corporativos como creativos.<\/p>\n<p data-start=\"304\" data-end=\"809\"><strong data-start=\"304\" data-end=\"328\">Office 2024 Pro Plus<\/strong> es la suite de productividad profesional de <span class=\"hover:entity-accent entity-underline inline cursor-pointer align-baseline\"><span class=\"whitespace-normal\">Microsoft<\/span><\/span>, pensada para empresas y usuarios avanzados que requieren aplicaciones fiables para el trabajo diario. Incluye programas esenciales como Word, Excel, PowerPoint, Outlook y otras herramientas orientadas a la creaci\u00f3n de documentos, an\u00e1lisis de datos, presentaciones y comunicaci\u00f3n profesional. Est\u00e1 optimizada para sistemas Windows y proporciona un entorno estable y eficiente para un uso intensivo.<\/p>\n<p data-start=\"811\" data-end=\"1279\"><strong data-start=\"811\" data-end=\"835\">Photoshop 2021<\/strong> es el software profesional de edici\u00f3n de im\u00e1genes desarrollado por . Permite realizar retoque fotogr\u00e1fico avanzado, dise\u00f1o gr\u00e1fico y composici\u00f3n visual mediante herramientas precisas como capas, m\u00e1scaras, ajustes de color y efectos. La versi\u00f3n 2021 funciona de manera estable en Windows y puede utilizarse en entornos offline, siendo una opci\u00f3n s\u00f3lida para fot\u00f3grafos, dise\u00f1adores y creadores de contenido.<\/p>\n<p data-start=\"1281\" data-end=\"1501\">En conjunto, Office 2024 Pro Plus y Photoshop 2021 crean un entorno de trabajo equilibrado que une productividad y creatividad, ideal para oficinas, profesionales independientes y proyectos gr\u00e1ficos de nivel profesional.<\/p>","protected":false},"excerpt":{"rendered":"<div class=\"flex flex-col text-sm pb-25\">\n<article class=\"text-token-text-primary w-full focus:outline-none [--shadow-height:45px] has-data-writing-block:pointer-events-none has-data-writing-block:-mt-(--shadow-height) has-data-writing-block:pt-(--shadow-height) [&amp;:has([data-writing-block])&gt;*]:pointer-events-auto scroll-mt-[calc(var(--header-height)+min(200px,max(70px,20svh)))]\" dir=\"auto\" tabindex=\"-1\" data-turn-id=\"request-69581834-d17c-8325-acf1-d775b61583b0-2\" data-testid=\"conversation-turn-26\" data-scroll-anchor=\"true\" data-turn=\"assistant\">\n<div class=\"text-base my-auto mx-auto pb-10 [--thread-content-margin:--spacing(4)] @w-sm\/main:[--thread-content-margin:--spacing(6)] @w-lg\/main:[--thread-content-margin:--spacing(16)] px-(--thread-content-margin)\">\n<div class=\"[--thread-content-max-width:40rem] @w-lg\/main:[--thread-content-max-width:48rem] mx-auto max-w-(--thread-content-max-width) flex-1 group\/turn-messages focus-visible:outline-hidden relative flex w-full min-w-0 flex-col agent-turn\" tabindex=\"-1\">\n<div class=\"flex max-w-full flex-col grow\">\n<div class=\"min-h-8 text-message relative flex w-full flex-col items-end gap-2 text-start break-words whitespace-normal [.text-message+&amp;]:mt-1\" dir=\"auto\" data-message-author-role=\"assistant\" data-message-id=\"f189809d-2321-4ec8-909f-9ffc036f86f4\" data-message-model-slug=\"gpt-5-2\">\n<div class=\"flex w-full flex-col gap-1 empty:hidden first:pt-[1px]\">\n<div class=\"markdown prose dark:prose-invert w-full break-words dark markdown-new-styling\">\n<ul data-start=\"1529\" data-end=\"1784\" data-is-last-node=\"\" data-is-only-node=\"\">\n<li data-start=\"1529\" data-end=\"1597\">\n<p data-start=\"1531\" data-end=\"1597\">\ud83e\udde9 <strong data-start=\"1534\" data-end=\"1558\">Office 2024 Pro Plus<\/strong> \u2013 productividad profesional completa<\/p>\n<\/li>\n<li data-start=\"1598\" data-end=\"1663\">\n<p data-start=\"1600\" data-end=\"1663\">\ud83c\udfa8 <strong data-start=\"1603\" data-end=\"1621\">Photoshop 2021<\/strong> \u2013 edici\u00f3n de im\u00e1genes avanzada y fiable<\/p>\n<\/li>\n<li data-start=\"1664\" data-end=\"1734\">\n<p data-start=\"1666\" data-end=\"1734\">\u26a1 Flujo de trabajo eficiente para tareas empresariales y creativas<\/p>\n<\/li>\n<li data-start=\"1735\" data-end=\"1784\" data-is-last-node=\"\">\n<p data-start=\"1737\" data-end=\"1784\" data-is-last-node=\"\">\ud83d\udda5\ufe0f Optimizado espec\u00edficamente para <strong data-start=\"1773\" data-end=\"1784\" data-is-last-node=\"\">Windows<\/strong><\/p>\n<\/li>\n<\/ul>\n<\/div>\n<\/div>\n<\/div>\n<\/div>\n<div class=\"z-0 flex min-h-[46px] justify-start\"><\/div>\n<div class=\"mt-3 w-full empty:hidden\">\n<div class=\"text-center\"><\/div>\n<\/div>\n<\/div>\n<\/div>\n<\/article>\n<\/div>\n<div class=\"pointer-events-none h-px w-px absolute bottom-0\" aria-hidden=\"true\" data-edge=\"true\"><\/div>\n","protected":false},"featured_media":1984,"comment_status":"open","ping_status":"closed","template":"","meta":[],"product_brand":[],"product_cat":[34,35,32],"product_tag":[],"class_list":{"0":"post-1983","1":"product","2":"type-product","3":"status-publish","4":"has-post-thumbnail","6":"product_cat-grafico","7":"product_cat-ofertas-de-paquetes","8":"product_cat-office","10":"first","11":"instock","12":"sale","13":"shipping-taxable","14":"purchasable","15":"product-type-simple"},"_links":{"self":[{"href":"https:\/\/softsrl.mx\/es\/wp-json\/wp\/v2\/product\/1983","targetHints":{"allow":["GET"]}}],"collection":[{"href":"https:\/\/softsrl.mx\/es\/wp-json\/wp\/v2\/product"}],"about":[{"href":"https:\/\/softsrl.mx\/es\/wp-json\/wp\/v2\/types\/product"}],"replies":[{"embeddable":true,"href":"https:\/\/softsrl.mx\/es\/wp-json\/wp\/v2\/comments?post=1983"}],"wp:featuredmedia":[{"embeddable":true,"href":"https:\/\/softsrl.mx\/es\/wp-json\/wp\/v2\/media\/1984"}],"wp:attachment":[{"href":"https:\/\/softsrl.mx\/es\/wp-json\/wp\/v2\/media?parent=1983"}],"wp:term":[{"taxonomy":"product_brand","embeddable":true,"href":"https:\/\/softsrl.mx\/es\/wp-json\/wp\/v2\/product_brand?post=1983"},{"taxonomy":"product_cat","embeddable":true,"href":"https:\/\/softsrl.mx\/es\/wp-json\/wp\/v2\/product_cat?post=1983"},{"taxonomy":"product_tag","embeddable":true,"href":"https:\/\/softsrl.mx\/es\/wp-json\/wp\/v2\/product_tag?post=1983"}],"curies":[{"name":"wp","href":"https:\/\/api.w.org\/{rel}","templated":true}]}}