{"id":1992,"date":"2026-01-04T16:26:25","date_gmt":"2026-01-04T16:26:25","guid":{"rendered":"https:\/\/softsrl.mx\/?post_type=product&#038;p=1992"},"modified":"2026-03-30T15:12:10","modified_gmt":"2026-03-30T15:12:10","slug":"illustrator-2021-lightroom-2021-para-windows","status":"publish","type":"product","link":"https:\/\/softsrl.mx\/es\/producto\/illustrator-2021-lightroom-2021-para-windows\/","title":{"rendered":"Illustrator 2021 + Lightroom 2021 (para Windows)"},"content":{"rendered":"<p data-start=\"42\" data-end=\"318\">El paquete <strong data-start=\"53\" data-end=\"105\">Illustrator 2021 + Lightroom 2021 (para Windows)<\/strong> ofrece una combinaci\u00f3n vers\u00e1til de dise\u00f1o vectorial profesional y edici\u00f3n fotogr\u00e1fica eficiente, pensada para creativos que trabajan en entornos Windows y necesitan un flujo de trabajo completo y bien organizado.<\/p>\n<p data-start=\"320\" data-end=\"801\"><strong data-start=\"320\" data-end=\"340\">Illustrator 2021<\/strong> es una herramienta profesional de dise\u00f1o vectorial orientada a la creaci\u00f3n de logotipos, ilustraciones, iconos, tipograf\u00edas y gr\u00e1ficos escalables sin p\u00e9rdida de calidad. Permite trabajar con gran precisi\u00f3n gracias a sus herramientas avanzadas de dibujo, control del color y gesti\u00f3n tipogr\u00e1fica, siendo ideal para proyectos de branding, dise\u00f1o gr\u00e1fico e ilustraci\u00f3n digital. La versi\u00f3n 2021 es estable y adecuada para flujos de trabajo profesionales en Windows.<\/p>\n<p data-start=\"803\" data-end=\"1315\"><strong data-start=\"803\" data-end=\"821\">Lightroom 2021<\/strong> est\u00e1 enfocado en la organizaci\u00f3n y edici\u00f3n fotogr\u00e1fica. Facilita la gesti\u00f3n de grandes bibliotecas de im\u00e1genes y permite realizar ajustes globales como exposici\u00f3n, balance de blancos, contraste y color en archivos RAW y JPEG. Est\u00e1 dise\u00f1ado para agilizar el flujo de trabajo fotogr\u00e1fico, ofreciendo una edici\u00f3n r\u00e1pida, ordenada y coherente, especialmente \u00fatil para fot\u00f3grafos y creadores de contenido visual. Funciona de manera fiable en sistemas Windows y puede utilizarse en entornos offline.<\/p>\n<p data-start=\"1317\" data-end=\"1544\">En conjunto, Illustrator 2021 y Lightroom 2021 crean un entorno de trabajo equilibrado donde el dise\u00f1o vectorial y la edici\u00f3n fotogr\u00e1fica se complementan, aportando flexibilidad y eficiencia a proyectos creativos profesionales.<\/p>","protected":false},"excerpt":{"rendered":"<div class=\"flex flex-col text-sm pb-25\">\n<article class=\"text-token-text-primary w-full focus:outline-none [--shadow-height:45px] has-data-writing-block:pointer-events-none has-data-writing-block:-mt-(--shadow-height) has-data-writing-block:pt-(--shadow-height) [&amp;:has([data-writing-block])&gt;*]:pointer-events-auto scroll-mt-[calc(var(--header-height)+min(200px,max(70px,20svh)))]\" dir=\"auto\" tabindex=\"-1\" data-turn-id=\"request-69581834-d17c-8325-acf1-d775b61583b0-7\" data-testid=\"conversation-turn-36\" data-scroll-anchor=\"true\" data-turn=\"assistant\">\n<div class=\"text-base my-auto mx-auto pb-10 [--thread-content-margin:--spacing(4)] @w-sm\/main:[--thread-content-margin:--spacing(6)] @w-lg\/main:[--thread-content-margin:--spacing(16)] px-(--thread-content-margin)\">\n<div class=\"[--thread-content-max-width:40rem] @w-lg\/main:[--thread-content-max-width:48rem] mx-auto max-w-(--thread-content-max-width) flex-1 group\/turn-messages focus-visible:outline-hidden relative flex w-full min-w-0 flex-col agent-turn\" tabindex=\"-1\">\n<div class=\"flex max-w-full flex-col grow\">\n<div class=\"min-h-8 text-message relative flex w-full flex-col items-end gap-2 text-start break-words whitespace-normal [.text-message+&amp;]:mt-1\" dir=\"auto\" data-message-author-role=\"assistant\" data-message-id=\"3c87fe82-0ceb-4e85-abb4-4b4b1bdc13c3\" data-message-model-slug=\"gpt-5-2\">\n<div class=\"flex w-full flex-col gap-1 empty:hidden first:pt-[1px]\">\n<div class=\"markdown prose dark:prose-invert w-full break-words dark markdown-new-styling\">\n<ul data-start=\"1572\" data-end=\"1816\" data-is-last-node=\"\" data-is-only-node=\"\">\n<li data-start=\"1572\" data-end=\"1638\">\n<p data-start=\"1574\" data-end=\"1638\">\ud83c\udfa8 <strong data-start=\"1577\" data-end=\"1597\">Illustrator 2021<\/strong> \u2013 dise\u00f1o vectorial preciso y escalable<\/p>\n<\/li>\n<li data-start=\"1639\" data-end=\"1711\">\n<p data-start=\"1641\" data-end=\"1711\">\ud83d\udcf8 <strong data-start=\"1644\" data-end=\"1662\">Lightroom 2021<\/strong> \u2013 edici\u00f3n y organizaci\u00f3n fotogr\u00e1fica eficiente<\/p>\n<\/li>\n<li data-start=\"1712\" data-end=\"1766\">\n<p data-start=\"1714\" data-end=\"1766\">\u26a1 Flujo de trabajo creativo vers\u00e1til y profesional<\/p>\n<\/li>\n<li data-start=\"1767\" data-end=\"1816\" data-is-last-node=\"\">\n<p data-start=\"1769\" data-end=\"1816\" data-is-last-node=\"\">\ud83d\udda5\ufe0f Optimizado espec\u00edficamente para <strong data-start=\"1805\" data-end=\"1816\" data-is-last-node=\"\">Windows<\/strong><\/p>\n<\/li>\n<\/ul>\n<\/div>\n<\/div>\n<\/div>\n<\/div>\n<div class=\"z-0 flex min-h-[46px] justify-start\"><\/div>\n<div class=\"mt-3 w-full empty:hidden\">\n<div class=\"text-center\"><\/div>\n<\/div>\n<\/div>\n<\/div>\n<\/article>\n<\/div>\n<div class=\"pointer-events-none h-px w-px absolute bottom-0\" aria-hidden=\"true\" data-edge=\"true\"><\/div>\n","protected":false},"featured_media":1993,"comment_status":"open","ping_status":"closed","template":"","meta":[],"product_brand":[],"product_cat":[34,35],"product_tag":[],"class_list":{"0":"post-1992","1":"product","2":"type-product","3":"status-publish","4":"has-post-thumbnail","6":"product_cat-grafico","7":"product_cat-ofertas-de-paquetes","9":"first","10":"instock","11":"sale","12":"shipping-taxable","13":"purchasable","14":"product-type-simple"},"_links":{"self":[{"href":"https:\/\/softsrl.mx\/es\/wp-json\/wp\/v2\/product\/1992","targetHints":{"allow":["GET"]}}],"collection":[{"href":"https:\/\/softsrl.mx\/es\/wp-json\/wp\/v2\/product"}],"about":[{"href":"https:\/\/softsrl.mx\/es\/wp-json\/wp\/v2\/types\/product"}],"replies":[{"embeddable":true,"href":"https:\/\/softsrl.mx\/es\/wp-json\/wp\/v2\/comments?post=1992"}],"wp:featuredmedia":[{"embeddable":true,"href":"https:\/\/softsrl.mx\/es\/wp-json\/wp\/v2\/media\/1993"}],"wp:attachment":[{"href":"https:\/\/softsrl.mx\/es\/wp-json\/wp\/v2\/media?parent=1992"}],"wp:term":[{"taxonomy":"product_brand","embeddable":true,"href":"https:\/\/softsrl.mx\/es\/wp-json\/wp\/v2\/product_brand?post=1992"},{"taxonomy":"product_cat","embeddable":true,"href":"https:\/\/softsrl.mx\/es\/wp-json\/wp\/v2\/product_cat?post=1992"},{"taxonomy":"product_tag","embeddable":true,"href":"https:\/\/softsrl.mx\/es\/wp-json\/wp\/v2\/product_tag?post=1992"}],"curies":[{"name":"wp","href":"https:\/\/api.w.org\/{rel}","templated":true}]}}