{"id":1996,"date":"2026-01-04T16:28:32","date_gmt":"2026-01-04T16:28:32","guid":{"rendered":"https:\/\/softsrl.mx\/?post_type=product&#038;p=1996"},"modified":"2026-03-30T15:11:34","modified_gmt":"2026-03-30T15:11:34","slug":"illustrator-2026-lightroom-2026-para-windows","status":"publish","type":"product","link":"https:\/\/softsrl.mx\/es\/producto\/illustrator-2026-lightroom-2026-para-windows\/","title":{"rendered":"Illustrator 2026 + Lightroom 2026 (para windows)"},"content":{"rendered":"<p data-start=\"42\" data-end=\"313\">El paquete <strong data-start=\"53\" data-end=\"105\">Illustrator 2026 + Lightroom 2026 (para Windows)<\/strong> ofrece una soluci\u00f3n creativa completa y actualizada que combina dise\u00f1o vectorial avanzado con edici\u00f3n y gesti\u00f3n fotogr\u00e1fica profesional, pensada para usuarios que trabajan exclusivamente en sistemas Windows.<\/p>\n<p data-start=\"315\" data-end=\"782\"><strong data-start=\"315\" data-end=\"335\">Illustrator 2026<\/strong> es una herramienta de dise\u00f1o vectorial de alto nivel orientada a la creaci\u00f3n de logotipos, ilustraciones, iconos, tipograf\u00edas y gr\u00e1ficos escalables sin p\u00e9rdida de calidad. Esta versi\u00f3n est\u00e1 optimizada para flujos de trabajo modernos, proporcionando herramientas precisas de dibujo, control avanzado del color y gesti\u00f3n tipogr\u00e1fica profesional. Es ideal para proyectos de branding, dise\u00f1o gr\u00e1fico, ilustraci\u00f3n digital y producci\u00f3n visual exigente.<\/p>\n<p data-start=\"784\" data-end=\"1269\"><strong data-start=\"784\" data-end=\"802\">Lightroom 2026<\/strong> est\u00e1 enfocado en la organizaci\u00f3n y edici\u00f3n fotogr\u00e1fica avanzada. Permite gestionar grandes bibliotecas de im\u00e1genes y aplicar ajustes globales precisos en archivos RAW y JPEG, como exposici\u00f3n, balance de blancos, contraste y color. Est\u00e1 dise\u00f1ado para ofrecer un flujo de trabajo r\u00e1pido, ordenado y coherente, especialmente \u00fatil para fot\u00f3grafos y creadores de contenido que manejan grandes vol\u00famenes de im\u00e1genes. Funciona de forma fluida y estable en entornos Windows.<\/p>\n<p data-start=\"1271\" data-end=\"1490\">En conjunto, Illustrator 2026 y Lightroom 2026 crean un entorno de trabajo equilibrado y potente, donde el dise\u00f1o vectorial y la edici\u00f3n fotogr\u00e1fica se complementan para ofrecer resultados profesionales de alta calidad.<\/p>","protected":false},"excerpt":{"rendered":"<div class=\"flex flex-col text-sm pb-25\">\n<article class=\"text-token-text-primary w-full focus:outline-none [--shadow-height:45px] has-data-writing-block:pointer-events-none has-data-writing-block:-mt-(--shadow-height) has-data-writing-block:pt-(--shadow-height) [&amp;:has([data-writing-block])&gt;*]:pointer-events-auto scroll-mt-[calc(var(--header-height)+min(200px,max(70px,20svh)))]\" dir=\"auto\" tabindex=\"-1\" data-turn-id=\"request-69581834-d17c-8325-acf1-d775b61583b0-9\" data-testid=\"conversation-turn-40\" data-scroll-anchor=\"true\" data-turn=\"assistant\">\n<div class=\"text-base my-auto mx-auto pb-10 [--thread-content-margin:--spacing(4)] @w-sm\/main:[--thread-content-margin:--spacing(6)] @w-lg\/main:[--thread-content-margin:--spacing(16)] px-(--thread-content-margin)\">\n<div class=\"[--thread-content-max-width:40rem] @w-lg\/main:[--thread-content-max-width:48rem] mx-auto max-w-(--thread-content-max-width) flex-1 group\/turn-messages focus-visible:outline-hidden relative flex w-full min-w-0 flex-col agent-turn\" tabindex=\"-1\">\n<div class=\"flex max-w-full flex-col grow\">\n<div class=\"min-h-8 text-message relative flex w-full flex-col items-end gap-2 text-start break-words whitespace-normal [.text-message+&amp;]:mt-1\" dir=\"auto\" data-message-author-role=\"assistant\" data-message-id=\"6544a3c7-166c-4bb2-826f-6f033149252e\" data-message-model-slug=\"gpt-5-2\">\n<div class=\"flex w-full flex-col gap-1 empty:hidden first:pt-[1px]\">\n<div class=\"markdown prose dark:prose-invert w-full break-words dark markdown-new-styling\">\n<ul data-start=\"1518\" data-end=\"1759\" data-is-last-node=\"\" data-is-only-node=\"\">\n<li data-start=\"1518\" data-end=\"1583\">\n<p data-start=\"1520\" data-end=\"1583\">\ud83c\udfa8 <strong data-start=\"1523\" data-end=\"1543\">Illustrator 2026<\/strong> \u2013 dise\u00f1o vectorial avanzado y preciso<\/p>\n<\/li>\n<li data-start=\"1584\" data-end=\"1658\">\n<p data-start=\"1586\" data-end=\"1658\">\ud83d\udcf8 <strong data-start=\"1589\" data-end=\"1607\">Lightroom 2026<\/strong> \u2013 edici\u00f3n y organizaci\u00f3n fotogr\u00e1fica profesional<\/p>\n<\/li>\n<li data-start=\"1659\" data-end=\"1709\">\n<p data-start=\"1661\" data-end=\"1709\">\u26a1 Flujo de trabajo moderno, r\u00e1pido y eficiente<\/p>\n<\/li>\n<li data-start=\"1710\" data-end=\"1759\" data-is-last-node=\"\">\n<p data-start=\"1712\" data-end=\"1759\" data-is-last-node=\"\">\ud83d\udda5\ufe0f Optimizado espec\u00edficamente para <strong data-start=\"1748\" data-end=\"1759\" data-is-last-node=\"\">Windows<\/strong><\/p>\n<\/li>\n<\/ul>\n<\/div>\n<\/div>\n<\/div>\n<\/div>\n<div class=\"z-0 flex min-h-[46px] justify-start\"><\/div>\n<div class=\"mt-3 w-full empty:hidden\">\n<div class=\"text-center\"><\/div>\n<\/div>\n<\/div>\n<\/div>\n<\/article>\n<\/div>\n<div class=\"pointer-events-none h-px w-px absolute bottom-0\" aria-hidden=\"true\" data-edge=\"true\"><\/div>\n","protected":false},"featured_media":1886,"comment_status":"open","ping_status":"closed","template":"","meta":[],"product_brand":[],"product_cat":[34,35],"product_tag":[],"class_list":{"0":"post-1996","1":"product","2":"type-product","3":"status-publish","4":"has-post-thumbnail","6":"product_cat-grafico","7":"product_cat-ofertas-de-paquetes","9":"first","10":"instock","11":"sale","12":"shipping-taxable","13":"purchasable","14":"product-type-simple"},"_links":{"self":[{"href":"https:\/\/softsrl.mx\/es\/wp-json\/wp\/v2\/product\/1996","targetHints":{"allow":["GET"]}}],"collection":[{"href":"https:\/\/softsrl.mx\/es\/wp-json\/wp\/v2\/product"}],"about":[{"href":"https:\/\/softsrl.mx\/es\/wp-json\/wp\/v2\/types\/product"}],"replies":[{"embeddable":true,"href":"https:\/\/softsrl.mx\/es\/wp-json\/wp\/v2\/comments?post=1996"}],"wp:featuredmedia":[{"embeddable":true,"href":"https:\/\/softsrl.mx\/es\/wp-json\/wp\/v2\/media\/1886"}],"wp:attachment":[{"href":"https:\/\/softsrl.mx\/es\/wp-json\/wp\/v2\/media?parent=1996"}],"wp:term":[{"taxonomy":"product_brand","embeddable":true,"href":"https:\/\/softsrl.mx\/es\/wp-json\/wp\/v2\/product_brand?post=1996"},{"taxonomy":"product_cat","embeddable":true,"href":"https:\/\/softsrl.mx\/es\/wp-json\/wp\/v2\/product_cat?post=1996"},{"taxonomy":"product_tag","embeddable":true,"href":"https:\/\/softsrl.mx\/es\/wp-json\/wp\/v2\/product_tag?post=1996"}],"curies":[{"name":"wp","href":"https:\/\/api.w.org\/{rel}","templated":true}]}}