{"id":2000,"date":"2026-01-04T16:39:48","date_gmt":"2026-01-04T16:39:48","guid":{"rendered":"https:\/\/softsrl.mx\/?post_type=product&#038;p=2000"},"modified":"2026-03-30T15:10:51","modified_gmt":"2026-03-30T15:10:51","slug":"call-of-duty-modern-warfare-ii-pc-steam-account","status":"publish","type":"product","link":"https:\/\/softsrl.mx\/es\/producto\/call-of-duty-modern-warfare-ii-pc-steam-account\/","title":{"rendered":"Call of Duty: Modern Warfare II PC Steam Account"},"content":{"rendered":"<div class=\"flex flex-col text-sm pb-25\">\n<article class=\"text-token-text-primary w-full focus:outline-none [--shadow-height:45px] has-data-writing-block:pointer-events-none has-data-writing-block:-mt-(--shadow-height) has-data-writing-block:pt-(--shadow-height) [&amp;:has([data-writing-block])&gt;*]:pointer-events-auto scroll-mt-[calc(var(--header-height)+min(200px,max(70px,20svh)))]\" dir=\"auto\" tabindex=\"-1\" data-turn-id=\"request-69581834-d17c-8325-acf1-d775b61583b0-13\" data-testid=\"conversation-turn-48\" data-scroll-anchor=\"true\" data-turn=\"assistant\">\n<div class=\"text-base my-auto mx-auto pb-10 [--thread-content-margin:--spacing(4)] @w-sm\/main:[--thread-content-margin:--spacing(6)] @w-lg\/main:[--thread-content-margin:--spacing(16)] px-(--thread-content-margin)\">\n<div class=\"[--thread-content-max-width:40rem] @w-lg\/main:[--thread-content-max-width:48rem] mx-auto max-w-(--thread-content-max-width) flex-1 group\/turn-messages focus-visible:outline-hidden relative flex w-full min-w-0 flex-col agent-turn\" tabindex=\"-1\">\n<div class=\"flex max-w-full flex-col grow\">\n<div class=\"min-h-8 text-message relative flex w-full flex-col items-end gap-2 text-start break-words whitespace-normal [.text-message+&amp;]:mt-1\" dir=\"auto\" data-message-author-role=\"assistant\" data-message-id=\"30abc0c5-4281-4c6e-8afb-b19595394890\" data-message-model-slug=\"gpt-5-2\">\n<div class=\"flex w-full flex-col gap-1 empty:hidden first:pt-[1px]\">\n<div class=\"markdown prose dark:prose-invert w-full break-words dark markdown-new-styling\">\n<p data-start=\"0\" data-end=\"414\" data-is-last-node=\"\" data-is-only-node=\"\"><strong>Esto no es una clave de producto. Se crear\u00e1 una NUEVA CUENTA para usted, y el contenido adquirido estar\u00e1 disponible en ella. Inicie sesi\u00f3n en esa cuenta utilizando los datos proporcionados en su Inventario. Cualquier modificaci\u00f3n aplicada a la cuenta adquirida, como a\u00f1adir un m\u00e9todo de pago o cambiar la regi\u00f3n, puede provocar el bloqueo de la cuenta. En dichos casos, no se aplicar\u00e1 ning\u00fan reembolso.<\/strong><\/p>\n<\/div>\n<\/div>\n<\/div>\n<\/div>\n<div class=\"z-0 flex min-h-[46px] justify-start\"><\/div>\n<div class=\"mt-3 w-full empty:hidden\">\n<div class=\"text-center\"><\/div>\n<\/div>\n<\/div>\n<\/div>\n<\/article>\n<\/div>\n<div class=\"pointer-events-none h-px w-px absolute bottom-0\" aria-hidden=\"true\" data-edge=\"true\"><\/div>\n<p data-start=\"42\" data-end=\"273\">\n<p data-start=\"42\" data-end=\"273\">El producto <strong data-start=\"54\" data-end=\"108\">Call of Duty: Modern Warfare II \u2013 PC Steam Account<\/strong> ofrece acceso completo a uno de los shooters en primera persona m\u00e1s populares y t\u00e9cnicamente avanzados disponibles para PC, jugable a trav\u00e9s de la plataforma Steam.<\/p>\n<p data-start=\"275\" data-end=\"734\"><strong data-start=\"275\" data-end=\"317\">Call of Duty: Modern Warfare II (2022)<\/strong> es un t\u00edtulo de acci\u00f3n b\u00e9lica desarrollado por <span class=\"hover:entity-accent entity-underline inline cursor-pointer align-baseline\"><span class=\"whitespace-normal\">Infinity Ward<\/span><\/span> y publicado por <span class=\"hover:entity-accent entity-underline inline cursor-pointer align-baseline\"><span class=\"whitespace-normal\">Activision<\/span><\/span>. El juego presenta una campa\u00f1a narrativa intensa que contin\u00faa la historia de la Fuerza Operativa 141, con misiones cinematogr\u00e1ficas, escenarios realistas y una jugabilidad moderna centrada en el combate t\u00e1ctico. La campa\u00f1a est\u00e1 completamente incluida y es jugable en solitario.<\/p>\n<p data-start=\"736\" data-end=\"1125\">En el apartado <strong data-start=\"751\" data-end=\"767\">multijugador<\/strong>, Modern Warfare II ofrece una amplia variedad de modos competitivos, mapas detallados y sistemas de progresi\u00f3n avanzados. Incluye armas personalizables, mec\u00e1nicas de movimiento refinadas y soporte para juego online competitivo. Adem\u00e1s, incorpora modos cooperativos especiales (como Spec Ops), pensados para jugar en equipo contra la inteligencia artificial.<\/p>\n<p data-start=\"1127\" data-end=\"1670\">El formato <strong data-start=\"1138\" data-end=\"1158\">PC Steam Account<\/strong> significa que el juego se entrega como una cuenta con el t\u00edtulo ya disponible en la biblioteca de Steam, permitiendo la descarga directa, actualizaciones autom\u00e1ticas y compatibilidad total con las funciones de la plataforma, como logros, listas de amigos y soporte para mandos. El juego requiere conexi\u00f3n a internet para el multijugador y las funciones online.<br data-start=\"1519\" data-end=\"1522\" \/><em data-start=\"1522\" data-end=\"1529\">Nota:<\/em> Call of Duty: Warzone es una experiencia independiente y gratuita, no necesaria para disfrutar del contenido principal de Modern Warfare II.<\/p>\n<p data-start=\"1672\" data-end=\"1883\">En conjunto, Call of Duty: Modern Warfare II para PC ofrece una experiencia completa que combina campa\u00f1a cinematogr\u00e1fica, multijugador competitivo y modos cooperativos, optimizada para sistemas Windows modernos.<\/p>\n<p>&nbsp;<\/p>\n<p>&nbsp;<\/p>\n<p>&nbsp;<\/p>\n<p>&nbsp;<\/p>\n<p>&nbsp;<\/p>\n<p>&nbsp;<\/p>\n<p>&nbsp;<\/p>\n","protected":false},"excerpt":{"rendered":"<article class=\"text-token-text-primary w-full focus:outline-none [--shadow-height:45px] has-data-writing-block:pointer-events-none has-data-writing-block:-mt-(--shadow-height) has-data-writing-block:pt-(--shadow-height) [&amp;:has([data-writing-block])&gt;*]:pointer-events-auto scroll-mt-[calc(var(--header-height)+min(200px,max(70px,20svh)))]\" dir=\"auto\" tabindex=\"-1\" data-turn-id=\"request-69581834-d17c-8325-acf1-d775b61583b0-11\" data-testid=\"conversation-turn-44\" data-scroll-anchor=\"false\" data-turn=\"assistant\">\n<div class=\"text-base my-auto mx-auto [--thread-content-margin:--spacing(4)] @w-sm\/main:[--thread-content-margin:--spacing(6)] @w-lg\/main:[--thread-content-margin:--spacing(16)] px-(--thread-content-margin)\">\n<div class=\"[--thread-content-max-width:40rem] @w-lg\/main:[--thread-content-max-width:48rem] mx-auto max-w-(--thread-content-max-width) flex-1 group\/turn-messages focus-visible:outline-hidden relative flex w-full min-w-0 flex-col agent-turn\" tabindex=\"-1\">\n<div class=\"flex max-w-full flex-col grow\">\n<div class=\"min-h-8 text-message relative flex w-full flex-col items-end gap-2 text-start break-words whitespace-normal [.text-message+&amp;]:mt-1\" dir=\"auto\" data-message-author-role=\"assistant\" data-message-id=\"9fb50a5b-ddd6-4254-9720-a7d344c49e3e\" data-message-model-slug=\"gpt-5-2\">\n<div class=\"flex w-full flex-col gap-1 empty:hidden first:pt-[1px]\">\n<div class=\"markdown prose dark:prose-invert w-full break-words dark markdown-new-styling\">\n<ul data-start=\"1911\" data-end=\"2188\" data-is-last-node=\"\" data-is-only-node=\"\">\n<li data-start=\"1911\" data-end=\"1989\">\n<p data-start=\"1913\" data-end=\"1989\">\ud83c\udfae <strong data-start=\"1916\" data-end=\"1944\">Modern Warfare II (2022)<\/strong> \u2013 shooter en primera persona de alto nivel<\/p>\n<\/li>\n<li data-start=\"1990\" data-end=\"2060\">\n<p data-start=\"1992\" data-end=\"2060\">\ud83e\udde0 Campa\u00f1a intensa + multijugador competitivo + modos cooperativos<\/p>\n<\/li>\n<li data-start=\"2061\" data-end=\"2120\">\n<p data-start=\"2063\" data-end=\"2120\">\ud83d\udcbb Versi\u00f3n <strong data-start=\"2074\" data-end=\"2080\">PC<\/strong> con acceso mediante <strong data-start=\"2101\" data-end=\"2118\">Steam Account<\/strong><\/p>\n<\/li>\n<li data-start=\"2121\" data-end=\"2188\" data-is-last-node=\"\">\n<p data-start=\"2123\" data-end=\"2188\" data-is-last-node=\"\">\u26a1 Gr\u00e1ficos modernos, jugabilidad fluida y soporte online completo<\/p>\n<\/li>\n<\/ul>\n<\/div>\n<\/div>\n<\/div>\n<\/div>\n<div class=\"z-0 flex min-h-[46px] justify-start\"><\/div>\n<\/div>\n<\/div>\n<\/article>\n<article class=\"text-token-text-primary w-full focus:outline-none [--shadow-height:45px] has-data-writing-block:pointer-events-none has-data-writing-block:-mt-(--shadow-height) has-data-writing-block:pt-(--shadow-height) [&amp;:has([data-writing-block])&gt;*]:pointer-events-auto scroll-mt-(--header-height)\" dir=\"auto\" tabindex=\"-1\" data-turn-id=\"065bf077-1f62-4c31-9e9d-b0ede9d0bd50\" data-testid=\"conversation-turn-45\" data-scroll-anchor=\"false\" data-turn=\"user\">\n<div class=\"text-base my-auto mx-auto pt-12 [--thread-content-margin:--spacing(4)] @w-sm\/main:[--thread-content-margin:--spacing(6)] @w-lg\/main:[--thread-content-margin:--spacing(16)] px-(--thread-content-margin)\">\n<div class=\"[--thread-content-max-width:40rem] @w-lg\/main:[--thread-content-max-width:48rem] mx-auto max-w-(--thread-content-max-width) flex-1 group\/turn-messages focus-visible:outline-hidden relative flex w-full min-w-0 flex-col\" tabindex=\"-1\">\n<div class=\"flex max-w-full flex-col grow\">\n<div class=\"min-h-8 text-message relative flex w-full flex-col items-end gap-2 text-start break-words whitespace-normal [.text-message+&amp;]:mt-1\" dir=\"auto\" data-message-author-role=\"user\" data-message-id=\"065bf077-1f62-4c31-9e9d-b0ede9d0bd50\">\n<div class=\"flex w-full flex-col gap-1 empty:hidden items-end rtl:items-start\">\n<div class=\"user-message-bubble-color corner-superellipse\/1.1 relative rounded-[18px] px-4 py-1.5 data-[multiline]:py-3 max-w-[var(--user-chat-width,70%)]\">\n<div class=\"whitespace-pre-wrap\"><\/div>\n<\/div>\n<\/div>\n<\/div>\n<\/div>\n<\/div>\n<\/div>\n<\/article>\n","protected":false},"featured_media":2001,"comment_status":"open","ping_status":"closed","template":"","meta":[],"product_brand":[],"product_cat":[107],"product_tag":[],"class_list":{"0":"post-2000","1":"product","2":"type-product","3":"status-publish","4":"has-post-thumbnail","6":"product_cat-juegos","8":"first","9":"instock","10":"shipping-taxable","11":"purchasable","12":"product-type-simple"},"_links":{"self":[{"href":"https:\/\/softsrl.mx\/es\/wp-json\/wp\/v2\/product\/2000","targetHints":{"allow":["GET"]}}],"collection":[{"href":"https:\/\/softsrl.mx\/es\/wp-json\/wp\/v2\/product"}],"about":[{"href":"https:\/\/softsrl.mx\/es\/wp-json\/wp\/v2\/types\/product"}],"replies":[{"embeddable":true,"href":"https:\/\/softsrl.mx\/es\/wp-json\/wp\/v2\/comments?post=2000"}],"wp:featuredmedia":[{"embeddable":true,"href":"https:\/\/softsrl.mx\/es\/wp-json\/wp\/v2\/media\/2001"}],"wp:attachment":[{"href":"https:\/\/softsrl.mx\/es\/wp-json\/wp\/v2\/media?parent=2000"}],"wp:term":[{"taxonomy":"product_brand","embeddable":true,"href":"https:\/\/softsrl.mx\/es\/wp-json\/wp\/v2\/product_brand?post=2000"},{"taxonomy":"product_cat","embeddable":true,"href":"https:\/\/softsrl.mx\/es\/wp-json\/wp\/v2\/product_cat?post=2000"},{"taxonomy":"product_tag","embeddable":true,"href":"https:\/\/softsrl.mx\/es\/wp-json\/wp\/v2\/product_tag?post=2000"}],"curies":[{"name":"wp","href":"https:\/\/api.w.org\/{rel}","templated":true}]}}