{"id":2025,"date":"2026-01-05T18:28:28","date_gmt":"2026-01-05T18:28:28","guid":{"rendered":"https:\/\/softsrl.mx\/?post_type=product&#038;p=2025"},"modified":"2026-03-30T15:08:08","modified_gmt":"2026-03-30T15:08:08","slug":"xbox-game-pass-ultimate-12-month-subscription-account","status":"publish","type":"product","link":"https:\/\/softsrl.mx\/es\/producto\/xbox-game-pass-ultimate-12-month-subscription-account\/","title":{"rendered":"Xbox Game Pass Ultimate &#8211; 12 Month Subscription ACCOUNT"},"content":{"rendered":"<h2 data-start=\"42\" data-end=\"125\">\ud83c\udfae <span class=\"hover:entity-accent entity-underline inline cursor-pointer align-baseline\"><span class=\"whitespace-normal\">Xbox Game Pass Ultimate<\/span><\/span> \u2014 Cuenta de suscripci\u00f3n de <strong data-start=\"113\" data-end=\"125\">12 meses<\/strong><\/h2>\n<p data-start=\"127\" data-end=\"446\"><strong data-start=\"127\" data-end=\"174\">Xbox Game Pass Ultimate \u2013 12 meses (CUENTA)<\/strong> ofrece <strong data-start=\"182\" data-end=\"201\">un a\u00f1o completo<\/strong> de acceso a la suscripci\u00f3n de juegos m\u00e1s completa de Microsoft mediante una <strong data-start=\"278\" data-end=\"300\">cuenta preactivada<\/strong>, no un c\u00f3digo canjeable. Recibir\u00e1s <strong data-start=\"336\" data-end=\"369\">los datos de inicio de sesi\u00f3n<\/strong> de una cuenta en la que la suscripci\u00f3n de Game Pass Ultimate ya est\u00e1 activa.<\/p>\n<p data-start=\"448\" data-end=\"570\">Esta opci\u00f3n es ideal para quienes desean <strong data-start=\"489\" data-end=\"509\">acceso inmediato<\/strong>, sin necesidad de canjear tarjetas o c\u00f3digos de suscripci\u00f3n.<\/p>\n<hr data-start=\"572\" data-end=\"575\" \/>\n<h3 data-start=\"577\" data-end=\"596\">\ud83d\udd79\ufe0f Qu\u00e9 incluye<\/h3>\n<ul data-start=\"597\" data-end=\"1032\">\n<li data-start=\"597\" data-end=\"679\">\n<p data-start=\"599\" data-end=\"679\"><strong data-start=\"599\" data-end=\"627\">Xbox Game Pass (Consola)<\/strong> \u2013 Cientos de juegos en Xbox Series X|S y Xbox One<\/p>\n<\/li>\n<li data-start=\"680\" data-end=\"750\">\n<p data-start=\"682\" data-end=\"750\"><strong data-start=\"682\" data-end=\"698\">PC Game Pass<\/strong> \u2013 Amplia biblioteca de juegos para PC con Windows<\/p>\n<\/li>\n<li data-start=\"751\" data-end=\"855\">\n<p data-start=\"753\" data-end=\"855\"><strong data-start=\"753\" data-end=\"781\">Xbox Cloud Gaming (Beta)<\/strong> \u2013 Juega a t\u00edtulos compatibles en la nube desde dispositivos compatibles<\/p>\n<\/li>\n<li data-start=\"856\" data-end=\"932\">\n<p data-start=\"858\" data-end=\"932\"><strong data-start=\"858\" data-end=\"881\">Multijugador online<\/strong> \u2013 Necesario para jugar en l\u00ednea en consolas Xbox<\/p>\n<\/li>\n<li data-start=\"933\" data-end=\"1032\">\n<p data-start=\"935\" data-end=\"1032\"><strong data-start=\"935\" data-end=\"946\">EA Play<\/strong> \u2013 Incluido sin coste adicional (juegos completos, pruebas y descuentos para miembros)<\/p>\n<\/li>\n<\/ul>\n<hr data-start=\"1034\" data-end=\"1037\" \/>\n<h3 data-start=\"1039\" data-end=\"1074\">\ud83d\udda5\ufe0f Plataforma y compatibilidad<\/h3>\n<ul data-start=\"1075\" data-end=\"1368\">\n<li data-start=\"1075\" data-end=\"1175\">\n<p data-start=\"1077\" data-end=\"1175\"><strong data-start=\"1077\" data-end=\"1093\">Plataformas:<\/strong> Xbox Series X|S, Xbox One, PC con Windows, dispositivos compatibles con la nube<\/p>\n<\/li>\n<li data-start=\"1176\" data-end=\"1220\">\n<p data-start=\"1178\" data-end=\"1220\"><strong data-start=\"1178\" data-end=\"1209\">Duraci\u00f3n de la suscripci\u00f3n:<\/strong> 12 meses<\/p>\n<\/li>\n<li data-start=\"1221\" data-end=\"1278\">\n<p data-start=\"1223\" data-end=\"1278\"><strong data-start=\"1223\" data-end=\"1244\">Tipo de licencia:<\/strong> Cuenta de Microsoft preactivada<\/p>\n<\/li>\n<li data-start=\"1279\" data-end=\"1317\">\n<p data-start=\"1281\" data-end=\"1317\"><strong data-start=\"1281\" data-end=\"1296\">Activaci\u00f3n:<\/strong> No requiere c\u00f3digo<\/p>\n<\/li>\n<li data-start=\"1318\" data-end=\"1368\">\n<p data-start=\"1320\" data-end=\"1368\"><strong data-start=\"1320\" data-end=\"1332\">Entrega:<\/strong> Digital (credenciales de la cuenta)<\/p>\n<\/li>\n<\/ul>\n<hr data-start=\"1370\" data-end=\"1373\" \/>\n<h3 data-start=\"1375\" data-end=\"1420\">\u26a0\ufe0f Informaci\u00f3n importante sobre la cuenta<\/h3>\n<ul data-start=\"1421\" data-end=\"1858\">\n<li data-start=\"1421\" data-end=\"1494\">\n<p data-start=\"1423\" data-end=\"1494\">Este producto <strong data-start=\"1437\" data-end=\"1492\">NO es una clave digital ni un c\u00f3digo de suscripci\u00f3n<\/strong><\/p>\n<\/li>\n<li data-start=\"1495\" data-end=\"1580\">\n<p data-start=\"1497\" data-end=\"1580\">Se proporciona una <strong data-start=\"1516\" data-end=\"1545\">nueva cuenta de Microsoft<\/strong> con Game Pass Ultimate ya activo<\/p>\n<\/li>\n<li data-start=\"1581\" data-end=\"1679\">\n<p data-start=\"1583\" data-end=\"1679\"><strong data-start=\"1583\" data-end=\"1597\">No cambies<\/strong> la regi\u00f3n de la cuenta, la configuraci\u00f3n de seguridad ni a\u00f1adas m\u00e9todos de pago<\/p>\n<\/li>\n<li data-start=\"1680\" data-end=\"1780\">\n<p data-start=\"1682\" data-end=\"1780\">Cualquier modificaci\u00f3n puede provocar la <strong data-start=\"1723\" data-end=\"1778\">p\u00e9rdida de la suscripci\u00f3n o el bloqueo de la cuenta<\/strong><\/p>\n<\/li>\n<li data-start=\"1781\" data-end=\"1858\">\n<p data-start=\"1783\" data-end=\"1858\"><strong data-start=\"1783\" data-end=\"1811\">No se aceptan reembolsos<\/strong> si se incumplen las normas de uso de la cuenta<\/p>\n<\/li>\n<\/ul>\n<hr data-start=\"1860\" data-end=\"1863\" \/>\n<h3 data-start=\"1865\" data-end=\"1905\">\u2705 \u00bfPor qu\u00e9 elegir la versi\u00f3n CUENTA?<\/h3>\n<ul data-start=\"1906\" data-end=\"2108\">\n<li data-start=\"1906\" data-end=\"1951\">\n<p data-start=\"1908\" data-end=\"1951\">\u23f1\ufe0f Acceso inmediato, sin proceso de canje<\/p>\n<\/li>\n<li data-start=\"1952\" data-end=\"1985\">\n<p data-start=\"1954\" data-end=\"1985\">\ud83d\udcb3 No requiere m\u00e9todo de pago<\/p>\n<\/li>\n<li data-start=\"1986\" data-end=\"2051\">\n<p data-start=\"1988\" data-end=\"2051\">\ud83c\udfae Todas las funciones de Game Pass Ultimate durante 12 meses<\/p>\n<\/li>\n<li data-start=\"2052\" data-end=\"2108\">\n<p data-start=\"2054\" data-end=\"2108\">\ud83e\udde9 Ideal como cuenta secundaria o dedicada a Game Pass<\/p>\n<\/li>\n<\/ul>\n<hr data-start=\"2110\" data-end=\"2113\" \/>\n<h3 data-start=\"2115\" data-end=\"2136\"><\/h3>","protected":false},"excerpt":{"rendered":"<div class=\"flex flex-col text-sm pb-25\">\n<article class=\"text-token-text-primary w-full focus:outline-none [--shadow-height:45px] has-data-writing-block:pointer-events-none has-data-writing-block:-mt-(--shadow-height) has-data-writing-block:pt-(--shadow-height) [&amp;:has([data-writing-block])&gt;*]:pointer-events-auto scroll-mt-[calc(var(--header-height)+min(200px,max(70px,20svh)))]\" dir=\"auto\" tabindex=\"-1\" data-turn-id=\"request-WEB:680cb508-7ca7-4ce2-8ed3-0389f71da7a0-5\" data-testid=\"conversation-turn-12\" data-scroll-anchor=\"true\" data-turn=\"assistant\">\n<div class=\"text-base my-auto mx-auto pb-10 [--thread-content-margin:--spacing(4)] @w-sm\/main:[--thread-content-margin:--spacing(6)] @w-lg\/main:[--thread-content-margin:--spacing(16)] px-(--thread-content-margin)\">\n<div class=\"[--thread-content-max-width:40rem] @w-lg\/main:[--thread-content-max-width:48rem] mx-auto max-w-(--thread-content-max-width) flex-1 group\/turn-messages focus-visible:outline-hidden relative flex w-full min-w-0 flex-col agent-turn\" tabindex=\"-1\">\n<div class=\"flex max-w-full flex-col grow\">\n<div class=\"min-h-8 text-message relative flex w-full flex-col items-end gap-2 text-start break-words whitespace-normal [.text-message+&amp;]:mt-1\" dir=\"auto\" data-message-author-role=\"assistant\" data-message-id=\"cc83b1d4-c965-4cd4-b254-d76a327f8da2\" data-message-model-slug=\"gpt-5-2\">\n<div class=\"flex w-full flex-col gap-1 empty:hidden first:pt-[1px]\">\n<div class=\"markdown prose dark:prose-invert w-full break-words dark markdown-new-styling\">\n<ul data-start=\"2137\" data-end=\"2365\" data-is-last-node=\"\" data-is-only-node=\"\">\n<li data-start=\"2137\" data-end=\"2169\">\n<p data-start=\"2139\" data-end=\"2169\">\ud83c\udfae Acceso en Xbox, PC y nube<\/p>\n<\/li>\n<li data-start=\"2170\" data-end=\"2208\">\n<p data-start=\"2172\" data-end=\"2208\">\ud83d\udcc6 Game Pass Ultimate por 12 meses<\/p>\n<\/li>\n<li data-start=\"2209\" data-end=\"2247\">\n<p data-start=\"2211\" data-end=\"2247\">\ud83d\udc64 Cuenta de Microsoft preactivada<\/p>\n<\/li>\n<li data-start=\"2248\" data-end=\"2281\">\n<p data-start=\"2250\" data-end=\"2281\">\ud83d\udeab Sin c\u00f3digo \/ no acumulable<\/p>\n<\/li>\n<li data-start=\"2282\" data-end=\"2304\">\n<p data-start=\"2284\" data-end=\"2304\">\ud83c\udf10 Entrega digital<\/p>\n<\/li>\n<li data-start=\"2305\" data-end=\"2365\" data-is-last-node=\"\">\n<p data-start=\"2307\" data-end=\"2365\" data-is-last-node=\"\">\ud83d\ude80 Acceso inmediato a la experiencia completa de Game Pass<\/p>\n<\/li>\n<\/ul>\n<\/div>\n<\/div>\n<\/div>\n<\/div>\n<div class=\"z-0 flex min-h-[46px] justify-start\"><\/div>\n<div class=\"mt-3 w-full empty:hidden\">\n<div class=\"text-center\"><\/div>\n<\/div>\n<\/div>\n<\/div>\n<\/article>\n<\/div>\n<div class=\"pointer-events-none h-px w-px absolute bottom-0\" aria-hidden=\"true\" data-edge=\"true\"><\/div>\n","protected":false},"featured_media":2026,"comment_status":"open","ping_status":"closed","template":"","meta":[],"product_brand":[],"product_cat":[107],"product_tag":[],"class_list":{"0":"post-2025","1":"product","2":"type-product","3":"status-publish","4":"has-post-thumbnail","6":"product_cat-juegos","8":"first","9":"instock","10":"shipping-taxable","11":"purchasable","12":"product-type-simple"},"_links":{"self":[{"href":"https:\/\/softsrl.mx\/es\/wp-json\/wp\/v2\/product\/2025","targetHints":{"allow":["GET"]}}],"collection":[{"href":"https:\/\/softsrl.mx\/es\/wp-json\/wp\/v2\/product"}],"about":[{"href":"https:\/\/softsrl.mx\/es\/wp-json\/wp\/v2\/types\/product"}],"replies":[{"embeddable":true,"href":"https:\/\/softsrl.mx\/es\/wp-json\/wp\/v2\/comments?post=2025"}],"wp:featuredmedia":[{"embeddable":true,"href":"https:\/\/softsrl.mx\/es\/wp-json\/wp\/v2\/media\/2026"}],"wp:attachment":[{"href":"https:\/\/softsrl.mx\/es\/wp-json\/wp\/v2\/media?parent=2025"}],"wp:term":[{"taxonomy":"product_brand","embeddable":true,"href":"https:\/\/softsrl.mx\/es\/wp-json\/wp\/v2\/product_brand?post=2025"},{"taxonomy":"product_cat","embeddable":true,"href":"https:\/\/softsrl.mx\/es\/wp-json\/wp\/v2\/product_cat?post=2025"},{"taxonomy":"product_tag","embeddable":true,"href":"https:\/\/softsrl.mx\/es\/wp-json\/wp\/v2\/product_tag?post=2025"}],"curies":[{"name":"wp","href":"https:\/\/api.w.org\/{rel}","templated":true}]}}