{"id":2027,"date":"2026-01-05T18:40:40","date_gmt":"2026-01-05T18:40:40","guid":{"rendered":"https:\/\/softsrl.mx\/?post_type=product&#038;p=2027"},"modified":"2026-03-30T15:07:57","modified_gmt":"2026-03-30T15:07:57","slug":"assassins-creed-odyssey-ultimate-edition-ps5-account","status":"publish","type":"product","link":"https:\/\/softsrl.mx\/es\/producto\/assassins-creed-odyssey-ultimate-edition-ps5-account\/","title":{"rendered":"Assassin&#8217;s Creed Odyssey Ultimate Edition PS5 Account"},"content":{"rendered":"<h2 data-start=\"42\" data-end=\"119\">\ud83c\udfae <span class=\"hover:entity-accent entity-underline inline cursor-pointer align-baseline\"><span class=\"whitespace-normal\">Assassin&#8217;s Creed Odyssey<\/span><\/span> \u2014 <strong data-start=\"88\" data-end=\"102\">Cuenta PS5<\/strong> Ultimate Edition<\/h2>\n<p data-start=\"121\" data-end=\"595\"><strong data-start=\"121\" data-end=\"181\">Assassin\u2019s Creed Odyssey \u2013 Ultimate Edition (CUENTA PS5)<\/strong> ofrece la <strong data-start=\"192\" data-end=\"216\">versi\u00f3n m\u00e1s completa<\/strong> del aclamado RPG de acci\u00f3n ambientado en la <strong data-start=\"261\" data-end=\"279\">Antigua Grecia<\/strong>. Este producto se entrega como una <strong data-start=\"315\" data-end=\"352\">cuenta de PlayStation preactivada<\/strong>, no como disco ni c\u00f3digo digital. La Ultimate Edition incluye el <strong data-start=\"418\" data-end=\"432\">juego base<\/strong>, todas las <strong data-start=\"444\" data-end=\"471\">expansiones de historia<\/strong> y <strong data-start=\"474\" data-end=\"507\">contenido adicional exclusivo<\/strong>, jugable en <strong data-start=\"520\" data-end=\"537\">PlayStation 5<\/strong> mediante retrocompatibilidad con un rendimiento mejorado.<\/p>\n<hr data-start=\"597\" data-end=\"600\" \/>\n<h3 data-start=\"602\" data-end=\"640\">\ud83c\udfdb\ufe0f Qu\u00e9 incluye (Ultimate Edition)<\/h3>\n<ul data-start=\"641\" data-end=\"1117\">\n<li data-start=\"641\" data-end=\"806\">\n<p data-start=\"643\" data-end=\"806\"><strong data-start=\"643\" data-end=\"684\">Assassin\u2019s Creed Odyssey \u2013 Juego base<\/strong><br data-start=\"684\" data-end=\"687\" \/>Explora un enorme mundo abierto como <strong data-start=\"726\" data-end=\"749\">Alexios o Kassandra<\/strong> y forja tu propio destino en una Grecia viva y reactiva.<\/p>\n<\/li>\n<li data-start=\"807\" data-end=\"943\">\n<p data-start=\"809\" data-end=\"846\"><strong data-start=\"809\" data-end=\"830\">Pase de temporada<\/strong>, que incluye:<\/p>\n<ul data-start=\"849\" data-end=\"943\">\n<li data-start=\"849\" data-end=\"902\">\n<p data-start=\"851\" data-end=\"902\"><em data-start=\"851\" data-end=\"878\">Legacy of the First Blade<\/em> (2 arcos de historia)<\/p>\n<\/li>\n<li data-start=\"905\" data-end=\"943\">\n<p data-start=\"907\" data-end=\"943\"><em data-start=\"907\" data-end=\"929\">The Fate of Atlantis<\/em> (3 episodios)<\/p>\n<\/li>\n<\/ul>\n<\/li>\n<li data-start=\"944\" data-end=\"983\">\n<p data-start=\"946\" data-end=\"983\"><strong data-start=\"946\" data-end=\"981\">Assassin\u2019s Creed III Remastered<\/strong><\/p>\n<\/li>\n<li data-start=\"984\" data-end=\"1028\">\n<p data-start=\"986\" data-end=\"1028\"><strong data-start=\"986\" data-end=\"1028\">Assassin\u2019s Creed Liberation Remastered<\/strong><\/p>\n<\/li>\n<li data-start=\"1029\" data-end=\"1117\">\n<p data-start=\"1031\" data-end=\"1117\"><strong data-start=\"1031\" data-end=\"1049\">Paquete Deluxe<\/strong><br data-start=\"1049\" data-end=\"1052\" \/>Equipo exclusivo, armas, conjuntos de armaduras y potenciadores<\/p>\n<\/li>\n<\/ul>\n<hr data-start=\"1119\" data-end=\"1122\" \/>\n<h3 data-start=\"1124\" data-end=\"1156\">\ud83d\udda5\ufe0f Plataforma y rendimiento<\/h3>\n<ul data-start=\"1157\" data-end=\"1446\">\n<li data-start=\"1157\" data-end=\"1221\">\n<p data-start=\"1159\" data-end=\"1221\"><strong data-start=\"1159\" data-end=\"1174\">Plataforma:<\/strong> PlayStation 5 (mediante retrocompatibilidad)<\/p>\n<\/li>\n<li data-start=\"1222\" data-end=\"1301\">\n<p data-start=\"1224\" data-end=\"1301\"><strong data-start=\"1224\" data-end=\"1240\">Rendimiento:<\/strong> Tiempos de carga mejorados y jugabilidad m\u00e1s fluida en PS5<\/p>\n<\/li>\n<li data-start=\"1302\" data-end=\"1335\">\n<p data-start=\"1304\" data-end=\"1335\"><strong data-start=\"1304\" data-end=\"1316\">Edici\u00f3n:<\/strong> Ultimate Edition<\/p>\n<\/li>\n<li data-start=\"1336\" data-end=\"1395\">\n<p data-start=\"1338\" data-end=\"1395\"><strong data-start=\"1338\" data-end=\"1359\">Tipo de licencia:<\/strong> Cuenta de PlayStation preactivada<\/p>\n<\/li>\n<li data-start=\"1396\" data-end=\"1446\">\n<p data-start=\"1398\" data-end=\"1446\"><strong data-start=\"1398\" data-end=\"1410\">Entrega:<\/strong> Digital (credenciales de la cuenta)<\/p>\n<\/li>\n<\/ul>\n<hr data-start=\"1448\" data-end=\"1451\" \/>\n<h3 data-start=\"1453\" data-end=\"1498\">\u26a0\ufe0f Informaci\u00f3n importante sobre la cuenta<\/h3>\n<ul data-start=\"1499\" data-end=\"2017\">\n<li data-start=\"1499\" data-end=\"1556\">\n<p data-start=\"1501\" data-end=\"1556\">Este producto <strong data-start=\"1515\" data-end=\"1554\">NO es un disco ni una clave digital<\/strong><\/p>\n<\/li>\n<li data-start=\"1557\" data-end=\"1636\">\n<p data-start=\"1559\" data-end=\"1636\">Se proporciona una <strong data-start=\"1578\" data-end=\"1609\">nueva cuenta de PlayStation<\/strong> con el juego ya activado<\/p>\n<\/li>\n<li data-start=\"1637\" data-end=\"1736\">\n<p data-start=\"1639\" data-end=\"1736\">Inicia sesi\u00f3n con la cuenta proporcionada, descarga el juego y luego podr\u00e1s jugar en tu consola<\/p>\n<\/li>\n<li data-start=\"1737\" data-end=\"1824\">\n<p data-start=\"1739\" data-end=\"1824\"><strong data-start=\"1739\" data-end=\"1753\">No cambies<\/strong> el correo, la contrase\u00f1a, la regi\u00f3n ni la configuraci\u00f3n de seguridad<\/p>\n<\/li>\n<li data-start=\"1825\" data-end=\"1939\">\n<p data-start=\"1827\" data-end=\"1939\">A\u00f1adir m\u00e9todos de pago o modificar la cuenta puede provocar la <strong data-start=\"1890\" data-end=\"1937\">p\u00e9rdida de acceso o el bloqueo de la cuenta<\/strong><\/p>\n<\/li>\n<li data-start=\"1940\" data-end=\"2017\">\n<p data-start=\"1942\" data-end=\"2017\"><strong data-start=\"1942\" data-end=\"1970\">No se aceptan reembolsos<\/strong> si se incumplen las normas de uso de la cuenta<\/p>\n<\/li>\n<\/ul>\n<hr data-start=\"2019\" data-end=\"2022\" \/>\n<h3 data-start=\"2024\" data-end=\"2061\">\ud83c\udf0d Caracter\u00edsticas de jugabilidad<\/h3>\n<ul data-start=\"2062\" data-end=\"2350\">\n<li data-start=\"2062\" data-end=\"2139\">\n<p data-start=\"2064\" data-end=\"2139\">Enorme <strong data-start=\"2071\" data-end=\"2109\">mundo abierto de la Antigua Grecia<\/strong> con ciudades, islas y mares<\/p>\n<\/li>\n<li data-start=\"2140\" data-end=\"2199\">\n<p data-start=\"2142\" data-end=\"2199\"><strong data-start=\"2142\" data-end=\"2175\">Historia basada en decisiones<\/strong> con m\u00faltiples finales<\/p>\n<\/li>\n<li data-start=\"2200\" data-end=\"2265\">\n<p data-start=\"2202\" data-end=\"2265\">Combate naval, batallas a gran escala y progresi\u00f3n estilo RPG<\/p>\n<\/li>\n<li data-start=\"2266\" data-end=\"2350\">\n<p data-start=\"2268\" data-end=\"2350\">Decenas de horas de <strong data-start=\"2288\" data-end=\"2322\">contenido para un solo jugador<\/strong> con todos los DLC incluidos<\/p>\n<\/li>\n<\/ul>\n<hr data-start=\"2352\" data-end=\"2355\" \/>\n<h3 data-start=\"2357\" data-end=\"2408\">\u2705 \u00bfPor qu\u00e9 elegir la Ultimate Edition (CUENTA)?<\/h3>\n<ul data-start=\"2409\" data-end=\"2644\">\n<li data-start=\"2409\" data-end=\"2464\">\n<p data-start=\"2411\" data-end=\"2464\">\ud83c\udfc6 Experiencia completa de Assassin\u2019s Creed Odyssey<\/p>\n<\/li>\n<li data-start=\"2465\" data-end=\"2520\">\n<p data-start=\"2467\" data-end=\"2520\">\ud83d\udce6 Todos los DLC y contenidos adicionales incluidos<\/p>\n<\/li>\n<li data-start=\"2521\" data-end=\"2566\">\n<p data-start=\"2523\" data-end=\"2566\">\u23f1\ufe0f Acceso inmediato, sin canje de c\u00f3digos<\/p>\n<\/li>\n<li data-start=\"2567\" data-end=\"2612\">\n<p data-start=\"2569\" data-end=\"2612\">\ud83c\udfae Experiencia optimizada al jugar en PS5<\/p>\n<\/li>\n<li data-start=\"2613\" data-end=\"2644\">\n<p data-start=\"2615\" data-end=\"2644\">\ud83d\udcb3 No requiere m\u00e9todo de pago<\/p>\n<\/li>\n<\/ul>\n<hr data-start=\"2646\" data-end=\"2649\" \/>\n<h3 data-start=\"2651\" data-end=\"2672\"><\/h3>","protected":false},"excerpt":{"rendered":"<ul>\n<li data-start=\"2673\" data-end=\"2722\">\n<p data-start=\"2675\" data-end=\"2722\">\ud83c\udfdb\ufe0f Assassin\u2019s Creed Odyssey Ultimate Edition<\/p>\n<\/li>\n<li data-start=\"2723\" data-end=\"2751\">\n<p data-start=\"2725\" data-end=\"2751\">\ud83c\udfae PS5 (retrocompatible)<\/p>\n<\/li>\n<li data-start=\"2752\" data-end=\"2792\">\n<p data-start=\"2754\" data-end=\"2792\">\ud83d\udc64 Cuenta de PlayStation preactivada<\/p>\n<\/li>\n<li data-start=\"2793\" data-end=\"2848\">\n<p data-start=\"2795\" data-end=\"2848\">\ud83d\udce6 Todos los DLC + t\u00edtulos remasterizados incluidos<\/p>\n<\/li>\n<li data-start=\"2849\" data-end=\"2885\">\n<p data-start=\"2851\" data-end=\"2885\">\ud83d\udeab Sin disco \/ sin clave digital<\/p>\n<\/li>\n<li data-start=\"2886\" data-end=\"2915\" data-is-last-node=\"\">\n<p data-start=\"2888\" data-end=\"2915\" data-is-last-node=\"\">\ud83d\ude80 Acceso digital inmediato<\/p>\n<\/li>\n<\/ul>","protected":false},"featured_media":2028,"comment_status":"open","ping_status":"closed","template":"","meta":[],"product_brand":[],"product_cat":[107],"product_tag":[],"class_list":{"0":"post-2027","1":"product","2":"type-product","3":"status-publish","4":"has-post-thumbnail","6":"product_cat-juegos","8":"first","9":"instock","10":"shipping-taxable","11":"purchasable","12":"product-type-simple"},"_links":{"self":[{"href":"https:\/\/softsrl.mx\/es\/wp-json\/wp\/v2\/product\/2027","targetHints":{"allow":["GET"]}}],"collection":[{"href":"https:\/\/softsrl.mx\/es\/wp-json\/wp\/v2\/product"}],"about":[{"href":"https:\/\/softsrl.mx\/es\/wp-json\/wp\/v2\/types\/product"}],"replies":[{"embeddable":true,"href":"https:\/\/softsrl.mx\/es\/wp-json\/wp\/v2\/comments?post=2027"}],"wp:featuredmedia":[{"embeddable":true,"href":"https:\/\/softsrl.mx\/es\/wp-json\/wp\/v2\/media\/2028"}],"wp:attachment":[{"href":"https:\/\/softsrl.mx\/es\/wp-json\/wp\/v2\/media?parent=2027"}],"wp:term":[{"taxonomy":"product_brand","embeddable":true,"href":"https:\/\/softsrl.mx\/es\/wp-json\/wp\/v2\/product_brand?post=2027"},{"taxonomy":"product_cat","embeddable":true,"href":"https:\/\/softsrl.mx\/es\/wp-json\/wp\/v2\/product_cat?post=2027"},{"taxonomy":"product_tag","embeddable":true,"href":"https:\/\/softsrl.mx\/es\/wp-json\/wp\/v2\/product_tag?post=2027"}],"curies":[{"name":"wp","href":"https:\/\/api.w.org\/{rel}","templated":true}]}}