{"id":2029,"date":"2026-01-05T18:52:33","date_gmt":"2026-01-05T18:52:33","guid":{"rendered":"https:\/\/softsrl.mx\/?post_type=product&#038;p=2029"},"modified":"2026-03-30T15:07:47","modified_gmt":"2026-03-30T15:07:47","slug":"avatar-frontiers-of-pandora-deluxe-edition-xbox-series-xs-account","status":"publish","type":"product","link":"https:\/\/softsrl.mx\/es\/producto\/avatar-frontiers-of-pandora-deluxe-edition-xbox-series-xs-account\/","title":{"rendered":"Avatar: Frontiers of Pandora Deluxe Edition Xbox Series X|S Account"},"content":{"rendered":"<h2 data-start=\"42\" data-end=\"129\">\ud83c\udfae <span class=\"hover:entity-accent entity-underline inline cursor-pointer align-baseline\"><span class=\"whitespace-normal\">Avatar: Frontiers of Pandora<\/span><\/span> \u2014 <strong data-start=\"88\" data-end=\"114\">Cuenta Xbox Series X|S<\/strong> Deluxe Edition<\/h2>\n<p data-start=\"131\" data-end=\"589\"><strong data-start=\"131\" data-end=\"205\">Avatar: Frontiers of Pandora \u2013 Deluxe Edition (CUENTA Xbox Series X|S)<\/strong> ofrece una experiencia <strong data-start=\"229\" data-end=\"282\">inmersiva de acci\u00f3n y aventura en primera persona<\/strong> ambientada en el impresionante mundo de <strong data-start=\"323\" data-end=\"334\">Pandora<\/strong>. Este producto se entrega como una <strong data-start=\"370\" data-end=\"400\">cuenta de Xbox preactivada<\/strong>, no como disco ni c\u00f3digo digital. La Deluxe Edition incluye el <strong data-start=\"464\" data-end=\"478\">juego base<\/strong> junto con <strong data-start=\"489\" data-end=\"540\">contenido cosm\u00e9tico y bonificaciones exclusivas<\/strong>, totalmente optimizado para <strong data-start=\"569\" data-end=\"588\">Xbox Series X|S<\/strong>.<\/p>\n<p data-start=\"591\" data-end=\"780\">Desarrollado con tecnolog\u00eda de \u00faltima generaci\u00f3n, el juego presenta gr\u00e1ficos espectaculares, combate din\u00e1mico y una exploraci\u00f3n profunda inspirada en el universo de Avatar de James Cameron.<\/p>\n<hr data-start=\"782\" data-end=\"785\" \/>\n<h3 data-start=\"787\" data-end=\"822\">\ud83c\udf3f Qu\u00e9 incluye (Deluxe Edition)<\/h3>\n<ul data-start=\"823\" data-end=\"1151\">\n<li data-start=\"823\" data-end=\"973\">\n<p data-start=\"825\" data-end=\"973\"><strong data-start=\"825\" data-end=\"870\">Avatar: Frontiers of Pandora \u2013 Juego base<\/strong><br data-start=\"870\" data-end=\"873\" \/>Explora la Frontera Occidental de Pandora como un Na\u2019vi, recupera tu herencia y defiende tu mundo.<\/p>\n<\/li>\n<li data-start=\"974\" data-end=\"1151\">\n<p data-start=\"976\" data-end=\"1010\"><strong data-start=\"976\" data-end=\"994\">Paquete Deluxe<\/strong>, que incluye:<\/p>\n<ul data-start=\"1013\" data-end=\"1151\">\n<li data-start=\"1013\" data-end=\"1053\">\n<p data-start=\"1015\" data-end=\"1053\">Conjunto cosm\u00e9tico de guerrero Na\u2019vi<\/p>\n<\/li>\n<li data-start=\"1056\" data-end=\"1094\">\n<p data-start=\"1058\" data-end=\"1094\">Aspectos para armas y equipamiento<\/p>\n<\/li>\n<li data-start=\"1097\" data-end=\"1151\">\n<p data-start=\"1099\" data-end=\"1151\">Equipo adicional y objetos de personalizaci\u00f3n visual<\/p>\n<\/li>\n<\/ul>\n<\/li>\n<\/ul>\n<hr data-start=\"1153\" data-end=\"1156\" \/>\n<h3 data-start=\"1158\" data-end=\"1190\">\ud83d\udda5\ufe0f Plataforma y rendimiento<\/h3>\n<ul data-start=\"1191\" data-end=\"1478\">\n<li data-start=\"1191\" data-end=\"1226\">\n<p data-start=\"1193\" data-end=\"1226\"><strong data-start=\"1193\" data-end=\"1208\">Plataforma:<\/strong> Xbox Series X|S<\/p>\n<\/li>\n<li data-start=\"1227\" data-end=\"1342\">\n<p data-start=\"1229\" data-end=\"1342\"><strong data-start=\"1229\" data-end=\"1245\">Rendimiento:<\/strong> Optimizado para la nueva generaci\u00f3n (cargas r\u00e1pidas, gr\u00e1ficos mejorados y rendimiento estable)<\/p>\n<\/li>\n<li data-start=\"1343\" data-end=\"1374\">\n<p data-start=\"1345\" data-end=\"1374\"><strong data-start=\"1345\" data-end=\"1357\">Edici\u00f3n:<\/strong> Deluxe Edition<\/p>\n<\/li>\n<li data-start=\"1375\" data-end=\"1427\">\n<p data-start=\"1377\" data-end=\"1427\"><strong data-start=\"1377\" data-end=\"1398\">Tipo de licencia:<\/strong> Cuenta de Xbox preactivada<\/p>\n<\/li>\n<li data-start=\"1428\" data-end=\"1478\">\n<p data-start=\"1430\" data-end=\"1478\"><strong data-start=\"1430\" data-end=\"1442\">Entrega:<\/strong> Digital (credenciales de la cuenta)<\/p>\n<\/li>\n<\/ul>\n<hr data-start=\"1480\" data-end=\"1483\" \/>\n<h3 data-start=\"1485\" data-end=\"1530\">\u26a0\ufe0f Informaci\u00f3n importante sobre la cuenta<\/h3>\n<ul data-start=\"1531\" data-end=\"2058\">\n<li data-start=\"1531\" data-end=\"1588\">\n<p data-start=\"1533\" data-end=\"1588\">Este producto <strong data-start=\"1547\" data-end=\"1586\">NO es una clave digital ni un disco<\/strong><\/p>\n<\/li>\n<li data-start=\"1589\" data-end=\"1671\">\n<p data-start=\"1591\" data-end=\"1671\">Se proporciona una <strong data-start=\"1610\" data-end=\"1644\">nueva cuenta de Xbox\/Microsoft<\/strong> con el juego ya activado<\/p>\n<\/li>\n<li data-start=\"1672\" data-end=\"1764\">\n<p data-start=\"1674\" data-end=\"1764\">Inicia sesi\u00f3n con la cuenta proporcionada, descarga el juego y luego juega en tu consola<\/p>\n<\/li>\n<li data-start=\"1765\" data-end=\"1865\">\n<p data-start=\"1767\" data-end=\"1865\"><strong data-start=\"1767\" data-end=\"1781\">No cambies<\/strong> la regi\u00f3n, el correo, la contrase\u00f1a ni la configuraci\u00f3n de seguridad de la cuenta<\/p>\n<\/li>\n<li data-start=\"1866\" data-end=\"1980\">\n<p data-start=\"1868\" data-end=\"1980\">A\u00f1adir m\u00e9todos de pago o modificar la cuenta puede provocar la <strong data-start=\"1931\" data-end=\"1978\">p\u00e9rdida de acceso o el bloqueo de la cuenta<\/strong><\/p>\n<\/li>\n<li data-start=\"1981\" data-end=\"2058\">\n<p data-start=\"1983\" data-end=\"2058\"><strong data-start=\"1983\" data-end=\"2011\">No se aceptan reembolsos<\/strong> si se incumplen las normas de uso de la cuenta<\/p>\n<\/li>\n<\/ul>\n<hr data-start=\"2060\" data-end=\"2063\" \/>\n<h3 data-start=\"2065\" data-end=\"2102\">\ud83c\udf0d Caracter\u00edsticas de jugabilidad<\/h3>\n<ul data-start=\"2103\" data-end=\"2387\">\n<li data-start=\"2103\" data-end=\"2180\">\n<p data-start=\"2105\" data-end=\"2180\">Extenso <strong data-start=\"2113\" data-end=\"2141\">mundo abierto de Pandora<\/strong> con selvas densas y fauna alien\u00edgena<\/p>\n<\/li>\n<li data-start=\"2181\" data-end=\"2258\">\n<p data-start=\"2183\" data-end=\"2258\"><strong data-start=\"2183\" data-end=\"2220\">Combate fluido en primera persona<\/strong> con armas Na\u2019vi y tecnolog\u00eda humana<\/p>\n<\/li>\n<li data-start=\"2259\" data-end=\"2322\">\n<p data-start=\"2261\" data-end=\"2322\">Exploraci\u00f3n, creaci\u00f3n de objetos y progresi\u00f3n del personaje<\/p>\n<\/li>\n<li data-start=\"2323\" data-end=\"2387\">\n<p data-start=\"2325\" data-end=\"2387\">Dise\u00f1ado espec\u00edficamente para <strong data-start=\"2355\" data-end=\"2387\">consolas de nueva generaci\u00f3n<\/strong><\/p>\n<\/li>\n<\/ul>\n<hr data-start=\"2389\" data-end=\"2392\" \/>\n<h3 data-start=\"2394\" data-end=\"2443\">\u2705 \u00bfPor qu\u00e9 elegir la Deluxe Edition (CUENTA)?<\/h3>\n<ul data-start=\"2444\" data-end=\"2688\">\n<li data-start=\"2444\" data-end=\"2505\">\n<p data-start=\"2446\" data-end=\"2505\">\ud83c\udf0c Experiencia completa de Avatar con contenido adicional<\/p>\n<\/li>\n<li data-start=\"2506\" data-end=\"2555\">\n<p data-start=\"2508\" data-end=\"2555\">\ud83c\udfae Totalmente optimizado para Xbox Series X|S<\/p>\n<\/li>\n<li data-start=\"2556\" data-end=\"2601\">\n<p data-start=\"2558\" data-end=\"2601\">\u23f1\ufe0f Acceso inmediato, sin canje de c\u00f3digos<\/p>\n<\/li>\n<li data-start=\"2602\" data-end=\"2635\">\n<p data-start=\"2604\" data-end=\"2635\">\ud83d\udcb3 No requiere m\u00e9todo de pago<\/p>\n<\/li>\n<li data-start=\"2636\" data-end=\"2688\">\n<p data-start=\"2638\" data-end=\"2688\">\ud83e\udde9 Ideal como cuenta dedicada o secundaria de Xbox<\/p>\n<\/li>\n<\/ul>\n<hr data-start=\"2690\" data-end=\"2693\" \/>\n<h3 data-start=\"2695\" data-end=\"2716\"><\/h3>","protected":false},"excerpt":{"rendered":"<ul>\n<li data-start=\"2717\" data-end=\"2767\">\n<p data-start=\"2719\" data-end=\"2767\">\ud83c\udf3f Avatar: Frontiers of Pandora Deluxe Edition<\/p>\n<\/li>\n<li data-start=\"2768\" data-end=\"2790\">\n<p data-start=\"2770\" data-end=\"2790\">\ud83c\udfae Xbox Series X|S<\/p>\n<\/li>\n<li data-start=\"2791\" data-end=\"2824\">\n<p data-start=\"2793\" data-end=\"2824\">\ud83d\udc64 Cuenta de Xbox preactivada<\/p>\n<\/li>\n<li data-start=\"2825\" data-end=\"2871\">\n<p data-start=\"2827\" data-end=\"2871\">\ud83d\udce6 Juego base + contenido Deluxe adicional<\/p>\n<\/li>\n<li data-start=\"2872\" data-end=\"2908\">\n<p data-start=\"2874\" data-end=\"2908\">\ud83d\udeab Sin disco \/ sin clave digital<\/p>\n<\/li>\n<li data-start=\"2909\" data-end=\"2938\" data-is-last-node=\"\">\n<p data-start=\"2911\" data-end=\"2938\" data-is-last-node=\"\">\ud83d\ude80 Acceso digital inmediato<\/p>\n<\/li>\n<\/ul>","protected":false},"featured_media":2030,"comment_status":"open","ping_status":"closed","template":"","meta":[],"product_brand":[],"product_cat":[107],"product_tag":[],"class_list":{"0":"post-2029","1":"product","2":"type-product","3":"status-publish","4":"has-post-thumbnail","6":"product_cat-juegos","8":"first","9":"instock","10":"shipping-taxable","11":"purchasable","12":"product-type-simple"},"_links":{"self":[{"href":"https:\/\/softsrl.mx\/es\/wp-json\/wp\/v2\/product\/2029","targetHints":{"allow":["GET"]}}],"collection":[{"href":"https:\/\/softsrl.mx\/es\/wp-json\/wp\/v2\/product"}],"about":[{"href":"https:\/\/softsrl.mx\/es\/wp-json\/wp\/v2\/types\/product"}],"replies":[{"embeddable":true,"href":"https:\/\/softsrl.mx\/es\/wp-json\/wp\/v2\/comments?post=2029"}],"wp:featuredmedia":[{"embeddable":true,"href":"https:\/\/softsrl.mx\/es\/wp-json\/wp\/v2\/media\/2030"}],"wp:attachment":[{"href":"https:\/\/softsrl.mx\/es\/wp-json\/wp\/v2\/media?parent=2029"}],"wp:term":[{"taxonomy":"product_brand","embeddable":true,"href":"https:\/\/softsrl.mx\/es\/wp-json\/wp\/v2\/product_brand?post=2029"},{"taxonomy":"product_cat","embeddable":true,"href":"https:\/\/softsrl.mx\/es\/wp-json\/wp\/v2\/product_cat?post=2029"},{"taxonomy":"product_tag","embeddable":true,"href":"https:\/\/softsrl.mx\/es\/wp-json\/wp\/v2\/product_tag?post=2029"}],"curies":[{"name":"wp","href":"https:\/\/api.w.org\/{rel}","templated":true}]}}