{"id":2031,"date":"2026-01-05T18:58:22","date_gmt":"2026-01-05T18:58:22","guid":{"rendered":"https:\/\/softsrl.mx\/?post_type=product&#038;p=2031"},"modified":"2026-03-30T15:07:37","modified_gmt":"2026-03-30T15:07:37","slug":"red-dead-redemption-2-steam-account","status":"publish","type":"product","link":"https:\/\/softsrl.mx\/es\/producto\/red-dead-redemption-2-steam-account\/","title":{"rendered":"Red Dead Redemption 2 Steam Account"},"content":{"rendered":"<h2 data-start=\"42\" data-end=\"109\">\ud83c\udfae <span class=\"hover:entity-accent entity-underline inline cursor-pointer align-baseline\"><span class=\"whitespace-normal\">Red Dead Redemption 2<\/span><\/span> \u2014 <strong data-start=\"88\" data-end=\"109\">CUENTA Steam (PC)<\/strong><\/h2>\n<p data-start=\"111\" data-end=\"517\"><strong data-start=\"111\" data-end=\"151\">Red Dead Redemption 2 (Cuenta Steam)<\/strong> ofrece la aclamada <strong data-start=\"171\" data-end=\"240\">aventura de acci\u00f3n de mundo abierto ambientada en el Lejano Oeste<\/strong> de Rockstar Games en <strong data-start=\"262\" data-end=\"286\">PC a trav\u00e9s de Steam<\/strong>. Este producto se entrega como una <strong data-start=\"322\" data-end=\"353\">cuenta de Steam preactivada<\/strong>, no como una clave digital. Recibir\u00e1s <strong data-start=\"392\" data-end=\"422\">las credenciales de acceso<\/strong> a una cuenta de Steam donde <strong data-start=\"451\" data-end=\"476\">Red Dead Redemption 2<\/strong> ya est\u00e1 comprado y listo para descargar.<\/p>\n<p data-start=\"519\" data-end=\"709\">Ambientado en una versi\u00f3n vasta y ricamente detallada de la frontera estadounidense, el juego ofrece una <strong data-start=\"624\" data-end=\"677\">experiencia narrativa inolvidable para un jugador<\/strong>, junto con <strong data-start=\"689\" data-end=\"708\">Red Dead Online<\/strong>.<\/p>\n<hr data-start=\"711\" data-end=\"714\" \/>\n<h3 data-start=\"716\" data-end=\"735\">\ud83c\udfdc\ufe0f Qu\u00e9 incluye<\/h3>\n<ul data-start=\"736\" data-end=\"1017\">\n<li data-start=\"736\" data-end=\"883\">\n<p data-start=\"738\" data-end=\"883\"><strong data-start=\"738\" data-end=\"785\">Red Dead Redemption 2 \u2013 Juego base completo<\/strong><br data-start=\"785\" data-end=\"788\" \/>Sigue la historia de <strong data-start=\"811\" data-end=\"828\">Arthur Morgan<\/strong>, un forajido que presencia el ocaso del Salvaje Oeste.<\/p>\n<\/li>\n<li data-start=\"884\" data-end=\"1017\">\n<p data-start=\"886\" data-end=\"1017\"><strong data-start=\"886\" data-end=\"905\">Red Dead Online<\/strong><br data-start=\"905\" data-end=\"908\" \/>Construye tu propia carrera como forajido en el modo online con misiones, roles y actividades multijugador.<\/p>\n<\/li>\n<\/ul>\n<hr data-start=\"1019\" data-end=\"1022\" \/>\n<h3 data-start=\"1024\" data-end=\"1062\">\ud83d\udda5\ufe0f Plataforma y detalles t\u00e9cnicos<\/h3>\n<ul data-start=\"1063\" data-end=\"1248\">\n<li data-start=\"1063\" data-end=\"1093\">\n<p data-start=\"1065\" data-end=\"1093\"><strong data-start=\"1065\" data-end=\"1080\">Plataforma:<\/strong> PC (Steam)<\/p>\n<\/li>\n<li data-start=\"1094\" data-end=\"1119\">\n<p data-start=\"1096\" data-end=\"1119\"><strong data-start=\"1096\" data-end=\"1108\">Edici\u00f3n:<\/strong> Est\u00e1ndar<\/p>\n<\/li>\n<li data-start=\"1120\" data-end=\"1143\">\n<p data-start=\"1122\" data-end=\"1143\"><strong data-start=\"1122\" data-end=\"1135\">Lanzador:<\/strong> Steam<\/p>\n<\/li>\n<li data-start=\"1144\" data-end=\"1197\">\n<p data-start=\"1146\" data-end=\"1197\"><strong data-start=\"1146\" data-end=\"1167\">Tipo de licencia:<\/strong> Cuenta de Steam preactivada<\/p>\n<\/li>\n<li data-start=\"1198\" data-end=\"1248\">\n<p data-start=\"1200\" data-end=\"1248\"><strong data-start=\"1200\" data-end=\"1212\">Entrega:<\/strong> Digital (credenciales de la cuenta)<\/p>\n<\/li>\n<\/ul>\n<hr data-start=\"1250\" data-end=\"1253\" \/>\n<h3 data-start=\"1255\" data-end=\"1300\">\u26a0\ufe0f Informaci\u00f3n importante sobre la cuenta<\/h3>\n<ul data-start=\"1301\" data-end=\"1796\">\n<li data-start=\"1301\" data-end=\"1347\">\n<p data-start=\"1303\" data-end=\"1347\">Este producto <strong data-start=\"1317\" data-end=\"1345\">NO es una clave de Steam<\/strong><\/p>\n<\/li>\n<li data-start=\"1348\" data-end=\"1421\">\n<p data-start=\"1350\" data-end=\"1421\">Se proporciona una <strong data-start=\"1369\" data-end=\"1394\">nueva cuenta de Steam<\/strong> con el juego ya activado<\/p>\n<\/li>\n<li data-start=\"1422\" data-end=\"1502\">\n<p data-start=\"1424\" data-end=\"1502\">Inicia sesi\u00f3n con las credenciales proporcionadas, descarga el juego y juega<\/p>\n<\/li>\n<li data-start=\"1503\" data-end=\"1603\">\n<p data-start=\"1505\" data-end=\"1603\"><strong data-start=\"1505\" data-end=\"1519\">No cambies<\/strong> el correo, la contrase\u00f1a, la regi\u00f3n ni la configuraci\u00f3n de seguridad de la cuenta<\/p>\n<\/li>\n<li data-start=\"1604\" data-end=\"1718\">\n<p data-start=\"1606\" data-end=\"1718\">A\u00f1adir m\u00e9todos de pago o modificar la cuenta puede provocar la <strong data-start=\"1669\" data-end=\"1716\">p\u00e9rdida de acceso o el bloqueo de la cuenta<\/strong><\/p>\n<\/li>\n<li data-start=\"1719\" data-end=\"1796\">\n<p data-start=\"1721\" data-end=\"1796\"><strong data-start=\"1721\" data-end=\"1749\">No se aceptan reembolsos<\/strong> si se incumplen las normas de uso de la cuenta<\/p>\n<\/li>\n<\/ul>\n<hr data-start=\"1798\" data-end=\"1801\" \/>\n<h3 data-start=\"1803\" data-end=\"1840\">\ud83c\udf0d Caracter\u00edsticas de jugabilidad<\/h3>\n<ul data-start=\"1841\" data-end=\"2171\">\n<li data-start=\"1841\" data-end=\"1929\">\n<p data-start=\"1843\" data-end=\"1929\">Enorme y vivo <strong data-start=\"1857\" data-end=\"1874\">mundo abierto<\/strong> con ciudades, naturaleza salvaje y eventos din\u00e1micos<\/p>\n<\/li>\n<li data-start=\"1930\" data-end=\"2035\">\n<p data-start=\"1932\" data-end=\"2035\">Profunda <strong data-start=\"1941\" data-end=\"1973\">campa\u00f1a para un solo jugador<\/strong>, centrada en la historia y con presentaci\u00f3n cinematogr\u00e1fica<\/p>\n<\/li>\n<li data-start=\"2036\" data-end=\"2111\">\n<p data-start=\"2038\" data-end=\"2111\">Tiroteos realistas, viajes a caballo, caza y mec\u00e1nicas de supervivencia<\/p>\n<\/li>\n<li data-start=\"2112\" data-end=\"2171\">\n<p data-start=\"2114\" data-end=\"2171\"><strong data-start=\"2114\" data-end=\"2133\">Red Dead Online<\/strong> con modos cooperativos y competitivos<\/p>\n<\/li>\n<\/ul>\n<hr data-start=\"2173\" data-end=\"2176\" \/>\n<h3 data-start=\"2178\" data-end=\"2224\">\u2705 \u00bfPor qu\u00e9 elegir la versi\u00f3n CUENTA Steam?<\/h3>\n<ul data-start=\"2225\" data-end=\"2413\">\n<li data-start=\"2225\" data-end=\"2268\">\n<p data-start=\"2227\" data-end=\"2268\">\u23f1\ufe0f Acceso inmediato, sin canjear claves<\/p>\n<\/li>\n<li data-start=\"2269\" data-end=\"2325\">\n<p data-start=\"2271\" data-end=\"2325\">\ud83c\udfae Experiencia completa en PC con funciones de Steam<\/p>\n<\/li>\n<li data-start=\"2326\" data-end=\"2359\">\n<p data-start=\"2328\" data-end=\"2359\">\ud83d\udcb3 No requiere m\u00e9todo de pago<\/p>\n<\/li>\n<li data-start=\"2360\" data-end=\"2413\">\n<p data-start=\"2362\" data-end=\"2413\">\ud83e\udde9 Ideal como cuenta de Steam secundaria o dedicada<\/p>\n<\/li>\n<\/ul>","protected":false},"excerpt":{"rendered":"<ul>\n<li data-start=\"2442\" data-end=\"2475\">\n<p data-start=\"2444\" data-end=\"2475\">\ud83e\udd20 Red Dead Redemption 2 (PC)<\/p>\n<\/li>\n<li data-start=\"2476\" data-end=\"2500\">\n<p data-start=\"2478\" data-end=\"2500\">\ud83d\udda5\ufe0f Plataforma Steam<\/p>\n<\/li>\n<li data-start=\"2501\" data-end=\"2535\">\n<p data-start=\"2503\" data-end=\"2535\">\ud83d\udc64 Cuenta de Steam preactivada<\/p>\n<\/li>\n<li data-start=\"2536\" data-end=\"2583\">\n<p data-start=\"2538\" data-end=\"2583\">\ud83c\udf0d Modo historia completo + Red Dead Online<\/p>\n<\/li>\n<li data-start=\"2584\" data-end=\"2608\">\n<p data-start=\"2586\" data-end=\"2608\">\ud83d\udeab Sin clave digital<\/p>\n<\/li>\n<li data-start=\"2609\" data-end=\"2638\" data-is-last-node=\"\">\n<p data-start=\"2611\" data-end=\"2638\" data-is-last-node=\"\">\ud83d\ude80 Acceso digital inmediato<\/p>\n<\/li>\n<\/ul>","protected":false},"featured_media":2032,"comment_status":"open","ping_status":"closed","template":"","meta":[],"product_brand":[],"product_cat":[107],"product_tag":[],"class_list":{"0":"post-2031","1":"product","2":"type-product","3":"status-publish","4":"has-post-thumbnail","6":"product_cat-juegos","8":"first","9":"instock","10":"shipping-taxable","11":"purchasable","12":"product-type-simple"},"_links":{"self":[{"href":"https:\/\/softsrl.mx\/es\/wp-json\/wp\/v2\/product\/2031","targetHints":{"allow":["GET"]}}],"collection":[{"href":"https:\/\/softsrl.mx\/es\/wp-json\/wp\/v2\/product"}],"about":[{"href":"https:\/\/softsrl.mx\/es\/wp-json\/wp\/v2\/types\/product"}],"replies":[{"embeddable":true,"href":"https:\/\/softsrl.mx\/es\/wp-json\/wp\/v2\/comments?post=2031"}],"wp:featuredmedia":[{"embeddable":true,"href":"https:\/\/softsrl.mx\/es\/wp-json\/wp\/v2\/media\/2032"}],"wp:attachment":[{"href":"https:\/\/softsrl.mx\/es\/wp-json\/wp\/v2\/media?parent=2031"}],"wp:term":[{"taxonomy":"product_brand","embeddable":true,"href":"https:\/\/softsrl.mx\/es\/wp-json\/wp\/v2\/product_brand?post=2031"},{"taxonomy":"product_cat","embeddable":true,"href":"https:\/\/softsrl.mx\/es\/wp-json\/wp\/v2\/product_cat?post=2031"},{"taxonomy":"product_tag","embeddable":true,"href":"https:\/\/softsrl.mx\/es\/wp-json\/wp\/v2\/product_tag?post=2031"}],"curies":[{"name":"wp","href":"https:\/\/api.w.org\/{rel}","templated":true}]}}