{"id":2044,"date":"2026-01-05T19:37:31","date_gmt":"2026-01-05T19:37:31","guid":{"rendered":"https:\/\/softsrl.mx\/?post_type=product&#038;p=2044"},"modified":"2026-03-30T15:05:45","modified_gmt":"2026-03-30T15:05:45","slug":"office-2024-pro-plus-lightroom-2026-para-windows","status":"publish","type":"product","link":"https:\/\/softsrl.mx\/es\/producto\/office-2024-pro-plus-lightroom-2026-para-windows\/","title":{"rendered":"Office 2024 Pro Plus + Lightroom 2026 (Para Windows)"},"content":{"rendered":"<h2 data-start=\"42\" data-end=\"106\">\ud83d\udcbc\ud83d\udcf8 <span class=\"hover:entity-accent entity-underline inline cursor-pointer align-baseline\"><span class=\"whitespace-normal\">Office 2024 Pro Plus + Lightroom 2026<\/span><\/span> \u2014 <strong data-start=\"90\" data-end=\"106\">Para Windows<\/strong><\/h2>\n<p data-start=\"108\" data-end=\"510\"><strong data-start=\"108\" data-end=\"164\">Office 2024 Pro Plus + Lightroom 2026 (para Windows)<\/strong> es un <strong data-start=\"171\" data-end=\"203\">paquete profesional completo<\/strong> que combina <strong data-start=\"216\" data-end=\"254\">productividad empresarial avanzada<\/strong> con <strong data-start=\"259\" data-end=\"304\">edici\u00f3n y gesti\u00f3n fotogr\u00e1fica profesional<\/strong>. Est\u00e1 dise\u00f1ado para empresas, fot\u00f3grafos, creadores de contenido y profesionales que necesitan herramientas potentes tanto para el trabajo diario de oficina como para el procesamiento avanzado de im\u00e1genes.<\/p>\n<hr data-start=\"512\" data-end=\"515\" \/>\n<h3 data-start=\"517\" data-end=\"535\">\ud83d\udce6 Qu\u00e9 incluye<\/h3>\n<ul data-start=\"536\" data-end=\"1320\">\n<li data-start=\"536\" data-end=\"988\">\n<p data-start=\"538\" data-end=\"817\"><strong data-start=\"538\" data-end=\"572\">Office 2024 Pro Plus (Windows)<\/strong><br data-start=\"572\" data-end=\"575\" \/>Suite profesional de <strong data-start=\"598\" data-end=\"620\">ofim\u00e1tica avanzada<\/strong> para uso comercial y empresarial. Permite crear, editar y gestionar documentos, hojas de c\u00e1lculo, presentaciones, correos electr\u00f3nicos y bases de datos de forma eficiente y segura.<br data-start=\"801\" data-end=\"804\" \/>Ideal para:<\/p>\n<ul data-start=\"820\" data-end=\"988\">\n<li data-start=\"820\" data-end=\"848\">\n<p data-start=\"822\" data-end=\"848\">Documentos profesionales<\/p>\n<\/li>\n<li data-start=\"851\" data-end=\"891\">\n<p data-start=\"853\" data-end=\"891\">An\u00e1lisis de datos y hojas de c\u00e1lculo<\/p>\n<\/li>\n<li data-start=\"894\" data-end=\"925\">\n<p data-start=\"896\" data-end=\"925\">Presentaciones corporativas<\/p>\n<\/li>\n<li data-start=\"928\" data-end=\"988\">\n<p data-start=\"930\" data-end=\"988\">Correo electr\u00f3nico, calendarios y gesti\u00f3n de informaci\u00f3n<\/p>\n<\/li>\n<\/ul>\n<\/li>\n<li data-start=\"990\" data-end=\"1320\">\n<p data-start=\"992\" data-end=\"1320\"><strong data-start=\"992\" data-end=\"1020\">Lightroom 2026 (Windows)<\/strong><br data-start=\"1020\" data-end=\"1023\" \/>Software profesional de <strong data-start=\"1049\" data-end=\"1087\">edici\u00f3n y organizaci\u00f3n fotogr\u00e1fica<\/strong>, utilizado por fot\u00f3grafos y creadores visuales para mejorar im\u00e1genes con ajustes precisos de color, luz y detalle. Ofrece un flujo de trabajo r\u00e1pido, no destructivo, ideal para grandes bibliotecas de fotos y proyectos profesionales.<\/p>\n<\/li>\n<\/ul>\n<hr data-start=\"1322\" data-end=\"1325\" \/>\n<h3 data-start=\"1327\" data-end=\"1362\">\ud83d\udda5\ufe0f Plataforma y compatibilidad<\/h3>\n<ul data-start=\"1363\" data-end=\"1560\">\n<li data-start=\"1363\" data-end=\"1413\">\n<p data-start=\"1365\" data-end=\"1413\"><strong data-start=\"1365\" data-end=\"1387\">Sistema operativo:<\/strong> Windows 10 \/ Windows 11<\/p>\n<\/li>\n<li data-start=\"1414\" data-end=\"1443\">\n<p data-start=\"1416\" data-end=\"1443\"><strong data-start=\"1416\" data-end=\"1433\">Arquitectura:<\/strong> 64 bits<\/p>\n<\/li>\n<li data-start=\"1444\" data-end=\"1477\">\n<p data-start=\"1446\" data-end=\"1477\"><strong data-start=\"1446\" data-end=\"1467\">Tipo de licencia:<\/strong> Digital<\/p>\n<\/li>\n<li data-start=\"1478\" data-end=\"1514\">\n<p data-start=\"1480\" data-end=\"1514\"><strong data-start=\"1480\" data-end=\"1488\">Uso:<\/strong> Profesional y comercial<\/p>\n<\/li>\n<li data-start=\"1515\" data-end=\"1560\">\n<p data-start=\"1517\" data-end=\"1560\"><strong data-start=\"1517\" data-end=\"1529\">Entrega:<\/strong> Digital (descarga electr\u00f3nica)<\/p>\n<\/li>\n<\/ul>\n<hr data-start=\"1562\" data-end=\"1565\" \/>\n<h3 data-start=\"1567\" data-end=\"1600\">\u2699\ufe0f Caracter\u00edsticas destacadas<\/h3>\n<ul data-start=\"1601\" data-end=\"1909\">\n<li data-start=\"1601\" data-end=\"1650\">\n<p data-start=\"1603\" data-end=\"1650\">Productividad completa para oficina y empresa<\/p>\n<\/li>\n<li data-start=\"1651\" data-end=\"1708\">\n<p data-start=\"1653\" data-end=\"1708\">Edici\u00f3n fotogr\u00e1fica profesional con ajustes avanzados<\/p>\n<\/li>\n<li data-start=\"1709\" data-end=\"1768\">\n<p data-start=\"1711\" data-end=\"1768\">Organizaci\u00f3n eficiente de grandes cat\u00e1logos de im\u00e1genes<\/p>\n<\/li>\n<li data-start=\"1769\" data-end=\"1842\">\n<p data-start=\"1771\" data-end=\"1842\">Flujo de trabajo equilibrado entre tareas administrativas y creativas<\/p>\n<\/li>\n<li data-start=\"1843\" data-end=\"1909\">\n<p data-start=\"1845\" data-end=\"1909\">Ideal para marketing, fotograf\u00eda, dise\u00f1o y creaci\u00f3n de contenido<\/p>\n<\/li>\n<\/ul>\n<hr data-start=\"1911\" data-end=\"1914\" \/>\n<h3 data-start=\"1916\" data-end=\"1940\">\u26a0\ufe0f Notas importantes<\/h3>\n<ul data-start=\"1941\" data-end=\"2186\">\n<li data-start=\"1941\" data-end=\"1980\">\n<p data-start=\"1943\" data-end=\"1980\">Exclusivo para <strong data-start=\"1958\" data-end=\"1978\">sistemas Windows<\/strong><\/p>\n<\/li>\n<li data-start=\"1981\" data-end=\"2056\">\n<p data-start=\"1983\" data-end=\"2056\">Se recomienda conexi\u00f3n a Internet para la instalaci\u00f3n y actualizaciones<\/p>\n<\/li>\n<li data-start=\"2057\" data-end=\"2114\">\n<p data-start=\"2059\" data-end=\"2114\">Producto <strong data-start=\"2068\" data-end=\"2085\">100 % digital<\/strong>, no incluye soporte f\u00edsico<\/p>\n<\/li>\n<li data-start=\"2115\" data-end=\"2186\">\n<p data-start=\"2117\" data-end=\"2186\">Dise\u00f1ado para <strong data-start=\"2131\" data-end=\"2149\">uso individual<\/strong>, seg\u00fan el tipo de licencia adquirida<\/p>\n<\/li>\n<\/ul>\n<hr data-start=\"2188\" data-end=\"2191\" \/>\n<h3 data-start=\"2193\" data-end=\"2228\">\u2705 \u00bfPor qu\u00e9 elegir este paquete?<\/h3>\n<p data-start=\"2229\" data-end=\"2417\">Es la soluci\u00f3n ideal para quienes buscan <strong data-start=\"2270\" data-end=\"2330\">productividad profesional y edici\u00f3n fotogr\u00e1fica avanzada<\/strong> en un solo paquete, optimizando tiempo y recursos con herramientas fiables y modernas.<\/p>","protected":false},"excerpt":{"rendered":"<div class=\"flex flex-col text-sm pb-25\">\n<article class=\"text-token-text-primary w-full focus:outline-none [--shadow-height:45px] has-data-writing-block:pointer-events-none has-data-writing-block:-mt-(--shadow-height) has-data-writing-block:pt-(--shadow-height) [&amp;:has([data-writing-block])&gt;*]:pointer-events-auto scroll-mt-[calc(var(--header-height)+min(200px,max(70px,20svh)))]\" dir=\"auto\" tabindex=\"-1\" data-turn-id=\"request-695bfd8b-e514-832f-801b-599a527652a4-7\" data-testid=\"conversation-turn-42\" data-scroll-anchor=\"true\" data-turn=\"assistant\">\n<div class=\"text-base my-auto mx-auto pb-10 [--thread-content-margin:--spacing(4)] @w-sm\/main:[--thread-content-margin:--spacing(6)] @w-lg\/main:[--thread-content-margin:--spacing(16)] px-(--thread-content-margin)\">\n<div class=\"[--thread-content-max-width:40rem] @w-lg\/main:[--thread-content-max-width:48rem] mx-auto max-w-(--thread-content-max-width) flex-1 group\/turn-messages focus-visible:outline-hidden relative flex w-full min-w-0 flex-col agent-turn\" tabindex=\"-1\">\n<div class=\"flex max-w-full flex-col grow\">\n<div class=\"min-h-8 text-message relative flex w-full flex-col items-end gap-2 text-start break-words whitespace-normal [.text-message+&amp;]:mt-1\" dir=\"auto\" data-message-author-role=\"assistant\" data-message-id=\"1e477481-6d0b-4954-876e-b39068147c74\" data-message-model-slug=\"gpt-5-2\">\n<div class=\"flex w-full flex-col gap-1 empty:hidden first:pt-[1px]\">\n<div class=\"markdown prose dark:prose-invert w-full break-words dark markdown-new-styling\">\n<ul data-start=\"2446\" data-end=\"2640\" data-is-last-node=\"\" data-is-only-node=\"\">\n<li data-start=\"2446\" data-end=\"2473\">\n<p data-start=\"2448\" data-end=\"2473\">\ud83d\udcbc Office 2024 Pro Plus<\/p>\n<\/li>\n<li data-start=\"2474\" data-end=\"2495\">\n<p data-start=\"2476\" data-end=\"2495\">\ud83d\udcf8 Lightroom 2026<\/p>\n<\/li>\n<li data-start=\"2496\" data-end=\"2519\">\n<p data-start=\"2498\" data-end=\"2519\">\ud83d\udda5\ufe0f Windows 10 \/ 11<\/p>\n<\/li>\n<li data-start=\"2520\" data-end=\"2552\">\n<p data-start=\"2522\" data-end=\"2552\">\ud83d\udcca Productividad empresarial<\/p>\n<\/li>\n<li data-start=\"2553\" data-end=\"2591\">\n<p data-start=\"2555\" data-end=\"2591\">\ud83c\udfa8 Edici\u00f3n fotogr\u00e1fica profesional<\/p>\n<\/li>\n<li data-start=\"2592\" data-end=\"2619\">\n<p data-start=\"2594\" data-end=\"2619\">\ud83d\ude80 Soluci\u00f3n todo en uno<\/p>\n<\/li>\n<li data-start=\"2620\" data-end=\"2640\" data-is-last-node=\"\">\n<p data-start=\"2622\" data-end=\"2640\" data-is-last-node=\"\">\ud83c\udf10 Entrega digital<\/p>\n<\/li>\n<\/ul>\n<\/div>\n<\/div>\n<\/div>\n<\/div>\n<div class=\"z-0 flex min-h-[46px] justify-start\"><\/div>\n<div class=\"mt-3 w-full empty:hidden\">\n<div class=\"text-center\"><\/div>\n<\/div>\n<\/div>\n<\/div>\n<\/article>\n<\/div>\n<div class=\"pointer-events-none h-px w-px absolute bottom-0\" aria-hidden=\"true\" data-edge=\"true\"><\/div>\n","protected":false},"featured_media":2045,"comment_status":"open","ping_status":"closed","template":"","meta":[],"product_brand":[],"product_cat":[34,35],"product_tag":[],"class_list":{"0":"post-2044","1":"product","2":"type-product","3":"status-publish","4":"has-post-thumbnail","6":"product_cat-grafico","7":"product_cat-ofertas-de-paquetes","9":"first","10":"instock","11":"sale","12":"shipping-taxable","13":"purchasable","14":"product-type-simple"},"_links":{"self":[{"href":"https:\/\/softsrl.mx\/es\/wp-json\/wp\/v2\/product\/2044","targetHints":{"allow":["GET"]}}],"collection":[{"href":"https:\/\/softsrl.mx\/es\/wp-json\/wp\/v2\/product"}],"about":[{"href":"https:\/\/softsrl.mx\/es\/wp-json\/wp\/v2\/types\/product"}],"replies":[{"embeddable":true,"href":"https:\/\/softsrl.mx\/es\/wp-json\/wp\/v2\/comments?post=2044"}],"wp:featuredmedia":[{"embeddable":true,"href":"https:\/\/softsrl.mx\/es\/wp-json\/wp\/v2\/media\/2045"}],"wp:attachment":[{"href":"https:\/\/softsrl.mx\/es\/wp-json\/wp\/v2\/media?parent=2044"}],"wp:term":[{"taxonomy":"product_brand","embeddable":true,"href":"https:\/\/softsrl.mx\/es\/wp-json\/wp\/v2\/product_brand?post=2044"},{"taxonomy":"product_cat","embeddable":true,"href":"https:\/\/softsrl.mx\/es\/wp-json\/wp\/v2\/product_cat?post=2044"},{"taxonomy":"product_tag","embeddable":true,"href":"https:\/\/softsrl.mx\/es\/wp-json\/wp\/v2\/product_tag?post=2044"}],"curies":[{"name":"wp","href":"https:\/\/api.w.org\/{rel}","templated":true}]}}