{"id":2050,"date":"2026-01-06T12:45:57","date_gmt":"2026-01-06T12:45:57","guid":{"rendered":"https:\/\/softsrl.mx\/?post_type=product&#038;p=2050"},"modified":"2026-03-30T15:04:23","modified_gmt":"2026-03-30T15:04:23","slug":"lightroom-classic-2025-acrobat-2025-pro-para-windows","status":"publish","type":"product","link":"https:\/\/softsrl.mx\/es\/producto\/lightroom-classic-2025-acrobat-2025-pro-para-windows\/","title":{"rendered":"Lightroom Classic 2025 + Acrobat 2025 Pro (Para Windows)"},"content":{"rendered":"<h2 data-start=\"42\" data-end=\"106\">\ud83d\udcf8\ud83d\udcc4 <span class=\"hover:entity-accent entity-underline inline cursor-pointer align-baseline\"><span class=\"whitespace-normal\">Lightroom Classic 2025 + Acrobat Pro 2025<\/span><\/span> \u2014 <strong data-start=\"90\" data-end=\"106\">Para Windows<\/strong><\/h2>\n<p data-start=\"108\" data-end=\"486\"><strong data-start=\"108\" data-end=\"168\">Lightroom Classic 2025 + Acrobat Pro 2025 (para Windows)<\/strong> es un <strong data-start=\"175\" data-end=\"207\">paquete profesional completo<\/strong> que combina <strong data-start=\"220\" data-end=\"262\">edici\u00f3n y gesti\u00f3n fotogr\u00e1fica avanzada<\/strong> con <strong data-start=\"267\" data-end=\"328\">creaci\u00f3n, edici\u00f3n y gesti\u00f3n profesional de documentos PDF<\/strong>. Est\u00e1 pensado para fot\u00f3grafos, dise\u00f1adores, empresas y profesionales que trabajan a diario tanto con im\u00e1genes de alta calidad como con documentaci\u00f3n digital.<\/p>\n<hr data-start=\"488\" data-end=\"491\" \/>\n<h3 data-start=\"493\" data-end=\"511\">\ud83d\udce6 Qu\u00e9 incluye<\/h3>\n<ul data-start=\"512\" data-end=\"1450\">\n<li data-start=\"512\" data-end=\"999\">\n<p data-start=\"514\" data-end=\"840\"><strong data-start=\"514\" data-end=\"550\">Lightroom Classic 2025 (Windows)<\/strong><br data-start=\"550\" data-end=\"553\" \/>Software profesional de <strong data-start=\"579\" data-end=\"645\">edici\u00f3n y organizaci\u00f3n fotogr\u00e1fica basada en cat\u00e1logos locales<\/strong>. Ideal para fot\u00f3grafos que manejan grandes vol\u00famenes de im\u00e1genes y necesitan un control preciso del color, la luz y el detalle mediante un flujo de trabajo <strong data-start=\"802\" data-end=\"820\">no destructivo<\/strong>.<br data-start=\"821\" data-end=\"824\" \/>Perfecto para:<\/p>\n<ul data-start=\"843\" data-end=\"999\">\n<li data-start=\"843\" data-end=\"869\">\n<p data-start=\"845\" data-end=\"869\">Fotograf\u00eda profesional<\/p>\n<\/li>\n<li data-start=\"872\" data-end=\"912\">\n<p data-start=\"874\" data-end=\"912\">Organizaci\u00f3n avanzada de bibliotecas<\/p>\n<\/li>\n<li data-start=\"915\" data-end=\"952\">\n<p data-start=\"917\" data-end=\"952\">Ajustes detallados y consistentes<\/p>\n<\/li>\n<li data-start=\"955\" data-end=\"999\">\n<p data-start=\"957\" data-end=\"999\">Trabajo local sin dependencia de la nube<\/p>\n<\/li>\n<\/ul>\n<\/li>\n<li data-start=\"1001\" data-end=\"1450\">\n<p data-start=\"1003\" data-end=\"1306\"><strong data-start=\"1003\" data-end=\"1033\">Acrobat Pro 2025 (Windows)<\/strong><br data-start=\"1033\" data-end=\"1036\" \/>Soluci\u00f3n profesional para <strong data-start=\"1064\" data-end=\"1124\">crear, editar, convertir, firmar y proteger archivos PDF<\/strong>. Permite trabajar con documentos complejos, formularios interactivos y flujos de firma digital, siendo ideal para entornos empresariales y profesionales.<br data-start=\"1278\" data-end=\"1281\" \/>Incluye funciones para:<\/p>\n<ul data-start=\"1309\" data-end=\"1450\">\n<li data-start=\"1309\" data-end=\"1337\">\n<p data-start=\"1311\" data-end=\"1337\">Edici\u00f3n completa de PDFs<\/p>\n<\/li>\n<li data-start=\"1340\" data-end=\"1383\">\n<p data-start=\"1342\" data-end=\"1383\">Conversi\u00f3n desde y hacia otros formatos<\/p>\n<\/li>\n<li data-start=\"1386\" data-end=\"1409\">\n<p data-start=\"1388\" data-end=\"1409\">Firmas electr\u00f3nicas<\/p>\n<\/li>\n<li data-start=\"1412\" data-end=\"1450\">\n<p data-start=\"1414\" data-end=\"1450\">Protecci\u00f3n y control de documentos<\/p>\n<\/li>\n<\/ul>\n<\/li>\n<\/ul>\n<hr data-start=\"1452\" data-end=\"1455\" \/>\n<h3 data-start=\"1457\" data-end=\"1492\">\ud83d\udda5\ufe0f Plataforma y compatibilidad<\/h3>\n<ul data-start=\"1493\" data-end=\"1690\">\n<li data-start=\"1493\" data-end=\"1543\">\n<p data-start=\"1495\" data-end=\"1543\"><strong data-start=\"1495\" data-end=\"1517\">Sistema operativo:<\/strong> Windows 10 \/ Windows 11<\/p>\n<\/li>\n<li data-start=\"1544\" data-end=\"1573\">\n<p data-start=\"1546\" data-end=\"1573\"><strong data-start=\"1546\" data-end=\"1563\">Arquitectura:<\/strong> 64 bits<\/p>\n<\/li>\n<li data-start=\"1574\" data-end=\"1607\">\n<p data-start=\"1576\" data-end=\"1607\"><strong data-start=\"1576\" data-end=\"1597\">Tipo de licencia:<\/strong> Digital<\/p>\n<\/li>\n<li data-start=\"1608\" data-end=\"1644\">\n<p data-start=\"1610\" data-end=\"1644\"><strong data-start=\"1610\" data-end=\"1618\">Uso:<\/strong> Profesional y comercial<\/p>\n<\/li>\n<li data-start=\"1645\" data-end=\"1690\">\n<p data-start=\"1647\" data-end=\"1690\"><strong data-start=\"1647\" data-end=\"1659\">Entrega:<\/strong> Digital (descarga electr\u00f3nica)<\/p>\n<\/li>\n<\/ul>\n<hr data-start=\"1692\" data-end=\"1695\" \/>\n<h3 data-start=\"1697\" data-end=\"1730\">\u2699\ufe0f Caracter\u00edsticas destacadas<\/h3>\n<ul data-start=\"1731\" data-end=\"2006\">\n<li data-start=\"1731\" data-end=\"1784\">\n<p data-start=\"1733\" data-end=\"1784\">Edici\u00f3n fotogr\u00e1fica profesional con control total<\/p>\n<\/li>\n<li data-start=\"1785\" data-end=\"1839\">\n<p data-start=\"1787\" data-end=\"1839\">Gesti\u00f3n eficiente de grandes cat\u00e1logos de im\u00e1genes<\/p>\n<\/li>\n<li data-start=\"1840\" data-end=\"1889\">\n<p data-start=\"1842\" data-end=\"1889\">Creaci\u00f3n y edici\u00f3n avanzada de documentos PDF<\/p>\n<\/li>\n<li data-start=\"1890\" data-end=\"1946\">\n<p data-start=\"1892\" data-end=\"1946\">Ideal para fot\u00f3grafos, estudios creativos y empresas<\/p>\n<\/li>\n<li data-start=\"1947\" data-end=\"2006\">\n<p data-start=\"1949\" data-end=\"2006\">Flujo de trabajo equilibrado entre imagen y documentaci\u00f3n<\/p>\n<\/li>\n<\/ul>\n<hr data-start=\"2008\" data-end=\"2011\" \/>\n<h3 data-start=\"2013\" data-end=\"2037\">\u26a0\ufe0f Notas importantes<\/h3>\n<ul data-start=\"2038\" data-end=\"2280\">\n<li data-start=\"2038\" data-end=\"2077\">\n<p data-start=\"2040\" data-end=\"2077\">Exclusivo para <strong data-start=\"2055\" data-end=\"2075\">sistemas Windows<\/strong><\/p>\n<\/li>\n<li data-start=\"2078\" data-end=\"2150\">\n<p data-start=\"2080\" data-end=\"2150\">Se recomienda conexi\u00f3n a Internet para instalaci\u00f3n y actualizaciones<\/p>\n<\/li>\n<li data-start=\"2151\" data-end=\"2208\">\n<p data-start=\"2153\" data-end=\"2208\">Producto <strong data-start=\"2162\" data-end=\"2179\">100 % digital<\/strong>, no incluye soporte f\u00edsico<\/p>\n<\/li>\n<li data-start=\"2209\" data-end=\"2280\">\n<p data-start=\"2211\" data-end=\"2280\">Dise\u00f1ado para <strong data-start=\"2225\" data-end=\"2243\">uso individual<\/strong>, seg\u00fan el tipo de licencia adquirida<\/p>\n<\/li>\n<\/ul>\n<hr data-start=\"2282\" data-end=\"2285\" \/>\n<h3 data-start=\"2287\" data-end=\"2322\">\u2705 \u00bfPor qu\u00e9 elegir este paquete?<\/h3>\n<p data-start=\"2323\" data-end=\"2517\">Es la opci\u00f3n ideal para quienes necesitan <strong data-start=\"2365\" data-end=\"2421\">fotograf\u00eda profesional y gesti\u00f3n documental avanzada<\/strong> en un solo paquete, optimizando tiempo y productividad con herramientas fiables y consolidadas.<\/p>","protected":false},"excerpt":{"rendered":"<ul>\n<li data-start=\"2546\" data-end=\"2575\">\n<p data-start=\"2548\" data-end=\"2575\">\ud83d\udcf8 Lightroom Classic 2025<\/p>\n<\/li>\n<li data-start=\"2576\" data-end=\"2599\">\n<p data-start=\"2578\" data-end=\"2599\">\ud83d\udcc4 Acrobat Pro 2025<\/p>\n<\/li>\n<li data-start=\"2600\" data-end=\"2623\">\n<p data-start=\"2602\" data-end=\"2623\">\ud83d\udda5\ufe0f Windows 10 \/ 11<\/p>\n<\/li>\n<li data-start=\"2624\" data-end=\"2660\">\n<p data-start=\"2626\" data-end=\"2660\">\ud83d\uddc2\ufe0f Gesti\u00f3n fotogr\u00e1fica avanzada<\/p>\n<\/li>\n<li data-start=\"2661\" data-end=\"2703\">\n<p data-start=\"2663\" data-end=\"2703\">\u270d\ufe0f Edici\u00f3n y firma profesional de PDFs<\/p>\n<\/li>\n<li data-start=\"2704\" data-end=\"2743\">\n<p data-start=\"2706\" data-end=\"2743\">\ud83d\ude80 Soluci\u00f3n profesional todo en uno<\/p>\n<\/li>\n<li data-start=\"2744\" data-end=\"2764\" data-is-last-node=\"\">\n<p data-start=\"2746\" data-end=\"2764\" data-is-last-node=\"\">\ud83c\udf10 Entrega digital<\/p>\n<\/li>\n<\/ul>","protected":false},"featured_media":1819,"comment_status":"open","ping_status":"closed","template":"","meta":[],"product_brand":[],"product_cat":[34,35],"product_tag":[],"class_list":{"0":"post-2050","1":"product","2":"type-product","3":"status-publish","4":"has-post-thumbnail","6":"product_cat-grafico","7":"product_cat-ofertas-de-paquetes","9":"first","10":"instock","11":"sale","12":"shipping-taxable","13":"purchasable","14":"product-type-simple"},"_links":{"self":[{"href":"https:\/\/softsrl.mx\/es\/wp-json\/wp\/v2\/product\/2050","targetHints":{"allow":["GET"]}}],"collection":[{"href":"https:\/\/softsrl.mx\/es\/wp-json\/wp\/v2\/product"}],"about":[{"href":"https:\/\/softsrl.mx\/es\/wp-json\/wp\/v2\/types\/product"}],"replies":[{"embeddable":true,"href":"https:\/\/softsrl.mx\/es\/wp-json\/wp\/v2\/comments?post=2050"}],"wp:featuredmedia":[{"embeddable":true,"href":"https:\/\/softsrl.mx\/es\/wp-json\/wp\/v2\/media\/1819"}],"wp:attachment":[{"href":"https:\/\/softsrl.mx\/es\/wp-json\/wp\/v2\/media?parent=2050"}],"wp:term":[{"taxonomy":"product_brand","embeddable":true,"href":"https:\/\/softsrl.mx\/es\/wp-json\/wp\/v2\/product_brand?post=2050"},{"taxonomy":"product_cat","embeddable":true,"href":"https:\/\/softsrl.mx\/es\/wp-json\/wp\/v2\/product_cat?post=2050"},{"taxonomy":"product_tag","embeddable":true,"href":"https:\/\/softsrl.mx\/es\/wp-json\/wp\/v2\/product_tag?post=2050"}],"curies":[{"name":"wp","href":"https:\/\/api.w.org\/{rel}","templated":true}]}}