{"id":2052,"date":"2026-01-06T12:50:46","date_gmt":"2026-01-06T12:50:46","guid":{"rendered":"https:\/\/softsrl.mx\/?post_type=product&#038;p=2052"},"modified":"2026-03-30T15:03:47","modified_gmt":"2026-03-30T15:03:47","slug":"illustrator-2025-acrobat-pro-2025-para-windows","status":"publish","type":"product","link":"https:\/\/softsrl.mx\/es\/producto\/illustrator-2025-acrobat-pro-2025-para-windows\/","title":{"rendered":"Illustrator 2025 + Acrobat Pro 2025 (para windows)"},"content":{"rendered":"<h2 data-start=\"42\" data-end=\"106\">\ud83c\udfa8\ud83d\udcc4 <span class=\"hover:entity-accent entity-underline inline cursor-pointer align-baseline\"><span class=\"whitespace-normal\">Illustrator 2025 + Acrobat Pro 2025<\/span><\/span> \u2014 <strong data-start=\"90\" data-end=\"106\">Para Windows<\/strong><\/h2>\n<p data-start=\"108\" data-end=\"478\"><strong data-start=\"108\" data-end=\"162\">Illustrator 2025 + Acrobat Pro 2025 (para Windows)<\/strong> es un <strong data-start=\"169\" data-end=\"201\">paquete profesional completo<\/strong> que combina <strong data-start=\"214\" data-end=\"252\">dise\u00f1o vectorial de alta precisi\u00f3n<\/strong> con <strong data-start=\"257\" data-end=\"306\">creaci\u00f3n y edici\u00f3n avanzada de documentos PDF<\/strong>. Est\u00e1 pensado para dise\u00f1adores gr\u00e1ficos, agencias creativas, profesionales del marketing y empresas que trabajan a diario con gr\u00e1ficos vectoriales y documentaci\u00f3n digital.<\/p>\n<hr data-start=\"480\" data-end=\"483\" \/>\n<h3 data-start=\"485\" data-end=\"503\">\ud83d\udce6 Qu\u00e9 incluye<\/h3>\n<ul data-start=\"504\" data-end=\"1091\">\n<li data-start=\"504\" data-end=\"808\">\n<p data-start=\"506\" data-end=\"808\"><strong data-start=\"506\" data-end=\"536\">Illustrator 2025 (Windows)<\/strong><br data-start=\"536\" data-end=\"539\" \/>Software profesional de <strong data-start=\"565\" data-end=\"585\">dise\u00f1o vectorial<\/strong>, ideal para la creaci\u00f3n de logotipos, ilustraciones, iconos, gr\u00e1ficos, tipograf\u00edas y material de identidad visual. Permite trabajar con dise\u00f1os escalables sin p\u00e9rdida de calidad, perfecto para impresi\u00f3n y medios digitales.<\/p>\n<\/li>\n<li data-start=\"810\" data-end=\"1091\">\n<p data-start=\"812\" data-end=\"1091\"><strong data-start=\"812\" data-end=\"842\">Acrobat Pro 2025 (Windows)<\/strong><br data-start=\"842\" data-end=\"845\" \/>Herramienta profesional para <strong data-start=\"876\" data-end=\"936\">crear, editar, convertir, firmar y proteger archivos PDF<\/strong>. Facilita el trabajo con documentos complejos, formularios interactivos y flujos de firma electr\u00f3nica, tanto en entornos profesionales como empresariales.<\/p>\n<\/li>\n<\/ul>\n<hr data-start=\"1093\" data-end=\"1096\" \/>\n<h3 data-start=\"1098\" data-end=\"1133\">\ud83d\udda5\ufe0f Plataforma y compatibilidad<\/h3>\n<ul data-start=\"1134\" data-end=\"1331\">\n<li data-start=\"1134\" data-end=\"1184\">\n<p data-start=\"1136\" data-end=\"1184\"><strong data-start=\"1136\" data-end=\"1158\">Sistema operativo:<\/strong> Windows 10 \/ Windows 11<\/p>\n<\/li>\n<li data-start=\"1185\" data-end=\"1214\">\n<p data-start=\"1187\" data-end=\"1214\"><strong data-start=\"1187\" data-end=\"1204\">Arquitectura:<\/strong> 64 bits<\/p>\n<\/li>\n<li data-start=\"1215\" data-end=\"1248\">\n<p data-start=\"1217\" data-end=\"1248\"><strong data-start=\"1217\" data-end=\"1238\">Tipo de licencia:<\/strong> Digital<\/p>\n<\/li>\n<li data-start=\"1249\" data-end=\"1285\">\n<p data-start=\"1251\" data-end=\"1285\"><strong data-start=\"1251\" data-end=\"1259\">Uso:<\/strong> Profesional y comercial<\/p>\n<\/li>\n<li data-start=\"1286\" data-end=\"1331\">\n<p data-start=\"1288\" data-end=\"1331\"><strong data-start=\"1288\" data-end=\"1300\">Entrega:<\/strong> Digital (descarga electr\u00f3nica)<\/p>\n<\/li>\n<\/ul>\n<hr data-start=\"1333\" data-end=\"1336\" \/>\n<h3 data-start=\"1338\" data-end=\"1371\">\u2699\ufe0f Caracter\u00edsticas destacadas<\/h3>\n<ul data-start=\"1372\" data-end=\"1677\">\n<li data-start=\"1372\" data-end=\"1414\">\n<p data-start=\"1374\" data-end=\"1414\">Dise\u00f1o vectorial preciso y profesional<\/p>\n<\/li>\n<li data-start=\"1415\" data-end=\"1462\">\n<p data-start=\"1417\" data-end=\"1462\">Edici\u00f3n completa y gesti\u00f3n avanzada de PDFs<\/p>\n<\/li>\n<li data-start=\"1463\" data-end=\"1536\">\n<p data-start=\"1465\" data-end=\"1536\">Ideal para branding, impresi\u00f3n, marketing y documentaci\u00f3n corporativa<\/p>\n<\/li>\n<li data-start=\"1537\" data-end=\"1615\">\n<p data-start=\"1539\" data-end=\"1615\">Compatibilidad con proyectos de alta calidad y flujos de trabajo exigentes<\/p>\n<\/li>\n<li data-start=\"1616\" data-end=\"1677\">\n<p data-start=\"1618\" data-end=\"1677\">Soluci\u00f3n equilibrada entre creatividad y gesti\u00f3n documental<\/p>\n<\/li>\n<\/ul>\n<hr data-start=\"1679\" data-end=\"1682\" \/>\n<h3 data-start=\"1684\" data-end=\"1708\">\u26a0\ufe0f Notas importantes<\/h3>\n<ul data-start=\"1709\" data-end=\"1954\">\n<li data-start=\"1709\" data-end=\"1748\">\n<p data-start=\"1711\" data-end=\"1748\">Exclusivo para <strong data-start=\"1726\" data-end=\"1746\">sistemas Windows<\/strong><\/p>\n<\/li>\n<li data-start=\"1749\" data-end=\"1824\">\n<p data-start=\"1751\" data-end=\"1824\">Se recomienda conexi\u00f3n a Internet para la instalaci\u00f3n y actualizaciones<\/p>\n<\/li>\n<li data-start=\"1825\" data-end=\"1882\">\n<p data-start=\"1827\" data-end=\"1882\">Producto <strong data-start=\"1836\" data-end=\"1853\">100 % digital<\/strong>, no incluye soporte f\u00edsico<\/p>\n<\/li>\n<li data-start=\"1883\" data-end=\"1954\">\n<p data-start=\"1885\" data-end=\"1954\">Dise\u00f1ado para <strong data-start=\"1899\" data-end=\"1917\">uso individual<\/strong>, seg\u00fan el tipo de licencia adquirida<\/p>\n<\/li>\n<\/ul>\n<hr data-start=\"1956\" data-end=\"1959\" \/>\n<h3 data-start=\"1961\" data-end=\"1996\">\u2705 \u00bfPor qu\u00e9 elegir este paquete?<\/h3>\n<p data-start=\"1997\" data-end=\"2206\">Es la opci\u00f3n ideal para quienes necesitan <strong data-start=\"2039\" data-end=\"2071\">crear gr\u00e1ficos profesionales<\/strong> y <strong data-start=\"2074\" data-end=\"2112\">gestionar documentos PDF avanzados<\/strong> en un solo paquete, mejorando productividad y calidad en proyectos creativos y empresariales.<\/p>\n<hr data-start=\"2208\" data-end=\"2211\" \/>\n<h3 data-start=\"2213\" data-end=\"2234\"><\/h3>","protected":false},"excerpt":{"rendered":"<div class=\"flex flex-col text-sm pb-25\">\n<article class=\"text-token-text-primary w-full focus:outline-none [--shadow-height:45px] has-data-writing-block:pointer-events-none has-data-writing-block:-mt-(--shadow-height) has-data-writing-block:pt-(--shadow-height) [&amp;:has([data-writing-block])&gt;*]:pointer-events-auto scroll-mt-[calc(var(--header-height)+min(200px,max(70px,20svh)))]\" dir=\"auto\" tabindex=\"-1\" data-turn-id=\"request-695bfd8b-e514-832f-801b-599a527652a4-4\" data-testid=\"conversation-turn-54\" data-scroll-anchor=\"true\" data-turn=\"assistant\">\n<div class=\"text-base my-auto mx-auto pb-10 [--thread-content-margin:--spacing(4)] @w-sm\/main:[--thread-content-margin:--spacing(6)] @w-lg\/main:[--thread-content-margin:--spacing(16)] px-(--thread-content-margin)\">\n<div class=\"[--thread-content-max-width:40rem] @w-lg\/main:[--thread-content-max-width:48rem] mx-auto max-w-(--thread-content-max-width) flex-1 group\/turn-messages focus-visible:outline-hidden relative flex w-full min-w-0 flex-col agent-turn\" tabindex=\"-1\">\n<div class=\"flex max-w-full flex-col grow\">\n<div class=\"min-h-8 text-message relative flex w-full flex-col items-end gap-2 text-start break-words whitespace-normal [.text-message+&amp;]:mt-1\" dir=\"auto\" data-message-author-role=\"assistant\" data-message-id=\"c5c16ac5-b360-4bf0-8241-4a95934f3204\" data-message-model-slug=\"gpt-5-2\">\n<div class=\"flex w-full flex-col gap-1 empty:hidden first:pt-[1px]\">\n<div class=\"markdown prose dark:prose-invert w-full break-words dark markdown-new-styling\">\n<ul data-start=\"2235\" data-end=\"2443\" data-is-last-node=\"\" data-is-only-node=\"\">\n<li data-start=\"2235\" data-end=\"2258\">\n<p data-start=\"2237\" data-end=\"2258\">\ud83c\udfa8 Illustrator 2025<\/p>\n<\/li>\n<li data-start=\"2259\" data-end=\"2282\">\n<p data-start=\"2261\" data-end=\"2282\">\ud83d\udcc4 Acrobat Pro 2025<\/p>\n<\/li>\n<li data-start=\"2283\" data-end=\"2306\">\n<p data-start=\"2285\" data-end=\"2306\">\ud83d\udda5\ufe0f Windows 10 \/ 11<\/p>\n<\/li>\n<li data-start=\"2307\" data-end=\"2342\">\n<p data-start=\"2309\" data-end=\"2342\">\u270f\ufe0f Dise\u00f1o vectorial profesional<\/p>\n<\/li>\n<li data-start=\"2343\" data-end=\"2382\">\n<p data-start=\"2345\" data-end=\"2382\">\u270d\ufe0f Edici\u00f3n y firma avanzada de PDFs<\/p>\n<\/li>\n<li data-start=\"2383\" data-end=\"2422\">\n<p data-start=\"2385\" data-end=\"2422\">\ud83d\ude80 Soluci\u00f3n profesional todo en uno<\/p>\n<\/li>\n<li data-start=\"2423\" data-end=\"2443\" data-is-last-node=\"\">\n<p data-start=\"2425\" data-end=\"2443\" data-is-last-node=\"\">\ud83c\udf10 Entrega digital<\/p>\n<\/li>\n<\/ul>\n<\/div>\n<\/div>\n<\/div>\n<\/div>\n<div class=\"z-0 flex min-h-[46px] justify-start\"><\/div>\n<div class=\"mt-3 w-full empty:hidden\">\n<div class=\"text-center\"><\/div>\n<\/div>\n<\/div>\n<\/div>\n<\/article>\n<\/div>\n<div class=\"pointer-events-none h-px w-px absolute bottom-0\" aria-hidden=\"true\" data-edge=\"true\"><\/div>\n","protected":false},"featured_media":1756,"comment_status":"open","ping_status":"closed","template":"","meta":[],"product_brand":[],"product_cat":[34,35],"product_tag":[],"class_list":{"0":"post-2052","1":"product","2":"type-product","3":"status-publish","4":"has-post-thumbnail","6":"product_cat-grafico","7":"product_cat-ofertas-de-paquetes","9":"first","10":"instock","11":"sale","12":"shipping-taxable","13":"purchasable","14":"product-type-simple"},"_links":{"self":[{"href":"https:\/\/softsrl.mx\/es\/wp-json\/wp\/v2\/product\/2052","targetHints":{"allow":["GET"]}}],"collection":[{"href":"https:\/\/softsrl.mx\/es\/wp-json\/wp\/v2\/product"}],"about":[{"href":"https:\/\/softsrl.mx\/es\/wp-json\/wp\/v2\/types\/product"}],"replies":[{"embeddable":true,"href":"https:\/\/softsrl.mx\/es\/wp-json\/wp\/v2\/comments?post=2052"}],"wp:featuredmedia":[{"embeddable":true,"href":"https:\/\/softsrl.mx\/es\/wp-json\/wp\/v2\/media\/1756"}],"wp:attachment":[{"href":"https:\/\/softsrl.mx\/es\/wp-json\/wp\/v2\/media?parent=2052"}],"wp:term":[{"taxonomy":"product_brand","embeddable":true,"href":"https:\/\/softsrl.mx\/es\/wp-json\/wp\/v2\/product_brand?post=2052"},{"taxonomy":"product_cat","embeddable":true,"href":"https:\/\/softsrl.mx\/es\/wp-json\/wp\/v2\/product_cat?post=2052"},{"taxonomy":"product_tag","embeddable":true,"href":"https:\/\/softsrl.mx\/es\/wp-json\/wp\/v2\/product_tag?post=2052"}],"curies":[{"name":"wp","href":"https:\/\/api.w.org\/{rel}","templated":true}]}}