{"id":2055,"date":"2026-01-06T12:57:50","date_gmt":"2026-01-06T12:57:50","guid":{"rendered":"https:\/\/softsrl.mx\/?post_type=product&#038;p=2055"},"modified":"2026-03-30T15:02:51","modified_gmt":"2026-03-30T15:02:51","slug":"5x-premiere-pro-2022-i-windows","status":"publish","type":"product","link":"https:\/\/softsrl.mx\/es\/producto\/5x-premiere-pro-2022-i-windows\/","title":{"rendered":"5x Premiere Pro 2022 I Windows"},"content":{"rendered":"<h2 data-start=\"42\" data-end=\"114\">\ud83c\udfac <span class=\"hover:entity-accent entity-underline inline cursor-pointer align-baseline\"><span class=\"whitespace-normal\">Premiere Pro 2022<\/span><\/span> \u2014 <strong data-start=\"88\" data-end=\"114\">5\u00d7 Licencias | Windows<\/strong><\/h2>\n<p data-start=\"116\" data-end=\"482\"><strong data-start=\"116\" data-end=\"153\">5\u00d7 Premiere Pro 2022 para Windows<\/strong> es un <strong data-start=\"160\" data-end=\"190\">paquete de cinco licencias<\/strong> del software profesional de <strong data-start=\"219\" data-end=\"249\">edici\u00f3n de v\u00eddeo no lineal<\/strong>, ideal para <strong data-start=\"262\" data-end=\"369\">empresas, estudios audiovisuales, agencias de marketing, creadores de contenido y equipos de producci\u00f3n<\/strong> que necesitan trabajar en m\u00faltiples puestos con una herramienta estable y ampliamente utilizada en la industria.<\/p>\n<p data-start=\"484\" data-end=\"617\">Este producto permite editar, montar y exportar v\u00eddeos de alta calidad para cine, redes sociales, publicidad y contenido corporativo.<\/p>\n<hr data-start=\"619\" data-end=\"622\" \/>\n<h3 data-start=\"624\" data-end=\"642\">\ud83d\udce6 Qu\u00e9 incluye<\/h3>\n<ul data-start=\"643\" data-end=\"945\">\n<li data-start=\"643\" data-end=\"945\">\n<p data-start=\"645\" data-end=\"746\"><strong data-start=\"645\" data-end=\"691\">5 licencias de Premiere Pro 2022 (Windows)<\/strong><br data-start=\"691\" data-end=\"694\" \/>Software profesional de <strong data-start=\"720\" data-end=\"740\">edici\u00f3n de v\u00eddeo<\/strong> para:<\/p>\n<ul data-start=\"749\" data-end=\"945\">\n<li data-start=\"749\" data-end=\"788\">\n<p data-start=\"751\" data-end=\"788\">Montaje en l\u00ednea de tiempo avanzado<\/p>\n<\/li>\n<li data-start=\"791\" data-end=\"843\">\n<p data-start=\"793\" data-end=\"843\">Edici\u00f3n de v\u00eddeo para redes sociales y marketing<\/p>\n<\/li>\n<li data-start=\"846\" data-end=\"886\">\n<p data-start=\"848\" data-end=\"886\">Producci\u00f3n audiovisual y corporativa<\/p>\n<\/li>\n<li data-start=\"889\" data-end=\"945\">\n<p data-start=\"891\" data-end=\"945\">Compatibilidad con m\u00faltiples formatos y resoluciones<\/p>\n<\/li>\n<\/ul>\n<\/li>\n<\/ul>\n<p data-start=\"947\" data-end=\"1128\">Cada licencia est\u00e1 destinada a <strong data-start=\"978\" data-end=\"996\">uso individual<\/strong>, permitiendo su instalaci\u00f3n en varios equipos o su asignaci\u00f3n a distintos usuarios, seg\u00fan las condiciones de la licencia adquirida.<\/p>\n<hr data-start=\"1130\" data-end=\"1133\" \/>\n<h3 data-start=\"1135\" data-end=\"1170\">\ud83d\udda5\ufe0f Plataforma y compatibilidad<\/h3>\n<ul data-start=\"1171\" data-end=\"1398\">\n<li data-start=\"1171\" data-end=\"1221\">\n<p data-start=\"1173\" data-end=\"1221\"><strong data-start=\"1173\" data-end=\"1195\">Sistema operativo:<\/strong> Windows 10 \/ Windows 11<\/p>\n<\/li>\n<li data-start=\"1222\" data-end=\"1251\">\n<p data-start=\"1224\" data-end=\"1251\"><strong data-start=\"1224\" data-end=\"1241\">Arquitectura:<\/strong> 64 bits<\/p>\n<\/li>\n<li data-start=\"1252\" data-end=\"1281\">\n<p data-start=\"1254\" data-end=\"1281\"><strong data-start=\"1254\" data-end=\"1267\">Cantidad:<\/strong> 5 licencias<\/p>\n<\/li>\n<li data-start=\"1282\" data-end=\"1315\">\n<p data-start=\"1284\" data-end=\"1315\"><strong data-start=\"1284\" data-end=\"1305\">Tipo de licencia:<\/strong> Digital<\/p>\n<\/li>\n<li data-start=\"1316\" data-end=\"1352\">\n<p data-start=\"1318\" data-end=\"1352\"><strong data-start=\"1318\" data-end=\"1326\">Uso:<\/strong> Profesional y comercial<\/p>\n<\/li>\n<li data-start=\"1353\" data-end=\"1398\">\n<p data-start=\"1355\" data-end=\"1398\"><strong data-start=\"1355\" data-end=\"1367\">Entrega:<\/strong> Digital (descarga electr\u00f3nica)<\/p>\n<\/li>\n<\/ul>\n<hr data-start=\"1400\" data-end=\"1403\" \/>\n<h3 data-start=\"1405\" data-end=\"1438\">\u2699\ufe0f Caracter\u00edsticas destacadas<\/h3>\n<ul data-start=\"1439\" data-end=\"1728\">\n<li data-start=\"1439\" data-end=\"1501\">\n<p data-start=\"1441\" data-end=\"1501\">Edici\u00f3n de v\u00eddeo profesional con l\u00ednea de tiempo no lineal<\/p>\n<\/li>\n<li data-start=\"1502\" data-end=\"1547\">\n<p data-start=\"1504\" data-end=\"1547\">Soporte para proyectos en alta resoluci\u00f3n<\/p>\n<\/li>\n<li data-start=\"1548\" data-end=\"1607\">\n<p data-start=\"1550\" data-end=\"1607\">Herramientas precisas para corte, montaje y exportaci\u00f3n<\/p>\n<\/li>\n<li data-start=\"1608\" data-end=\"1665\">\n<p data-start=\"1610\" data-end=\"1665\">Flujo de trabajo eficiente para equipos de producci\u00f3n<\/p>\n<\/li>\n<li data-start=\"1666\" data-end=\"1728\">\n<p data-start=\"1668\" data-end=\"1728\">Ideal para contenido digital, publicidad y v\u00eddeo corporativo<\/p>\n<\/li>\n<\/ul>\n<hr data-start=\"1730\" data-end=\"1733\" \/>\n<h3 data-start=\"1735\" data-end=\"1759\">\u26a0\ufe0f Notas importantes<\/h3>\n<ul data-start=\"1760\" data-end=\"2015\">\n<li data-start=\"1760\" data-end=\"1799\">\n<p data-start=\"1762\" data-end=\"1799\">Exclusivo para <strong data-start=\"1777\" data-end=\"1797\">sistemas Windows<\/strong><\/p>\n<\/li>\n<li data-start=\"1800\" data-end=\"1857\">\n<p data-start=\"1802\" data-end=\"1857\">Producto <strong data-start=\"1811\" data-end=\"1828\">100 % digital<\/strong>, no incluye soporte f\u00edsico<\/p>\n<\/li>\n<li data-start=\"1858\" data-end=\"1933\">\n<p data-start=\"1860\" data-end=\"1933\">Se recomienda conexi\u00f3n a Internet para la instalaci\u00f3n y actualizaciones<\/p>\n<\/li>\n<li data-start=\"1934\" data-end=\"2015\">\n<p data-start=\"1936\" data-end=\"2015\">Cada licencia es v\u00e1lida para <strong data-start=\"1965\" data-end=\"1988\">un usuario o equipo<\/strong>, seg\u00fan el tipo de licencia<\/p>\n<\/li>\n<\/ul>\n<hr data-start=\"2017\" data-end=\"2020\" \/>\n<h3 data-start=\"2022\" data-end=\"2058\">\u2705 \u00bfPor qu\u00e9 elegir el paquete 5\u00d7?<\/h3>\n<p data-start=\"2059\" data-end=\"2236\">Es la opci\u00f3n perfecta para <strong data-start=\"2086\" data-end=\"2111\">equipos profesionales<\/strong>, ya que permite estandarizar el flujo de trabajo, mejorar la productividad y reducir costes frente a licencias individuales.<\/p>","protected":false},"excerpt":{"rendered":"<div class=\"flex flex-col text-sm pb-25\">\n<article class=\"text-token-text-primary w-full focus:outline-none [--shadow-height:45px] has-data-writing-block:pointer-events-none has-data-writing-block:-mt-(--shadow-height) has-data-writing-block:pt-(--shadow-height) [&amp;:has([data-writing-block])&gt;*]:pointer-events-auto scroll-mt-[calc(var(--header-height)+min(200px,max(70px,20svh)))]\" dir=\"auto\" tabindex=\"-1\" data-turn-id=\"request-695bfd8b-e514-832f-801b-599a527652a4-7\" data-testid=\"conversation-turn-60\" data-scroll-anchor=\"true\" data-turn=\"assistant\">\n<div class=\"text-base my-auto mx-auto pb-10 [--thread-content-margin:--spacing(4)] @w-sm\/main:[--thread-content-margin:--spacing(6)] @w-lg\/main:[--thread-content-margin:--spacing(16)] px-(--thread-content-margin)\">\n<div class=\"[--thread-content-max-width:40rem] @w-lg\/main:[--thread-content-max-width:48rem] mx-auto max-w-(--thread-content-max-width) flex-1 group\/turn-messages focus-visible:outline-hidden relative flex w-full min-w-0 flex-col agent-turn\" tabindex=\"-1\">\n<div class=\"flex max-w-full flex-col grow\">\n<div class=\"min-h-8 text-message relative flex w-full flex-col items-end gap-2 text-start break-words whitespace-normal [.text-message+&amp;]:mt-1\" dir=\"auto\" data-message-author-role=\"assistant\" data-message-id=\"944938bf-4412-4391-8bd8-b622a35279e3\" data-message-model-slug=\"gpt-5-2\">\n<div class=\"flex w-full flex-col gap-1 empty:hidden first:pt-[1px]\">\n<div class=\"markdown prose dark:prose-invert w-full break-words dark markdown-new-styling\">\n<ul data-start=\"2265\" data-end=\"2450\" data-is-last-node=\"\" data-is-only-node=\"\">\n<li data-start=\"2265\" data-end=\"2302\">\n<p data-start=\"2267\" data-end=\"2302\">\ud83c\udfac Premiere Pro 2022 para Windows<\/p>\n<\/li>\n<li data-start=\"2303\" data-end=\"2331\">\n<p data-start=\"2305\" data-end=\"2331\">\ud83d\udd22 5 licencias incluidas<\/p>\n<\/li>\n<li data-start=\"2332\" data-end=\"2355\">\n<p data-start=\"2334\" data-end=\"2355\">\ud83d\udda5\ufe0f Windows 10 \/ 11<\/p>\n<\/li>\n<li data-start=\"2356\" data-end=\"2392\">\n<p data-start=\"2358\" data-end=\"2392\">\ud83c\udf9e\ufe0f Edici\u00f3n de v\u00eddeo profesional<\/p>\n<\/li>\n<li data-start=\"2393\" data-end=\"2429\">\n<p data-start=\"2395\" data-end=\"2429\">\ud83d\udc65 Ideal para equipos y empresas<\/p>\n<\/li>\n<li data-start=\"2430\" data-end=\"2450\" data-is-last-node=\"\">\n<p data-start=\"2432\" data-end=\"2450\" data-is-last-node=\"\">\ud83c\udf10 Entrega digital<\/p>\n<\/li>\n<\/ul>\n<\/div>\n<\/div>\n<\/div>\n<\/div>\n<div class=\"z-0 flex min-h-[46px] justify-start\"><\/div>\n<div class=\"mt-3 w-full empty:hidden\">\n<div class=\"text-center\"><\/div>\n<\/div>\n<\/div>\n<\/div>\n<\/article>\n<\/div>\n<div class=\"pointer-events-none h-px w-px absolute bottom-0\" aria-hidden=\"true\" data-edge=\"true\"><\/div>\n","protected":false},"featured_media":1708,"comment_status":"open","ping_status":"closed","template":"","meta":[],"product_brand":[],"product_cat":[34,35],"product_tag":[],"class_list":{"0":"post-2055","1":"product","2":"type-product","3":"status-publish","4":"has-post-thumbnail","6":"product_cat-grafico","7":"product_cat-ofertas-de-paquetes","9":"first","10":"instock","11":"sale","12":"shipping-taxable","13":"purchasable","14":"product-type-simple"},"_links":{"self":[{"href":"https:\/\/softsrl.mx\/es\/wp-json\/wp\/v2\/product\/2055","targetHints":{"allow":["GET"]}}],"collection":[{"href":"https:\/\/softsrl.mx\/es\/wp-json\/wp\/v2\/product"}],"about":[{"href":"https:\/\/softsrl.mx\/es\/wp-json\/wp\/v2\/types\/product"}],"replies":[{"embeddable":true,"href":"https:\/\/softsrl.mx\/es\/wp-json\/wp\/v2\/comments?post=2055"}],"wp:featuredmedia":[{"embeddable":true,"href":"https:\/\/softsrl.mx\/es\/wp-json\/wp\/v2\/media\/1708"}],"wp:attachment":[{"href":"https:\/\/softsrl.mx\/es\/wp-json\/wp\/v2\/media?parent=2055"}],"wp:term":[{"taxonomy":"product_brand","embeddable":true,"href":"https:\/\/softsrl.mx\/es\/wp-json\/wp\/v2\/product_brand?post=2055"},{"taxonomy":"product_cat","embeddable":true,"href":"https:\/\/softsrl.mx\/es\/wp-json\/wp\/v2\/product_cat?post=2055"},{"taxonomy":"product_tag","embeddable":true,"href":"https:\/\/softsrl.mx\/es\/wp-json\/wp\/v2\/product_tag?post=2055"}],"curies":[{"name":"wp","href":"https:\/\/api.w.org\/{rel}","templated":true}]}}